{"id":7183,"date":"2021-11-24T07:45:27","date_gmt":"2021-11-24T07:45:27","guid":{"rendered":"https:\/\/testim-mallorca.com\/financiadores\/"},"modified":"2022-08-17T09:34:26","modified_gmt":"2022-08-17T09:34:26","slug":"patrocinadors","status":"publish","type":"page","link":"https:\/\/testim-mallorca.com\/ca\/patrocinadors\/","title":{"rendered":"Patrocinadors"},"content":{"rendered":"<section class=\"wpb-content-wrapper\">[vc_row content_placement=&#8221;middle&#8221;][vc_column width=&#8221;1\/4&#8243;][vc_single_image image=&#8221;7010&#8243; img_size=&#8221;full&#8221; alignment=&#8221;center&#8221;][\/vc_column][vc_column width=&#8221;3\/4&#8243;][vc_column_text]\n<p style=\"text-align: justify;\">Aquest projecte compta amb el suport de:<\/p>\n<p style=\"text-align: justify;\">ENAIRE, a trav\u00e9s dels seus programes de responsabilitat social corporativa per a la inserci\u00f3 de persones amb discapacitat ha col\u00b7laborat decisivament en la creaci\u00f3 dels llocs de treball generats al projecte T\u2019Estim.<\/p>\n<p style=\"text-align: justify;\">CaixaBank \u2013 Fundaci\u00f3 \u201dla Caixa\u201d ha ajudat a la posada en funcionament del projecte, col\u00b7laborant amb l&#8217;habilitaci\u00f3 de l&#8217;espai de producci\u00f3.<\/p>\n<p style=\"text-align: justify;\">Fogaiba ha col\u00b7laborat a trav\u00e9s de dos projectes: Projecte BIA per a l&#8217;estudi de consum i el mercat d&#8217;infusions i el finan\u00e7ament del projecte pilot de recerca per a l&#8217;elaboraci\u00f3 d\u2019aliments altament nutritius i noves formes de consum de plantes arom\u00e0tiques.<\/p>\n<p style=\"text-align: justify;\">La Direcci\u00f3 General de Treball, mitjan\u00e7ant els ajuts per projectes generadors, ha col\u00b7laborat en l&#8217;adquisici\u00f3 de maquin\u00e0ria per al tractament de les plantes arom\u00e0tiques.<\/p>\n[\/vc_column_text][\/vc_column][\/vc_row][vc_row][vc_column][vc_empty_space height=&#8221;72px&#8221;][\/vc_column][\/vc_row][vc_row content_placement=&#8221;middle&#8221;][vc_column width=&#8221;1\/5&#8243;][vc_single_image image=&#8221;6851&#8243; img_size=&#8221;full&#8221; alignment=&#8221;center&#8221;][\/vc_column][vc_column width=&#8221;1\/5&#8243;][vc_single_image image=&#8221;6852&#8243; img_size=&#8221;full&#8221; alignment=&#8221;center&#8221;][\/vc_column][vc_column width=&#8221;1\/5&#8243;][vc_single_image image=&#8221;6853&#8243; img_size=&#8221;full&#8221; alignment=&#8221;center&#8221;][\/vc_column][vc_column width=&#8221;1\/5&#8243;][vc_single_image image=&#8221;6855&#8243; img_size=&#8221;full&#8221; alignment=&#8221;center&#8221;][\/vc_column][vc_column width=&#8221;1\/5&#8243;][vc_single_image image=&#8221;6854&#8243; img_size=&#8221;full&#8221; alignment=&#8221;center&#8221;][\/vc_column][\/vc_row]\n<\/section>","protected":false},"excerpt":{"rendered":"<p>[vc_row content_placement=&#8221;middle&#8221;][vc_column width=&#8221;1\/4&#8243;][vc_single_image image=&#8221;7010&#8243; img_size=&#8221;full&#8221; alignment=&#8221;center&#8221;][\/vc_column][vc_column width=&#8221;3\/4&#8243;][vc_column_text] Aquest projecte compta amb el suport de: ENAIRE, a trav\u00e9s dels seus programes de responsabilitat social corporativa per a la inserci\u00f3 de persones amb discapacitat ha col\u00b7laborat decisivament en la creaci\u00f3 dels llocs de treball generats al projecte T\u2019Estim. CaixaBank \u2013 Fundaci\u00f3 \u201dla Caixa\u201d ha ajudat a la posada en funcionament del projecte, col\u00b7laborant amb l&#8217;habilitaci\u00f3 de l&#8217;espai de producci\u00f3. Fogaiba ha col\u00b7laborat a trav\u00e9s de dos projectes: Projecte BIA per a l&#8217;estudi de consum i el mercat d&#8217;infusions i el finan\u00e7ament del projecte pilot de recerca per a l&#8217;elaboraci\u00f3 d\u2019aliments altament nutritius i noves formes de consum de plantes arom\u00e0tiques. La Direcci\u00f3 General de Treball, mitjan\u00e7ant els ajuts per projectes generadors, ha col\u00b7laborat en l&#8217;adquisici\u00f3 de maquin\u00e0ria per al tractament de les plantes arom\u00e0tiques. [\/vc_column_text][\/vc_column][\/vc_row][vc_row][vc_column][vc_empty_space height=&#8221;72px&#8221;][\/vc_column][\/vc_row][vc_row content_placement=&#8221;middle&#8221;][vc_column width=&#8221;1\/5&#8243;][vc_single_image image=&#8221;6851&#8243; img_size=&#8221;full&#8221; alignment=&#8221;center&#8221;][\/vc_column][vc_column width=&#8221;1\/5&#8243;][vc_single_image image=&#8221;6852&#8243; img_size=&#8221;full&#8221; alignment=&#8221;center&#8221;][\/vc_column][vc_column width=&#8221;1\/5&#8243;][vc_single_image image=&#8221;6853&#8243; img_size=&#8221;full&#8221; alignment=&#8221;center&#8221;][\/vc_column][vc_column width=&#8221;1\/5&#8243;][vc_single_image image=&#8221;6855&#8243; img_size=&#8221;full&#8221; alignment=&#8221;center&#8221;][\/vc_column][vc_column width=&#8221;1\/5&#8243;][vc_single_image image=&#8221;6854&#8243; img_size=&#8221;full&#8221; alignment=&#8221;center&#8221;][\/vc_column][\/vc_row]<\/p>\n","protected":false},"author":1,"featured_media":7700,"parent":0,"menu_order":0,"comment_status":"closed","ping_status":"closed","template":"","meta":{"_monsterinsights_skip_tracking":false,"_monsterinsights_sitenote_active":false,"_monsterinsights_sitenote_note":"","_monsterinsights_sitenote_category":0,"footnotes":""},"class_list":["post-7183","page","type-page","status-publish","has-post-thumbnail","hentry"],"yoast_head":"<!-- This site is optimized with the Yoast SEO plugin v23.3 - https:\/\/yoast.com\/wordpress\/plugins\/seo\/ -->\n<title>Patrocinadors - T&#039;Estim<\/title>\n<meta name=\"description\" content=\"Aquest projecte compta amb el suport de: ENAIRE, a trav\u00e9s dels programes de responsabilitat social corporativa. CaixaBank \u2013 Fundaci\u00f3 \u201dla Caixa\u201d ha ajudat a la posada en funcionament del projecte. Fogaiba ha col\u00b7laborat a trav\u00e9s de dos projectes: Projecte BIA per a l&#039;estudi de consum i el mercat d&#039;infusions i el finan\u00e7ament del projecte pilot. La Direcci\u00f3 General de Treball, a trav\u00e9s de les ajudes per projectes generadors, ha col\u00b7laborat en ladquisici\u00f3 de maquin\u00e0ria per al tractament de les plantes arom\u00e0tiques.\" \/>\n<meta name=\"robots\" content=\"index, follow, max-snippet:-1, max-image-preview:large, max-video-preview:-1\" \/>\n<link rel=\"canonical\" href=\"https:\/\/testim-mallorca.com\/patrocinadores\/\" \/>\n<meta property=\"og:locale\" content=\"ca_ES\" \/>\n<meta property=\"og:type\" content=\"article\" \/>\n<meta property=\"og:title\" content=\"Patrocinadors - T&#039;Estim\" \/>\n<meta property=\"og:description\" content=\"Aquest projecte compta amb el suport de: ENAIRE, a trav\u00e9s dels programes de responsabilitat social corporativa. CaixaBank \u2013 Fundaci\u00f3 \u201dla Caixa\u201d ha ajudat a la posada en funcionament del projecte. Fogaiba ha col\u00b7laborat a trav\u00e9s de dos projectes: Projecte BIA per a l&#039;estudi de consum i el mercat d&#039;infusions i el finan\u00e7ament del projecte pilot. La Direcci\u00f3 General de Treball, a trav\u00e9s de les ajudes per projectes generadors, ha col\u00b7laborat en ladquisici\u00f3 de maquin\u00e0ria per al tractament de les plantes arom\u00e0tiques.\" \/>\n<meta property=\"og:url\" content=\"https:\/\/testim-mallorca.com\/patrocinadores\/\" \/>\n<meta property=\"og:site_name\" content=\"T&#039;Estim\" \/>\n<meta property=\"article:publisher\" content=\"https:\/\/www.facebook.com\/testimmallorca\/\" \/>\n<meta property=\"article:modified_time\" content=\"2022-08-17T09:34:26+00:00\" \/>\n<meta property=\"og:image\" content=\"https:\/\/testim-mallorca.com\/wp-content\/uploads\/2021\/11\/testim-infusiones-de-mallorca-te-de-rooibos-hierbas-estell-de-llevant-financiar.jpg\" \/>\n\t<meta property=\"og:image:width\" content=\"1965\" \/>\n\t<meta property=\"og:image:height\" content=\"1080\" \/>\n\t<meta property=\"og:image:type\" content=\"image\/jpeg\" \/>\n<meta name=\"twitter:card\" content=\"summary_large_image\" \/>\n<meta name=\"twitter:site\" content=\"@testim_mallorca\" \/>\n<meta name=\"twitter:label1\" content=\"Temps estimat de lectura\" \/>\n\t<meta name=\"twitter:data1\" content=\"1 minut\" \/>\n<script type=\"application\/ld+json\" class=\"yoast-schema-graph\">{\"@context\":\"https:\/\/schema.org\",\"@graph\":[{\"@type\":\"WebPage\",\"@id\":\"https:\/\/testim-mallorca.com\/patrocinadores\/\",\"url\":\"https:\/\/testim-mallorca.com\/patrocinadores\/\",\"name\":\"Patrocinadors - T&#039;Estim\",\"isPartOf\":{\"@id\":\"https:\/\/testim-mallorca.com\/#website\"},\"primaryImageOfPage\":{\"@id\":\"https:\/\/testim-mallorca.com\/patrocinadores\/#primaryimage\"},\"image\":{\"@id\":\"https:\/\/testim-mallorca.com\/patrocinadores\/#primaryimage\"},\"thumbnailUrl\":\"https:\/\/testim-mallorca.com\/wp-content\/uploads\/2021\/11\/testim-infusiones-de-mallorca-te-de-rooibos-hierbas-estell-de-llevant-financiar.jpg\",\"datePublished\":\"2021-11-24T07:45:27+00:00\",\"dateModified\":\"2022-08-17T09:34:26+00:00\",\"description\":\"Aquest projecte compta amb el suport de: ENAIRE, a trav\u00e9s dels programes de responsabilitat social corporativa. CaixaBank \u2013 Fundaci\u00f3 \u201dla Caixa\u201d ha ajudat a la posada en funcionament del projecte. Fogaiba ha col\u00b7laborat a trav\u00e9s de dos projectes: Projecte BIA per a l'estudi de consum i el mercat d'infusions i el finan\u00e7ament del projecte pilot. La Direcci\u00f3 General de Treball, a trav\u00e9s de les ajudes per projectes generadors, ha col\u00b7laborat en ladquisici\u00f3 de maquin\u00e0ria per al tractament de les plantes arom\u00e0tiques.\",\"breadcrumb\":{\"@id\":\"https:\/\/testim-mallorca.com\/patrocinadores\/#breadcrumb\"},\"inLanguage\":\"ca\",\"potentialAction\":[{\"@type\":\"ReadAction\",\"target\":[\"https:\/\/testim-mallorca.com\/patrocinadores\/\"]}]},{\"@type\":\"ImageObject\",\"inLanguage\":\"ca\",\"@id\":\"https:\/\/testim-mallorca.com\/patrocinadores\/#primaryimage\",\"url\":\"https:\/\/testim-mallorca.com\/wp-content\/uploads\/2021\/11\/testim-infusiones-de-mallorca-te-de-rooibos-hierbas-estell-de-llevant-financiar.jpg\",\"contentUrl\":\"https:\/\/testim-mallorca.com\/wp-content\/uploads\/2021\/11\/testim-infusiones-de-mallorca-te-de-rooibos-hierbas-estell-de-llevant-financiar.jpg\",\"width\":1965,\"height\":1080},{\"@type\":\"BreadcrumbList\",\"@id\":\"https:\/\/testim-mallorca.com\/patrocinadores\/#breadcrumb\",\"itemListElement\":[{\"@type\":\"ListItem\",\"position\":1,\"name\":\"Portada\",\"item\":\"https:\/\/testim-mallorca.com\/ca\/\"},{\"@type\":\"ListItem\",\"position\":2,\"name\":\"Patrocinadors\"}]},{\"@type\":\"WebSite\",\"@id\":\"https:\/\/testim-mallorca.com\/#website\",\"url\":\"https:\/\/testim-mallorca.com\/\",\"name\":\"T&#039;Estim\",\"description\":\"Infusions i tes ecol\u00f2gics de Mallorca\",\"publisher\":{\"@id\":\"https:\/\/testim-mallorca.com\/#organization\"},\"potentialAction\":[{\"@type\":\"SearchAction\",\"target\":{\"@type\":\"EntryPoint\",\"urlTemplate\":\"https:\/\/testim-mallorca.com\/?s={search_term_string}\"},\"query-input\":\"required name=search_term_string\"}],\"inLanguage\":\"ca\"},{\"@type\":\"Organization\",\"@id\":\"https:\/\/testim-mallorca.com\/#organization\",\"name\":\"T'Estim Mallorca\",\"url\":\"https:\/\/testim-mallorca.com\/\",\"logo\":{\"@type\":\"ImageObject\",\"inLanguage\":\"ca\",\"@id\":\"https:\/\/testim-mallorca.com\/#\/schema\/logo\/image\/\",\"url\":\"https:\/\/testim-mallorca.com\/wp-content\/uploads\/2022\/06\/Logo-testim-web-new.png\",\"contentUrl\":\"https:\/\/testim-mallorca.com\/wp-content\/uploads\/2022\/06\/Logo-testim-web-new.png\",\"width\":500,\"height\":173,\"caption\":\"T'Estim Mallorca\"},\"image\":{\"@id\":\"https:\/\/testim-mallorca.com\/#\/schema\/logo\/image\/\"},\"sameAs\":[\"https:\/\/www.facebook.com\/testimmallorca\/\",\"https:\/\/x.com\/testim_mallorca\",\"https:\/\/www.instagram.com\/testim_mallorca_\/\",\"https:\/\/www.linkedin.com\/company\/testim-mallorca\/about\/\"]}]}<\/script>\n<!-- \/ Yoast SEO plugin. -->","yoast_head_json":{"title":"Patrocinadors - T&#039;Estim","description":"Aquest projecte compta amb el suport de: ENAIRE, a trav\u00e9s dels programes de responsabilitat social corporativa. CaixaBank \u2013 Fundaci\u00f3 \u201dla Caixa\u201d ha ajudat a la posada en funcionament del projecte. Fogaiba ha col\u00b7laborat a trav\u00e9s de dos projectes: Projecte BIA per a l'estudi de consum i el mercat d'infusions i el finan\u00e7ament del projecte pilot. La Direcci\u00f3 General de Treball, a trav\u00e9s de les ajudes per projectes generadors, ha col\u00b7laborat en ladquisici\u00f3 de maquin\u00e0ria per al tractament de les plantes arom\u00e0tiques.","robots":{"index":"index","follow":"follow","max-snippet":"max-snippet:-1","max-image-preview":"max-image-preview:large","max-video-preview":"max-video-preview:-1"},"canonical":"https:\/\/testim-mallorca.com\/patrocinadores\/","og_locale":"ca_ES","og_type":"article","og_title":"Patrocinadors - T&#039;Estim","og_description":"Aquest projecte compta amb el suport de: ENAIRE, a trav\u00e9s dels programes de responsabilitat social corporativa. CaixaBank \u2013 Fundaci\u00f3 \u201dla Caixa\u201d ha ajudat a la posada en funcionament del projecte. Fogaiba ha col\u00b7laborat a trav\u00e9s de dos projectes: Projecte BIA per a l'estudi de consum i el mercat d'infusions i el finan\u00e7ament del projecte pilot. La Direcci\u00f3 General de Treball, a trav\u00e9s de les ajudes per projectes generadors, ha col\u00b7laborat en ladquisici\u00f3 de maquin\u00e0ria per al tractament de les plantes arom\u00e0tiques.","og_url":"https:\/\/testim-mallorca.com\/patrocinadores\/","og_site_name":"T&#039;Estim","article_publisher":"https:\/\/www.facebook.com\/testimmallorca\/","article_modified_time":"2022-08-17T09:34:26+00:00","og_image":[{"width":1965,"height":1080,"url":"https:\/\/testim-mallorca.com\/wp-content\/uploads\/2021\/11\/testim-infusiones-de-mallorca-te-de-rooibos-hierbas-estell-de-llevant-financiar.jpg","type":"image\/jpeg"}],"twitter_card":"summary_large_image","twitter_site":"@testim_mallorca","twitter_misc":{"Temps estimat de lectura":"1 minut"},"schema":{"@context":"https:\/\/schema.org","@graph":[{"@type":"WebPage","@id":"https:\/\/testim-mallorca.com\/patrocinadores\/","url":"https:\/\/testim-mallorca.com\/patrocinadores\/","name":"Patrocinadors - T&#039;Estim","isPartOf":{"@id":"https:\/\/testim-mallorca.com\/#website"},"primaryImageOfPage":{"@id":"https:\/\/testim-mallorca.com\/patrocinadores\/#primaryimage"},"image":{"@id":"https:\/\/testim-mallorca.com\/patrocinadores\/#primaryimage"},"thumbnailUrl":"https:\/\/testim-mallorca.com\/wp-content\/uploads\/2021\/11\/testim-infusiones-de-mallorca-te-de-rooibos-hierbas-estell-de-llevant-financiar.jpg","datePublished":"2021-11-24T07:45:27+00:00","dateModified":"2022-08-17T09:34:26+00:00","description":"Aquest projecte compta amb el suport de: ENAIRE, a trav\u00e9s dels programes de responsabilitat social corporativa. CaixaBank \u2013 Fundaci\u00f3 \u201dla Caixa\u201d ha ajudat a la posada en funcionament del projecte. Fogaiba ha col\u00b7laborat a trav\u00e9s de dos projectes: Projecte BIA per a l'estudi de consum i el mercat d'infusions i el finan\u00e7ament del projecte pilot. La Direcci\u00f3 General de Treball, a trav\u00e9s de les ajudes per projectes generadors, ha col\u00b7laborat en ladquisici\u00f3 de maquin\u00e0ria per al tractament de les plantes arom\u00e0tiques.","breadcrumb":{"@id":"https:\/\/testim-mallorca.com\/patrocinadores\/#breadcrumb"},"inLanguage":"ca","potentialAction":[{"@type":"ReadAction","target":["https:\/\/testim-mallorca.com\/patrocinadores\/"]}]},{"@type":"ImageObject","inLanguage":"ca","@id":"https:\/\/testim-mallorca.com\/patrocinadores\/#primaryimage","url":"https:\/\/testim-mallorca.com\/wp-content\/uploads\/2021\/11\/testim-infusiones-de-mallorca-te-de-rooibos-hierbas-estell-de-llevant-financiar.jpg","contentUrl":"https:\/\/testim-mallorca.com\/wp-content\/uploads\/2021\/11\/testim-infusiones-de-mallorca-te-de-rooibos-hierbas-estell-de-llevant-financiar.jpg","width":1965,"height":1080},{"@type":"BreadcrumbList","@id":"https:\/\/testim-mallorca.com\/patrocinadores\/#breadcrumb","itemListElement":[{"@type":"ListItem","position":1,"name":"Portada","item":"https:\/\/testim-mallorca.com\/ca\/"},{"@type":"ListItem","position":2,"name":"Patrocinadors"}]},{"@type":"WebSite","@id":"https:\/\/testim-mallorca.com\/#website","url":"https:\/\/testim-mallorca.com\/","name":"T&#039;Estim","description":"Infusions i tes ecol\u00f2gics de Mallorca","publisher":{"@id":"https:\/\/testim-mallorca.com\/#organization"},"potentialAction":[{"@type":"SearchAction","target":{"@type":"EntryPoint","urlTemplate":"https:\/\/testim-mallorca.com\/?s={search_term_string}"},"query-input":"required name=search_term_string"}],"inLanguage":"ca"},{"@type":"Organization","@id":"https:\/\/testim-mallorca.com\/#organization","name":"T'Estim Mallorca","url":"https:\/\/testim-mallorca.com\/","logo":{"@type":"ImageObject","inLanguage":"ca","@id":"https:\/\/testim-mallorca.com\/#\/schema\/logo\/image\/","url":"https:\/\/testim-mallorca.com\/wp-content\/uploads\/2022\/06\/Logo-testim-web-new.png","contentUrl":"https:\/\/testim-mallorca.com\/wp-content\/uploads\/2022\/06\/Logo-testim-web-new.png","width":500,"height":173,"caption":"T'Estim Mallorca"},"image":{"@id":"https:\/\/testim-mallorca.com\/#\/schema\/logo\/image\/"},"sameAs":["https:\/\/www.facebook.com\/testimmallorca\/","https:\/\/x.com\/testim_mallorca","https:\/\/www.instagram.com\/testim_mallorca_\/","https:\/\/www.linkedin.com\/company\/testim-mallorca\/about\/"]}]}},"_links":{"self":[{"href":"https:\/\/testim-mallorca.com\/ca\/wp-json\/wp\/v2\/pages\/7183"}],"collection":[{"href":"https:\/\/testim-mallorca.com\/ca\/wp-json\/wp\/v2\/pages"}],"about":[{"href":"https:\/\/testim-mallorca.com\/ca\/wp-json\/wp\/v2\/types\/page"}],"author":[{"embeddable":true,"href":"https:\/\/testim-mallorca.com\/ca\/wp-json\/wp\/v2\/users\/1"}],"replies":[{"embeddable":true,"href":"https:\/\/testim-mallorca.com\/ca\/wp-json\/wp\/v2\/comments?post=7183"}],"version-history":[{"count":2,"href":"https:\/\/testim-mallorca.com\/ca\/wp-json\/wp\/v2\/pages\/7183\/revisions"}],"predecessor-version":[{"id":8133,"href":"https:\/\/testim-mallorca.com\/ca\/wp-json\/wp\/v2\/pages\/7183\/revisions\/8133"}],"wp:featuredmedia":[{"embeddable":true,"href":"https:\/\/testim-mallorca.com\/ca\/wp-json\/wp\/v2\/media\/7700"}],"wp:attachment":[{"href":"https:\/\/testim-mallorca.com\/ca\/wp-json\/wp\/v2\/media?parent=7183"}],"curies":[{"name":"wp","href":"https:\/\/api.w.org\/{rel}","templated":true}]}}