{"id":7199,"date":"2018-12-24T07:29:40","date_gmt":"2018-12-24T07:29:40","guid":{"rendered":"https:\/\/testim-mallorca.com\/infusiones-ecologicas-mallorca\/"},"modified":"2022-09-20T08:41:07","modified_gmt":"2022-09-20T08:41:07","slug":"infusiones-ecologicas-mallorca","status":"publish","type":"page","link":"https:\/\/testim-mallorca.com\/ca\/infusiones-ecologicas-mallorca\/","title":{"rendered":"Infusions ecol\u00f2giques de Mallorca"},"content":{"rendered":"<section class=\"wpb-content-wrapper\">[vc_row gap=&#8221;35&#8243;][vc_column]<div class=\"cws_spacing cws_spacing_size_sm_desctop-on cws_spacing_tablet-on cws_spacing_mobile-on\"><div class=\"cws_spacing cws_spacing_default\" style=\"height:20px;\"><\/div> <div class=\"cws_spacing cws_spacing_size_sm_desctop\" style=\"height:60px;\"><\/div> <div class=\"cws_spacing cws_spacing_tablet\" style=\"height:30px;\"><\/div> <div class=\"cws_spacing cws_spacing_mobile\" style=\"height:30px;\"><\/div><\/div>[vc_column_text]\n<h2 style=\"text-align: center;\">Infusions i tes ecol\u00f2gics<br \/>\nUn projecte amb responsabilitat social des de Mallorca<\/h2>\n<p style=\"text-align: justify;\">T\u2019<span style=\"color: fe0202;\">Estim<\/span> \u00e9s un projecte que neix amb la missi\u00f3 de conscienciar, a trav\u00e9s del te i les infusions ecol\u00f2giques conrades i elaborades a Mallorca, de la import\u00e0ncia de voler i cuidar la nostra salut mental i acabar, aix\u00ed, amb tots els estigmes que existeixen entorn de la malaltia mental.<\/p>\n[\/vc_column_text][\/vc_column][\/vc_row][vc_row][vc_column width=&#8221;1\/3&#8243;]<div class='cws_textmodule cws_vc_shortcode_module' id='cws_textmodule_69fcc08ad2182'><div class='cws_textmodule_wrapper icon_pos_above'><div class='cws_textmodule_text text_align_center'><div class='cws_textmodule_titles'><div class='cws_textmodule_aside'><\/div><\/div><div class='cws_textmodule_content'><div class='text_content_wrapper'><h3 style=\"text-align: center;\">Missi\u00f3<\/h3>\n<p style=\"text-align: center;\">&#8216;Convertir l&#8217;estigma de la malaltia mental en estima per la nostra salut mental.\u201d<\/p>\n<\/div><\/div><\/div><\/div><\/div>[vc_empty_space][\/vc_column][vc_column width=&#8221;1\/3&#8243;]<div class='cws_textmodule cws_vc_shortcode_module' id='cws_textmodule_69fcc08ad2346'><div class='cws_textmodule_wrapper icon_pos_above'><div class='cws_textmodule_text text_align_center'><div class='cws_textmodule_titles'><div class='cws_textmodule_aside'><\/div><\/div><div class='cws_textmodule_content'><div class='text_content_wrapper'><h3 style=\"text-align: center;\">Visi\u00f3<\/h3>\n<p style=\"text-align: center;\">\u201cUna societat lliure d&#8217;estigmes, on el benestar mental sigui un pilar b\u00e0sic i fonamental.\u201d<\/p>\n<\/div><\/div><\/div><\/div><\/div>[vc_empty_space][\/vc_column][vc_column width=&#8221;1\/3&#8243;]<div class='cws_textmodule cws_vc_shortcode_module' id='cws_textmodule_69fcc08ad24f2'><div class='cws_textmodule_wrapper icon_pos_above'><div class='cws_textmodule_text text_align_center'><div class='cws_textmodule_titles'><div class='cws_textmodule_aside'><\/div><\/div><div class='cws_textmodule_content'><div class='text_content_wrapper'><h3 style=\"text-align: center;\">Valors<\/h3>\n<p style=\"text-align: center;\">&#8216;Amor\/Estima, comprom\u00eds, transformaci\u00f3, il\u00b7lusi\u00f3, companyerisme, sostenibilitat i qualitat.&#8217;<\/p>\n<\/div><\/div><\/div><\/div><\/div>[vc_empty_space][\/vc_column][\/vc_row][vc_row gap=&#8221;30&#8243;][vc_column width=&#8221;1\/2&#8243;]<div class=\"cws_spacing cws_spacing_size_sm_desctop-on cws_spacing_tablet-on cws_spacing_mobile-on\"><div class=\"cws_spacing cws_spacing_default\" style=\"height:35px;\"><\/div> <div class=\"cws_spacing cws_spacing_size_sm_desctop\" style=\"height:20px;\"><\/div> <div class=\"cws_spacing cws_spacing_tablet\" style=\"height:30px;\"><\/div> <div class=\"cws_spacing cws_spacing_mobile\" style=\"height:30px;\"><\/div><\/div>[vc_single_image image=&#8221;6621&#8243; img_size=&#8221;full&#8221;]<div class=\"cws_spacing cws_spacing_size_sm_desctop-on cws_spacing_tablet-on cws_spacing_mobile-on\"><div class=\"cws_spacing cws_spacing_default\" style=\"height:20px;\"><\/div> <div class=\"cws_spacing cws_spacing_size_sm_desctop\" style=\"height:20px;\"><\/div> <div class=\"cws_spacing cws_spacing_tablet\" style=\"height:30px;\"><\/div> <div class=\"cws_spacing cws_spacing_mobile\" style=\"height:30px;\"><\/div><\/div>[vc_single_image image=&#8221;6644&#8243; img_size=&#8221;full&#8221;][\/vc_column][vc_column width=&#8221;1\/2&#8243;]<div class='cws_textmodule cws_vc_shortcode_module' id='cws_textmodule_69fcc08ad2739'><div class='cws_textmodule_wrapper icon_pos_above'><div class='cws_textmodule_text text_align_center'><div class='cws_textmodule_titles'><div class='cws_textmodule_aside'><\/div><\/div><div class='cws_textmodule_content'><div class='text_content_wrapper'><p style=\"text-align: justify;\">Des de\u00a0<span style=\"color: fe0202;\">Estel<\/span>\u00a0de\u00a0<span style=\"color: fe0202;\">Llevant<\/span> hem impulsat el projecte T\u2019<span style=\"color: fe0202;\">Estim<\/span> perqu\u00e8 creim que ara \u00e9s el nostre moment per a:<\/p>\n<p style=\"text-align: justify;\">&#8211; <span style=\"color: #81b4bf;\"><strong>Voler i cuidar la nostra salut mental.<\/strong><\/span> Les propietats que tenen les nostres infusions i tes ecol\u00f2gics ens ajuden a sentir-mos millor.<\/p>\n<p style=\"text-align: justify;\">&#8211; <strong><span style=\"color: #81b4bf;\">Voler i protegir el nostre entorn<\/span><\/strong> perqu\u00e8 consumim infusions i tes ecol\u00f2gics elaborats a Mallorca.<\/p>\n<p style=\"text-align: justify;\">&#8211; <strong><span style=\"color: #81b4bf;\">Voler i ajudar els altres.<\/span><\/strong> Cada glop de T\u2019<span style=\"color: fe0202;\">Estim\u00a0contribueix<\/span> a la inserci\u00f3 laboral i a la millora de la qualitat de vida de persones amb trastorn mental.<\/p>\n<p style=\"text-align: justify;\">T\u2019<span style=\"color: fe0202;\">Estim\u00a0\u00e9s<\/span> un projecte que crea llocs de feina per a persones amb trastorn mental, tamb\u00e9 es vincula a projectes formatius en jardineria, agricultura i <span style=\"color: fe0202;\">viver\u00edstica<\/span>. M\u00e9s de vint persones amb discapacitat per salut mental fan feina o es formen gr\u00e0cies a aquest projecte d&#8217;infusions i tes ecol\u00f2gics. Aix\u00ed mantenim la nostra responsabilitat social i promovem la salut mental a Mallorca.<\/p>\n<p style=\"text-align: justify;\">Cada infusi\u00f3, cada te, cada\u00a0<span style=\"color: fe0202;\">blend<\/span>\u00a0de <span style=\"color: #81b4bf;\"><strong>T\u2019<span style=\"color: fe0202;\">Estim<\/span>\u00a0\u00e9s una oportunitat laboral i de vida<\/strong><\/span> per a les persones amb trastorn mental de Mallorca, al mateix temps que delecten els sentits m\u00e9s exquisits.<\/p>\n<\/div><\/div><\/div><\/div><\/div>[\/vc_column][\/vc_row][vc_row][vc_column]<div class=\"cws_spacing\"><div class=\"cws_spacing cws_spacing_default\" style=\"height:80px;\"><\/div><\/div>[\/vc_column][\/vc_row][vc_row][vc_column][vc_video link=&#8221;https:\/\/www.youtube.com\/watch?v=ubrRbT85EyU&#8221;][\/vc_column][\/vc_row]\n<\/section>","protected":false},"excerpt":{"rendered":"<p>[vc_row gap=&#8221;35&#8243;][vc_column][vc_column_text] Infusions i tes ecol\u00f2gics Un projecte amb responsabilitat social des de Mallorca T\u2019Estim \u00e9s un projecte que neix amb la missi\u00f3 de conscienciar, a trav\u00e9s del te i les infusions ecol\u00f2giques conrades i elaborades a Mallorca, de la import\u00e0ncia de voler i cuidar la nostra salut mental i acabar, aix\u00ed, amb tots els estigmes que existeixen entorn de la malaltia mental. [\/vc_column_text][\/vc_column][\/vc_row][vc_row][vc_column width=&#8221;1\/3&#8243;][vc_empty_space][\/vc_column][vc_column width=&#8221;1\/3&#8243;][vc_empty_space][\/vc_column][vc_column width=&#8221;1\/3&#8243;][vc_empty_space][\/vc_column][\/vc_row][vc_row gap=&#8221;30&#8243;][vc_column width=&#8221;1\/2&#8243;][vc_single_image image=&#8221;6621&#8243; img_size=&#8221;full&#8221;][vc_single_image image=&#8221;6644&#8243; img_size=&#8221;full&#8221;][\/vc_column][vc_column width=&#8221;1\/2&#8243;][\/vc_column][\/vc_row][vc_row][vc_column][\/vc_column][\/vc_row][vc_row][vc_column][vc_video link=&#8221;https:\/\/www.youtube.com\/watch?v=ubrRbT85EyU&#8221;][\/vc_column][\/vc_row]<\/p>\n","protected":false},"author":1,"featured_media":7550,"parent":0,"menu_order":0,"comment_status":"closed","ping_status":"closed","template":"","meta":{"_monsterinsights_skip_tracking":false,"_monsterinsights_sitenote_active":false,"_monsterinsights_sitenote_note":"","_monsterinsights_sitenote_category":0,"footnotes":""},"class_list":["post-7199","page","type-page","status-publish","has-post-thumbnail","hentry"],"yoast_head":"<!-- This site is optimized with the Yoast SEO plugin v23.3 - https:\/\/yoast.com\/wordpress\/plugins\/seo\/ -->\n<title>Infusions ecol\u00f2giques de Mallorca - T&#039;Estim<\/title>\n<meta name=\"description\" content=\"Un projecte amb responsabilitat social des de Mallorca. T\u2019Estim \u00e9s un projecte que neix amb la missi\u00f3 de conscienciar, a trav\u00e9s del te i les infusions ecol\u00f2giques conrades i elaborades a Mallorca, de la import\u00e0ncia de voler i cuidar la nostra salut mental i acabar, aix\u00ed, amb tots els estigmes que existeixen entorn de la malaltia mental.\" \/>\n<meta name=\"robots\" content=\"index, follow, max-snippet:-1, max-image-preview:large, max-video-preview:-1\" \/>\n<link rel=\"canonical\" href=\"https:\/\/testim-mallorca.com\/infusiones-ecologicas-mallorca\/\" \/>\n<meta property=\"og:locale\" content=\"ca_ES\" \/>\n<meta property=\"og:type\" content=\"article\" \/>\n<meta property=\"og:title\" content=\"Infusions ecol\u00f2giques de Mallorca - T&#039;Estim\" \/>\n<meta property=\"og:description\" content=\"Un projecte amb responsabilitat social des de Mallorca. T\u2019Estim \u00e9s un projecte que neix amb la missi\u00f3 de conscienciar, a trav\u00e9s del te i les infusions ecol\u00f2giques conrades i elaborades a Mallorca, de la import\u00e0ncia de voler i cuidar la nostra salut mental i acabar, aix\u00ed, amb tots els estigmes que existeixen entorn de la malaltia mental.\" \/>\n<meta property=\"og:url\" content=\"https:\/\/testim-mallorca.com\/infusiones-ecologicas-mallorca\/\" \/>\n<meta property=\"og:site_name\" content=\"T&#039;Estim\" \/>\n<meta property=\"article:publisher\" content=\"https:\/\/www.facebook.com\/testimmallorca\/\" \/>\n<meta property=\"article:modified_time\" content=\"2022-09-20T08:41:07+00:00\" \/>\n<meta property=\"og:image\" content=\"https:\/\/testim-mallorca.com\/wp-content\/uploads\/2019\/05\/testim-infusiones-de-mallorca-te-de-jengibre-mercadona-nuevas-infusiones-mercadona.jpg\" \/>\n\t<meta property=\"og:image:width\" content=\"2040\" \/>\n\t<meta property=\"og:image:height\" content=\"1148\" \/>\n\t<meta property=\"og:image:type\" content=\"image\/jpeg\" \/>\n<meta name=\"twitter:card\" content=\"summary_large_image\" \/>\n<meta name=\"twitter:site\" content=\"@testim_mallorca\" \/>\n<meta name=\"twitter:label1\" content=\"Temps estimat de lectura\" \/>\n\t<meta name=\"twitter:data1\" content=\"2 minuts\" \/>\n<script type=\"application\/ld+json\" class=\"yoast-schema-graph\">{\"@context\":\"https:\/\/schema.org\",\"@graph\":[{\"@type\":\"WebPage\",\"@id\":\"https:\/\/testim-mallorca.com\/infusiones-ecologicas-mallorca\/\",\"url\":\"https:\/\/testim-mallorca.com\/infusiones-ecologicas-mallorca\/\",\"name\":\"Infusions ecol\u00f2giques de Mallorca - T&#039;Estim\",\"isPartOf\":{\"@id\":\"https:\/\/testim-mallorca.com\/#website\"},\"primaryImageOfPage\":{\"@id\":\"https:\/\/testim-mallorca.com\/infusiones-ecologicas-mallorca\/#primaryimage\"},\"image\":{\"@id\":\"https:\/\/testim-mallorca.com\/infusiones-ecologicas-mallorca\/#primaryimage\"},\"thumbnailUrl\":\"https:\/\/testim-mallorca.com\/wp-content\/uploads\/2019\/05\/testim-infusiones-de-mallorca-te-de-jengibre-mercadona-nuevas-infusiones-mercadona.jpg\",\"datePublished\":\"2018-12-24T07:29:40+00:00\",\"dateModified\":\"2022-09-20T08:41:07+00:00\",\"description\":\"Un projecte amb responsabilitat social des de Mallorca. T\u2019Estim \u00e9s un projecte que neix amb la missi\u00f3 de conscienciar, a trav\u00e9s del te i les infusions ecol\u00f2giques conrades i elaborades a Mallorca, de la import\u00e0ncia de voler i cuidar la nostra salut mental i acabar, aix\u00ed, amb tots els estigmes que existeixen entorn de la malaltia mental.\",\"breadcrumb\":{\"@id\":\"https:\/\/testim-mallorca.com\/infusiones-ecologicas-mallorca\/#breadcrumb\"},\"inLanguage\":\"ca\",\"potentialAction\":[{\"@type\":\"ReadAction\",\"target\":[\"https:\/\/testim-mallorca.com\/infusiones-ecologicas-mallorca\/\"]}]},{\"@type\":\"ImageObject\",\"inLanguage\":\"ca\",\"@id\":\"https:\/\/testim-mallorca.com\/infusiones-ecologicas-mallorca\/#primaryimage\",\"url\":\"https:\/\/testim-mallorca.com\/wp-content\/uploads\/2019\/05\/testim-infusiones-de-mallorca-te-de-jengibre-mercadona-nuevas-infusiones-mercadona.jpg\",\"contentUrl\":\"https:\/\/testim-mallorca.com\/wp-content\/uploads\/2019\/05\/testim-infusiones-de-mallorca-te-de-jengibre-mercadona-nuevas-infusiones-mercadona.jpg\",\"width\":2040,\"height\":1148},{\"@type\":\"BreadcrumbList\",\"@id\":\"https:\/\/testim-mallorca.com\/infusiones-ecologicas-mallorca\/#breadcrumb\",\"itemListElement\":[{\"@type\":\"ListItem\",\"position\":1,\"name\":\"Portada\",\"item\":\"https:\/\/testim-mallorca.com\/ca\/\"},{\"@type\":\"ListItem\",\"position\":2,\"name\":\"Infusions ecol\u00f2giques de Mallorca\"}]},{\"@type\":\"WebSite\",\"@id\":\"https:\/\/testim-mallorca.com\/#website\",\"url\":\"https:\/\/testim-mallorca.com\/\",\"name\":\"T&#039;Estim\",\"description\":\"Infusions i tes ecol\u00f2gics de Mallorca\",\"publisher\":{\"@id\":\"https:\/\/testim-mallorca.com\/#organization\"},\"potentialAction\":[{\"@type\":\"SearchAction\",\"target\":{\"@type\":\"EntryPoint\",\"urlTemplate\":\"https:\/\/testim-mallorca.com\/?s={search_term_string}\"},\"query-input\":\"required name=search_term_string\"}],\"inLanguage\":\"ca\"},{\"@type\":\"Organization\",\"@id\":\"https:\/\/testim-mallorca.com\/#organization\",\"name\":\"T'Estim Mallorca\",\"url\":\"https:\/\/testim-mallorca.com\/\",\"logo\":{\"@type\":\"ImageObject\",\"inLanguage\":\"ca\",\"@id\":\"https:\/\/testim-mallorca.com\/#\/schema\/logo\/image\/\",\"url\":\"https:\/\/testim-mallorca.com\/wp-content\/uploads\/2022\/06\/Logo-testim-web-new.png\",\"contentUrl\":\"https:\/\/testim-mallorca.com\/wp-content\/uploads\/2022\/06\/Logo-testim-web-new.png\",\"width\":500,\"height\":173,\"caption\":\"T'Estim Mallorca\"},\"image\":{\"@id\":\"https:\/\/testim-mallorca.com\/#\/schema\/logo\/image\/\"},\"sameAs\":[\"https:\/\/www.facebook.com\/testimmallorca\/\",\"https:\/\/x.com\/testim_mallorca\",\"https:\/\/www.instagram.com\/testim_mallorca_\/\",\"https:\/\/www.linkedin.com\/company\/testim-mallorca\/about\/\"]}]}<\/script>\n<!-- \/ Yoast SEO plugin. -->","yoast_head_json":{"title":"Infusions ecol\u00f2giques de Mallorca - T&#039;Estim","description":"Un projecte amb responsabilitat social des de Mallorca. T\u2019Estim \u00e9s un projecte que neix amb la missi\u00f3 de conscienciar, a trav\u00e9s del te i les infusions ecol\u00f2giques conrades i elaborades a Mallorca, de la import\u00e0ncia de voler i cuidar la nostra salut mental i acabar, aix\u00ed, amb tots els estigmes que existeixen entorn de la malaltia mental.","robots":{"index":"index","follow":"follow","max-snippet":"max-snippet:-1","max-image-preview":"max-image-preview:large","max-video-preview":"max-video-preview:-1"},"canonical":"https:\/\/testim-mallorca.com\/infusiones-ecologicas-mallorca\/","og_locale":"ca_ES","og_type":"article","og_title":"Infusions ecol\u00f2giques de Mallorca - T&#039;Estim","og_description":"Un projecte amb responsabilitat social des de Mallorca. T\u2019Estim \u00e9s un projecte que neix amb la missi\u00f3 de conscienciar, a trav\u00e9s del te i les infusions ecol\u00f2giques conrades i elaborades a Mallorca, de la import\u00e0ncia de voler i cuidar la nostra salut mental i acabar, aix\u00ed, amb tots els estigmes que existeixen entorn de la malaltia mental.","og_url":"https:\/\/testim-mallorca.com\/infusiones-ecologicas-mallorca\/","og_site_name":"T&#039;Estim","article_publisher":"https:\/\/www.facebook.com\/testimmallorca\/","article_modified_time":"2022-09-20T08:41:07+00:00","og_image":[{"width":2040,"height":1148,"url":"https:\/\/testim-mallorca.com\/wp-content\/uploads\/2019\/05\/testim-infusiones-de-mallorca-te-de-jengibre-mercadona-nuevas-infusiones-mercadona.jpg","type":"image\/jpeg"}],"twitter_card":"summary_large_image","twitter_site":"@testim_mallorca","twitter_misc":{"Temps estimat de lectura":"2 minuts"},"schema":{"@context":"https:\/\/schema.org","@graph":[{"@type":"WebPage","@id":"https:\/\/testim-mallorca.com\/infusiones-ecologicas-mallorca\/","url":"https:\/\/testim-mallorca.com\/infusiones-ecologicas-mallorca\/","name":"Infusions ecol\u00f2giques de Mallorca - T&#039;Estim","isPartOf":{"@id":"https:\/\/testim-mallorca.com\/#website"},"primaryImageOfPage":{"@id":"https:\/\/testim-mallorca.com\/infusiones-ecologicas-mallorca\/#primaryimage"},"image":{"@id":"https:\/\/testim-mallorca.com\/infusiones-ecologicas-mallorca\/#primaryimage"},"thumbnailUrl":"https:\/\/testim-mallorca.com\/wp-content\/uploads\/2019\/05\/testim-infusiones-de-mallorca-te-de-jengibre-mercadona-nuevas-infusiones-mercadona.jpg","datePublished":"2018-12-24T07:29:40+00:00","dateModified":"2022-09-20T08:41:07+00:00","description":"Un projecte amb responsabilitat social des de Mallorca. T\u2019Estim \u00e9s un projecte que neix amb la missi\u00f3 de conscienciar, a trav\u00e9s del te i les infusions ecol\u00f2giques conrades i elaborades a Mallorca, de la import\u00e0ncia de voler i cuidar la nostra salut mental i acabar, aix\u00ed, amb tots els estigmes que existeixen entorn de la malaltia mental.","breadcrumb":{"@id":"https:\/\/testim-mallorca.com\/infusiones-ecologicas-mallorca\/#breadcrumb"},"inLanguage":"ca","potentialAction":[{"@type":"ReadAction","target":["https:\/\/testim-mallorca.com\/infusiones-ecologicas-mallorca\/"]}]},{"@type":"ImageObject","inLanguage":"ca","@id":"https:\/\/testim-mallorca.com\/infusiones-ecologicas-mallorca\/#primaryimage","url":"https:\/\/testim-mallorca.com\/wp-content\/uploads\/2019\/05\/testim-infusiones-de-mallorca-te-de-jengibre-mercadona-nuevas-infusiones-mercadona.jpg","contentUrl":"https:\/\/testim-mallorca.com\/wp-content\/uploads\/2019\/05\/testim-infusiones-de-mallorca-te-de-jengibre-mercadona-nuevas-infusiones-mercadona.jpg","width":2040,"height":1148},{"@type":"BreadcrumbList","@id":"https:\/\/testim-mallorca.com\/infusiones-ecologicas-mallorca\/#breadcrumb","itemListElement":[{"@type":"ListItem","position":1,"name":"Portada","item":"https:\/\/testim-mallorca.com\/ca\/"},{"@type":"ListItem","position":2,"name":"Infusions ecol\u00f2giques de Mallorca"}]},{"@type":"WebSite","@id":"https:\/\/testim-mallorca.com\/#website","url":"https:\/\/testim-mallorca.com\/","name":"T&#039;Estim","description":"Infusions i tes ecol\u00f2gics de Mallorca","publisher":{"@id":"https:\/\/testim-mallorca.com\/#organization"},"potentialAction":[{"@type":"SearchAction","target":{"@type":"EntryPoint","urlTemplate":"https:\/\/testim-mallorca.com\/?s={search_term_string}"},"query-input":"required name=search_term_string"}],"inLanguage":"ca"},{"@type":"Organization","@id":"https:\/\/testim-mallorca.com\/#organization","name":"T'Estim Mallorca","url":"https:\/\/testim-mallorca.com\/","logo":{"@type":"ImageObject","inLanguage":"ca","@id":"https:\/\/testim-mallorca.com\/#\/schema\/logo\/image\/","url":"https:\/\/testim-mallorca.com\/wp-content\/uploads\/2022\/06\/Logo-testim-web-new.png","contentUrl":"https:\/\/testim-mallorca.com\/wp-content\/uploads\/2022\/06\/Logo-testim-web-new.png","width":500,"height":173,"caption":"T'Estim Mallorca"},"image":{"@id":"https:\/\/testim-mallorca.com\/#\/schema\/logo\/image\/"},"sameAs":["https:\/\/www.facebook.com\/testimmallorca\/","https:\/\/x.com\/testim_mallorca","https:\/\/www.instagram.com\/testim_mallorca_\/","https:\/\/www.linkedin.com\/company\/testim-mallorca\/about\/"]}]}},"_links":{"self":[{"href":"https:\/\/testim-mallorca.com\/ca\/wp-json\/wp\/v2\/pages\/7199"}],"collection":[{"href":"https:\/\/testim-mallorca.com\/ca\/wp-json\/wp\/v2\/pages"}],"about":[{"href":"https:\/\/testim-mallorca.com\/ca\/wp-json\/wp\/v2\/types\/page"}],"author":[{"embeddable":true,"href":"https:\/\/testim-mallorca.com\/ca\/wp-json\/wp\/v2\/users\/1"}],"replies":[{"embeddable":true,"href":"https:\/\/testim-mallorca.com\/ca\/wp-json\/wp\/v2\/comments?post=7199"}],"version-history":[{"count":8,"href":"https:\/\/testim-mallorca.com\/ca\/wp-json\/wp\/v2\/pages\/7199\/revisions"}],"predecessor-version":[{"id":8914,"href":"https:\/\/testim-mallorca.com\/ca\/wp-json\/wp\/v2\/pages\/7199\/revisions\/8914"}],"wp:featuredmedia":[{"embeddable":true,"href":"https:\/\/testim-mallorca.com\/ca\/wp-json\/wp\/v2\/media\/7550"}],"wp:attachment":[{"href":"https:\/\/testim-mallorca.com\/ca\/wp-json\/wp\/v2\/media?parent=7199"}],"curies":[{"name":"wp","href":"https:\/\/api.w.org\/{rel}","templated":true}]}}