{"id":7201,"date":"2018-12-12T14:14:12","date_gmt":"2018-12-12T14:14:12","guid":{"rendered":"https:\/\/testim-mallorca.com\/sobre-nosotros\/"},"modified":"2022-09-20T08:51:44","modified_gmt":"2022-09-20T08:51:44","slug":"sobre-nosotros","status":"publish","type":"page","link":"https:\/\/testim-mallorca.com\/ca\/sobre-nosotros\/","title":{"rendered":"Un equip comprom\u00e8s"},"content":{"rendered":"<section class=\"wpb-content-wrapper\">[vc_row css=&#8221;.vc_custom_1559134125722{padding-top: 10px !important;padding-bottom: 100px !important;}&#8221;][vc_column css=&#8221;.vc_custom_1558959371819{padding-right: 40px !important;}&#8221;]<div class=\"cws_spacing\"><div class=\"cws_spacing cws_spacing_default\" style=\"height:10px;\"><\/div><\/div>[vc_column_text]\n<h2 style=\"text-align: center;\"><span style=\"color: fe0202;\">Estel<\/span>\u00a0de\u00a0<span style=\"color: fe0202;\">Llevant<\/span>\u00a0i<br \/>\nla import\u00e0ncia de la salut mental.<\/h2>\n<p>&nbsp;<\/p>\n<p style=\"text-align: justify;\"><span style=\"color: fe0202;\">Estel<\/span>\u00a0de\u00a0<span style=\"color: fe0202;\">Llevant<\/span>\u00a0\u00e9s una associaci\u00f3 sense \u00e0nim de lucre creada en 1996 i declarada d&#8217;utilitat p\u00fablica. <strong>La nostra missi\u00f3<\/strong> \u00e9s acompanyar amb calidesa a les persones per promoure, preservar i millorar la seva salut mental.<\/p>\n<p><strong>Actualment,<\/strong> \u00e9s un dels referents a Mallorca en el camp de la salut mental i ajuda a m\u00e9s de 225 persones amb trastorns mentals greus i a les seves fam\u00edlies a millorar la seva qualitat de vida. <strong>L&#8217;objectiu<\/strong> \u00e9s oferir-los tota l&#8217;ajuda necess\u00e0ria perqu\u00e8 puguin conseguir autonomia i una vida plena.<\/p>\n<p><strong>Des de l&#8217;any 2014<\/strong> forma part de 3<span style=\"color: fe0202;\">Salut<\/span> Mental: una alian\u00e7a amb les nostres entitats germanes Associaci\u00f3 Girasol i Fundaci\u00f3 \u00c9s\u00a0<span style=\"color: fe0202;\">Garrover<\/span> per compartir coneixement, crear el millor model d&#8217;atenci\u00f3 i fer feina per la innovaci\u00f3 social.[\/vc_column_text]<div class=\"cws_spacing\"><div class=\"cws_spacing cws_spacing_default\" style=\"height:30px;\"><\/div><\/div>[vc_single_image image=&#8221;6717&#8243; img_size=&#8221;medium&#8221; alignment=&#8221;center&#8221;][vc_empty_space][vc_column_text]\n<p style=\"text-align: center;\"><strong>Coneix m\u00e9s en<\/strong><\/p>\n<p style=\"text-align: center;\"><a href=\"http:\/\/www.esteldellevant.org\">www.esteldellevant.org<\/a>\u00a0 \u00a0|\u00a0 \u00a0<a href=\"http:\/\/www.3salutmental.com\/\">www.3salutmental.com<\/a><\/p>\n[\/vc_column_text][vc_single_image image=&#8221;6774&#8243; img_size=&#8221;full&#8221;][\/vc_column][\/vc_row][vc_row][vc_column][\/vc_column][\/vc_row][vc_row full_width=&#8221;stretch_row&#8221; bg_cws_repeat=&#8221;no-repeat&#8221; bg_cws_size=&#8221;cover&#8221; bg_image_position=&#8221;center_center&#8221; crop=&#8221;1&#8243; crop_style=&#8221;style_2&#8243; css=&#8221;.vc_custom_1594820651204{background-image: url(https:\/\/bazan-lab.com\/testim\/wp-content\/uploads\/2020\/07\/testim-infusiones-de-mallorca-infusiones-para-bajar-los-trigliceridos-altos.jpg?id=6615) !important;}&#8221;][vc_column]<div class=\"cws_spacing\"><div class=\"cws_spacing cws_spacing_default\" style=\"height:800px;\"><\/div><\/div>[\/vc_column][\/vc_row][vc_row full_width=&#8221;stretch_row&#8221; bg_cws_repeat=&#8221;no-repeat&#8221; bg_cws_size=&#8221;cover&#8221; bg_image_position=&#8221;center_center&#8221; crop=&#8221;1&#8243; crop_style=&#8221;style_5&#8243; css=&#8221;.vc_custom_1596808135230{margin-top: -90px !important;background-color: #81b4bf !important;}&#8221;][vc_column]<div class=\"cws_spacing cws_spacing_size_sm_desctop-on cws_spacing_tablet-on cws_spacing_mobile-on\"><div class=\"cws_spacing cws_spacing_default\" style=\"height:50px;\"><\/div> <div class=\"cws_spacing cws_spacing_size_sm_desctop\" style=\"height:50px;\"><\/div> <div class=\"cws_spacing cws_spacing_tablet\" style=\"height:50px;\"><\/div> <div class=\"cws_spacing cws_spacing_mobile\" style=\"height:50px;\"><\/div><\/div>[vc_row_inner][vc_column_inner width=&#8221;1\/3&#8243;]<div id='cws_service_item_69d81197a1d8d' class='cws_service_item cws_vc_shortcode_module title_under a-center  vc_custom_1663663766684'><div class='cws_service_item_wrapper clearfix'><span class='cws_searvice_icon_wrapper cws_searvice_side'><i class='cws_service_icon cws_vc_shortcode_icon_3\u0445 flaticon-farm'><\/i><\/span><div class='cws_service_info'><h6 class='cws_service_title'>Producte ecol\u00f2gic<br \/>\ni local<\/h6><div class='cws_service_desc clearfix'><p>M\u00e9s qualitat i m\u00e9s saludable.<br \/>\nRespecta el medi ambient.<br \/>\n\u00c9s de Mallorca.<\/p>\n<\/div><\/div><\/div><\/div>[\/vc_column_inner][vc_column_inner width=&#8221;1\/3&#8243;]<div id='cws_service_item_69d81197a1f88' class='cws_service_item cws_vc_shortcode_module title_under a-center  vc_custom_1663663785546'><div class='cws_service_item_wrapper clearfix'><span class='cws_searvice_icon_wrapper cws_searvice_side'><i class='cws_service_icon cws_vc_shortcode_icon_3\u0445 flaticon-pyramid'><\/i><\/span><div class='cws_service_info'><h6 class='cws_service_title'>Valor social afegit<\/h6><div class='cws_service_desc clearfix'><p>Conscienciaci\u00f3 i sensibilisaci\u00f3 cap a la import\u00e0ncia de la salut mental. Inserci\u00f3 laboral d&#8217;un col\u00b7lectiu vulnerable.<\/p>\n<\/div><\/div><\/div><\/div>[\/vc_column_inner][vc_column_inner width=&#8221;1\/3&#8243;]<div id='cws_service_item_69d81197a2159' class='cws_service_item cws_vc_shortcode_module title_under a-center  vc_custom_1663663817262'><div class='cws_service_item_wrapper clearfix'><span class='cws_searvice_icon_wrapper cws_searvice_side'><i class='cws_service_icon cws_vc_shortcode_icon_3\u0445 flaticon-chat-1'><\/i><\/span><div class='cws_service_info'><h6 class='cws_service_title'>Millora la salut mental<\/h6><div class='cws_service_desc clearfix'><p>M\u00faltiples beneficis que ens ajuden a prevenir factors de risc associats a la salut mental com l&#8217;insomni, l&#8217;estr\u00e8s o l&#8217;alimentaci\u00f3 deficient.<\/p>\n<\/div><\/div><\/div><\/div>[\/vc_column_inner][\/vc_row_inner]<div class=\"cws_spacing cws_spacing_size_sm_desctop-on cws_spacing_tablet-on cws_spacing_mobile-on\"><div class=\"cws_spacing cws_spacing_default\" style=\"height:60px;\"><\/div> <div class=\"cws_spacing cws_spacing_size_sm_desctop\" style=\"height:60px;\"><\/div> <div class=\"cws_spacing cws_spacing_tablet\" style=\"height:50px;\"><\/div> <div class=\"cws_spacing cws_spacing_mobile\" style=\"height:50px;\"><\/div><\/div>[\/vc_column][\/vc_row][vc_row][vc_column]<div class=\"cws_spacing cws_spacing_size_sm_desctop-on cws_spacing_tablet-on cws_spacing_mobile-on\"><div class=\"cws_spacing cws_spacing_default\" style=\"height:110px;\"><\/div> <div class=\"cws_spacing cws_spacing_size_sm_desctop\" style=\"height:110px;\"><\/div> <div class=\"cws_spacing cws_spacing_tablet\" style=\"height:50px;\"><\/div> <div class=\"cws_spacing cws_spacing_mobile\" style=\"height:50px;\"><\/div><\/div>[vc_row_inner][vc_column_inner width=&#8221;1\/5&#8243;][\/vc_column_inner][vc_column_inner width=&#8221;3\/5&#8243; css=&#8221;.vc_custom_1558963977132{padding-right: 20px !important;padding-left: 20px !important;}&#8221;]<div class='cws_textmodule cws_vc_shortcode_module' id='cws_textmodule_69d81197a229b'><div class='cws_textmodule_wrapper icon_pos_beside'><div class='cws_textmodule_text text_align_center'><div class='cws_textmodule_titles'><div class='cws_textmodule_icon_wrapper'><div class='cws_textmodule_icon'><i class='flaticon-rating'><\/i><\/div><\/div><div class='cws_textmodule_aside'><h2 class='cws_textmodule_title'><span>Els nostres usuaris opinen<\/span><\/h2><h4 class='cws_textmodule_subtitle'>Forma part d&#039;aquesta gran fam\u00edlia deixant la teva ressenya.<\/h4><\/div><\/div><\/div><\/div><\/div><div class=\"cws_spacing\"><div class=\"cws_spacing cws_spacing_default\" style=\"height:10px;\"><\/div><\/div><div class='sc_button_wrapper align-center mobile-align-center'><div id='cws_vc_shortcode_button_69d81197a2366' class='cws_custom_button_wrapper cws_sc_button regular default'><span><a href='https:\/\/www.google.com\/search?q=estel%20de%20llevant&#038;sxsrf=AOaemvJ8-eRp8EGHdnjv_AiHip74gj9StQ:1638281714205&#038;ei=5jGmYbajIIzQgweaoKL4DA&#038;oq=estell+d&#038;gs_lcp=Cgdnd3Mtd2l6EAEYADIHCCMQsAIQJzIKCC4QxwEQrwEQDTIKCC4QxwEQrwEQDTIECAAQDTIECAAQDTIKCC4QxwEQrwEQDTIECAAQDTIECAAQDTIECAAQDTIECAAQDToHCCMQsAMQJzoHCAAQRxCwAzoHCAAQsAMQQzoECCMQJzoLCAAQgAQQsQMQgwE6CAgAEIAEELEDOgQIABBDOhEILhCABBCxAxCDARDHARDRAzoLCC4QgAQQxwEQ0QM6BQgAEIAEOggILhCABBCxAzoICC4QsQMQgwE6BQguEIAEOggIABCxAxCDAToLCC4QgAQQsQMQgwE6CwguEIAEEMcBEK8BOgQIABAKOgoILhDHARCvARAKSgQIQRgAUMYHWPkoYOQyaANwAngAgAGSAYgB4QaSAQMzLjWYAQCgAQHIAQrAAQE&#038;sclient=gws-wiz&#038;tbs=lf:1,lf_ui:2&#038;tbm=lcl&#038;rflfq=1&#038;num=10&#038;rldimm=8657160224334346882&#038;lqi=ChBlc3RlbCBkZSBsbGV2YW50WhIiEGVzdGVsIGRlIGxsZXZhbnSSAQ1wbGFudF9udXJzZXJ5&#038;ved=2ahUKEwizqvf8osD0AhXy4uAKHRb6BpYQvS56BAgXED4&#038;rlst=f#lrd=0x129649b6a4abeca7:0x7824695b3f16fa82,3,,,&#038;rlfi=hd:;si:8657160224334346882,l,ChBlc3RlbCBkZSBsbGV2YW50WhIiEGVzdGVsIGRlIGxsZXZhbnSSAQ1wbGFudF9udXJzZXJ5;mv:39.5837193,3.212547,39.564692099999995,3.2118564;tbs:lrf:!1m4!1u3!2m2!3m1!1e1!1m4!1u2!2m2!2m1!1e1!2m1!1e2!2m1!1e3!3sIAE,lf:1,lf_ui:2' class='cws_custom_button' target='_blank'>Deixar Ressenya<span><\/span><i class='vc_li vc_li-heart ml-10'><\/i><\/a><\/span><\/div><\/div>[\/vc_column_inner][vc_column_inner width=&#8221;1\/5&#8243;][\/vc_column_inner][\/vc_row_inner]<div class=\"cws_spacing cws_spacing_size_sm_desctop-on cws_spacing_tablet-on cws_spacing_mobile-on\"><div class=\"cws_spacing cws_spacing_default\" style=\"height:110px;\"><\/div> <div class=\"cws_spacing cws_spacing_size_sm_desctop\" style=\"height:110px;\"><\/div> <div class=\"cws_spacing cws_spacing_tablet\" style=\"height:50px;\"><\/div> <div class=\"cws_spacing cws_spacing_mobile\" style=\"height:50px;\"><\/div><\/div>[\/vc_column][\/vc_row][vc_row full_width=&#8221;stretch_row&#8221; bg_cws_repeat=&#8221;no-repeat&#8221; bg_cws_size=&#8221;cover&#8221; bg_image_position=&#8221;center_center&#8221; crop=&#8221;1&#8243; crop_style=&#8221;style_3&#8243; css=&#8221;.vc_custom_1594821135169{background: #f4f7e8 url(https:\/\/bazan-lab.com\/testim\/wp-content\/uploads\/2020\/07\/testim-infusiones-de-mallorca-tila-alpina-valeriana-infusion-te-a-granel.jpg?id=6605) !important;}&#8221;][vc_column]<div class=\"cws_spacing\"><div class=\"cws_spacing cws_spacing_default\" style=\"height:150px;\"><\/div><\/div><div class=\"cws_spacing\"><div class=\"cws_spacing cws_spacing_default\" style=\"height:150px;\"><\/div><\/div>[\/vc_column][\/vc_row]\n<\/section>","protected":false},"excerpt":{"rendered":"<p>[vc_row css=&#8221;.vc_custom_1559134125722{padding-top: 10px !important;padding-bottom: 100px !important;}&#8221;][vc_column css=&#8221;.vc_custom_1558959371819{padding-right: 40px !important;}&#8221;][vc_column_text] Estel\u00a0de\u00a0Llevant\u00a0i la import\u00e0ncia de la salut mental. &nbsp; Estel\u00a0de\u00a0Llevant\u00a0\u00e9s una associaci\u00f3 sense \u00e0nim de lucre creada en 1996 i declarada d&#8217;utilitat p\u00fablica. La nostra missi\u00f3 \u00e9s acompanyar amb calidesa a les persones per promoure, preservar i millorar la seva salut mental. Actualment, \u00e9s un dels referents a Mallorca en el camp de la salut mental i ajuda a m\u00e9s de 225 persones amb trastorns mentals greus i a les seves fam\u00edlies a millorar la seva qualitat de vida. L&#8217;objectiu \u00e9s oferir-los tota l&#8217;ajuda necess\u00e0ria perqu\u00e8 puguin conseguir autonomia i una vida plena. Des de l&#8217;any 2014 forma part de 3Salut Mental: una alian\u00e7a amb les nostres entitats germanes Associaci\u00f3 Girasol i Fundaci\u00f3 \u00c9s\u00a0Garrover per compartir coneixement, crear el millor model d&#8217;atenci\u00f3 i fer feina per la innovaci\u00f3 social.[\/vc_column_text][vc_single_image image=&#8221;6717&#8243; img_size=&#8221;medium&#8221; alignment=&#8221;center&#8221;][vc_empty_space][vc_column_text] Coneix m\u00e9s en www.esteldellevant.org\u00a0 \u00a0|\u00a0 \u00a0www.3salutmental.com [\/vc_column_text][vc_single_image image=&#8221;6774&#8243; img_size=&#8221;full&#8221;][\/vc_column][\/vc_row][vc_row][vc_column][\/vc_column][\/vc_row][vc_row full_width=&#8221;stretch_row&#8221; bg_cws_repeat=&#8221;no-repeat&#8221; bg_cws_size=&#8221;cover&#8221; bg_image_position=&#8221;center_center&#8221; crop=&#8221;1&#8243; crop_style=&#8221;style_2&#8243; css=&#8221;.vc_custom_1594820651204{background-image: url(https:\/\/bazan-lab.com\/testim\/wp-content\/uploads\/2020\/07\/testim-infusiones-de-mallorca-infusiones-para-bajar-los-trigliceridos-altos.jpg?id=6615) !important;}&#8221;][vc_column][\/vc_column][\/vc_row][vc_row full_width=&#8221;stretch_row&#8221; bg_cws_repeat=&#8221;no-repeat&#8221; bg_cws_size=&#8221;cover&#8221; bg_image_position=&#8221;center_center&#8221; crop=&#8221;1&#8243; crop_style=&#8221;style_5&#8243; css=&#8221;.vc_custom_1596808135230{margin-top: -90px !important;background-color: #81b4bf !important;}&#8221;][vc_column][vc_row_inner][vc_column_inner width=&#8221;1\/3&#8243;][\/vc_column_inner][vc_column_inner width=&#8221;1\/3&#8243;][\/vc_column_inner][vc_column_inner width=&#8221;1\/3&#8243;][\/vc_column_inner][\/vc_row_inner][\/vc_column][\/vc_row][vc_row][vc_column][vc_row_inner][vc_column_inner width=&#8221;1\/5&#8243;][\/vc_column_inner][vc_column_inner width=&#8221;3\/5&#8243; css=&#8221;.vc_custom_1558963977132{padding-right: 20px !important;padding-left: 20px !important;}&#8221;][\/vc_column_inner][vc_column_inner width=&#8221;1\/5&#8243;][\/vc_column_inner][\/vc_row_inner][\/vc_column][\/vc_row][vc_row full_width=&#8221;stretch_row&#8221; bg_cws_repeat=&#8221;no-repeat&#8221; bg_cws_size=&#8221;cover&#8221; bg_image_position=&#8221;center_center&#8221; crop=&#8221;1&#8243; crop_style=&#8221;style_3&#8243; css=&#8221;.vc_custom_1594821135169{background: #f4f7e8 url(https:\/\/bazan-lab.com\/testim\/wp-content\/uploads\/2020\/07\/testim-infusiones-de-mallorca-tila-alpina-valeriana-infusion-te-a-granel.jpg?id=6605) !important;}&#8221;][vc_column][\/vc_column][\/vc_row]<\/p>\n","protected":false},"author":1,"featured_media":7606,"parent":0,"menu_order":0,"comment_status":"closed","ping_status":"closed","template":"","meta":{"_monsterinsights_skip_tracking":false,"_monsterinsights_sitenote_active":false,"_monsterinsights_sitenote_note":"","_monsterinsights_sitenote_category":0,"footnotes":""},"class_list":["post-7201","page","type-page","status-publish","has-post-thumbnail","hentry"],"yoast_head":"<!-- This site is optimized with the Yoast SEO plugin v23.3 - https:\/\/yoast.com\/wordpress\/plugins\/seo\/ -->\n<title>Un equip comprom\u00e8s - T&#039;Estim<\/title>\n<meta name=\"description\" content=\"Estel de Llevant i la import\u00e0ncia de la salut mental. Estel de Llevant \u00e9s una associaci\u00f3 sense \u00e0nim de lucre creada en 1996 i declarada d&#039;utilitat p\u00fablica. La nostra missi\u00f3 \u00e9s acompanyar amb calidesa a les persones per promoure, preservar i millorar la seva salut mental.\" \/>\n<meta name=\"robots\" content=\"index, follow, max-snippet:-1, max-image-preview:large, max-video-preview:-1\" \/>\n<link rel=\"canonical\" href=\"https:\/\/testim-mallorca.com\/sobre-nosotros\/\" \/>\n<meta property=\"og:locale\" content=\"ca_ES\" \/>\n<meta property=\"og:type\" content=\"article\" \/>\n<meta property=\"og:title\" content=\"Un equip comprom\u00e8s - T&#039;Estim\" \/>\n<meta property=\"og:description\" content=\"Estel de Llevant i la import\u00e0ncia de la salut mental. Estel de Llevant \u00e9s una associaci\u00f3 sense \u00e0nim de lucre creada en 1996 i declarada d&#039;utilitat p\u00fablica. La nostra missi\u00f3 \u00e9s acompanyar amb calidesa a les persones per promoure, preservar i millorar la seva salut mental.\" \/>\n<meta property=\"og:url\" content=\"https:\/\/testim-mallorca.com\/sobre-nosotros\/\" \/>\n<meta property=\"og:site_name\" content=\"T&#039;Estim\" \/>\n<meta property=\"article:publisher\" content=\"https:\/\/www.facebook.com\/testimmallorca\/\" \/>\n<meta property=\"article:modified_time\" content=\"2022-09-20T08:51:44+00:00\" \/>\n<meta property=\"og:image\" content=\"https:\/\/testim-mallorca.com\/wp-content\/uploads\/2020\/08\/estel-de-llevant-associacio-mallorca-salud-mental-1024x557.png\" \/>\n\t<meta property=\"og:image:width\" content=\"1024\" \/>\n\t<meta property=\"og:image:height\" content=\"557\" \/>\n\t<meta property=\"og:image:type\" content=\"image\/png\" \/>\n<meta name=\"twitter:card\" content=\"summary_large_image\" \/>\n<meta name=\"twitter:site\" content=\"@testim_mallorca\" \/>\n<meta name=\"twitter:label1\" content=\"Temps estimat de lectura\" \/>\n\t<meta name=\"twitter:data1\" content=\"2 minuts\" \/>\n<script type=\"application\/ld+json\" class=\"yoast-schema-graph\">{\"@context\":\"https:\/\/schema.org\",\"@graph\":[{\"@type\":\"WebPage\",\"@id\":\"https:\/\/testim-mallorca.com\/sobre-nosotros\/\",\"url\":\"https:\/\/testim-mallorca.com\/sobre-nosotros\/\",\"name\":\"Un equip comprom\u00e8s - T&#039;Estim\",\"isPartOf\":{\"@id\":\"https:\/\/testim-mallorca.com\/#website\"},\"primaryImageOfPage\":{\"@id\":\"https:\/\/testim-mallorca.com\/sobre-nosotros\/#primaryimage\"},\"image\":{\"@id\":\"https:\/\/testim-mallorca.com\/sobre-nosotros\/#primaryimage\"},\"thumbnailUrl\":\"https:\/\/testim-mallorca.com\/wp-content\/uploads\/2020\/08\/estel-de-llevant-associacio-mallorca-salud-mental.png\",\"datePublished\":\"2018-12-12T14:14:12+00:00\",\"dateModified\":\"2022-09-20T08:51:44+00:00\",\"description\":\"Estel de Llevant i la import\u00e0ncia de la salut mental. Estel de Llevant \u00e9s una associaci\u00f3 sense \u00e0nim de lucre creada en 1996 i declarada d'utilitat p\u00fablica. La nostra missi\u00f3 \u00e9s acompanyar amb calidesa a les persones per promoure, preservar i millorar la seva salut mental.\",\"breadcrumb\":{\"@id\":\"https:\/\/testim-mallorca.com\/sobre-nosotros\/#breadcrumb\"},\"inLanguage\":\"ca\",\"potentialAction\":[{\"@type\":\"ReadAction\",\"target\":[\"https:\/\/testim-mallorca.com\/sobre-nosotros\/\"]}]},{\"@type\":\"ImageObject\",\"inLanguage\":\"ca\",\"@id\":\"https:\/\/testim-mallorca.com\/sobre-nosotros\/#primaryimage\",\"url\":\"https:\/\/testim-mallorca.com\/wp-content\/uploads\/2020\/08\/estel-de-llevant-associacio-mallorca-salud-mental.png\",\"contentUrl\":\"https:\/\/testim-mallorca.com\/wp-content\/uploads\/2020\/08\/estel-de-llevant-associacio-mallorca-salud-mental.png\",\"width\":1952,\"height\":1062},{\"@type\":\"BreadcrumbList\",\"@id\":\"https:\/\/testim-mallorca.com\/sobre-nosotros\/#breadcrumb\",\"itemListElement\":[{\"@type\":\"ListItem\",\"position\":1,\"name\":\"Portada\",\"item\":\"https:\/\/testim-mallorca.com\/ca\/\"},{\"@type\":\"ListItem\",\"position\":2,\"name\":\"Un equip comprom\u00e8s\"}]},{\"@type\":\"WebSite\",\"@id\":\"https:\/\/testim-mallorca.com\/#website\",\"url\":\"https:\/\/testim-mallorca.com\/\",\"name\":\"T&#039;Estim\",\"description\":\"Infusions i tes ecol\u00f2gics de Mallorca\",\"publisher\":{\"@id\":\"https:\/\/testim-mallorca.com\/#organization\"},\"potentialAction\":[{\"@type\":\"SearchAction\",\"target\":{\"@type\":\"EntryPoint\",\"urlTemplate\":\"https:\/\/testim-mallorca.com\/?s={search_term_string}\"},\"query-input\":\"required name=search_term_string\"}],\"inLanguage\":\"ca\"},{\"@type\":\"Organization\",\"@id\":\"https:\/\/testim-mallorca.com\/#organization\",\"name\":\"T'Estim Mallorca\",\"url\":\"https:\/\/testim-mallorca.com\/\",\"logo\":{\"@type\":\"ImageObject\",\"inLanguage\":\"ca\",\"@id\":\"https:\/\/testim-mallorca.com\/#\/schema\/logo\/image\/\",\"url\":\"https:\/\/testim-mallorca.com\/wp-content\/uploads\/2022\/06\/Logo-testim-web-new.png\",\"contentUrl\":\"https:\/\/testim-mallorca.com\/wp-content\/uploads\/2022\/06\/Logo-testim-web-new.png\",\"width\":500,\"height\":173,\"caption\":\"T'Estim Mallorca\"},\"image\":{\"@id\":\"https:\/\/testim-mallorca.com\/#\/schema\/logo\/image\/\"},\"sameAs\":[\"https:\/\/www.facebook.com\/testimmallorca\/\",\"https:\/\/x.com\/testim_mallorca\",\"https:\/\/www.instagram.com\/testim_mallorca_\/\",\"https:\/\/www.linkedin.com\/company\/testim-mallorca\/about\/\"]}]}<\/script>\n<!-- \/ Yoast SEO plugin. -->","yoast_head_json":{"title":"Un equip comprom\u00e8s - T&#039;Estim","description":"Estel de Llevant i la import\u00e0ncia de la salut mental. Estel de Llevant \u00e9s una associaci\u00f3 sense \u00e0nim de lucre creada en 1996 i declarada d'utilitat p\u00fablica. La nostra missi\u00f3 \u00e9s acompanyar amb calidesa a les persones per promoure, preservar i millorar la seva salut mental.","robots":{"index":"index","follow":"follow","max-snippet":"max-snippet:-1","max-image-preview":"max-image-preview:large","max-video-preview":"max-video-preview:-1"},"canonical":"https:\/\/testim-mallorca.com\/sobre-nosotros\/","og_locale":"ca_ES","og_type":"article","og_title":"Un equip comprom\u00e8s - T&#039;Estim","og_description":"Estel de Llevant i la import\u00e0ncia de la salut mental. Estel de Llevant \u00e9s una associaci\u00f3 sense \u00e0nim de lucre creada en 1996 i declarada d'utilitat p\u00fablica. La nostra missi\u00f3 \u00e9s acompanyar amb calidesa a les persones per promoure, preservar i millorar la seva salut mental.","og_url":"https:\/\/testim-mallorca.com\/sobre-nosotros\/","og_site_name":"T&#039;Estim","article_publisher":"https:\/\/www.facebook.com\/testimmallorca\/","article_modified_time":"2022-09-20T08:51:44+00:00","og_image":[{"width":1024,"height":557,"url":"https:\/\/testim-mallorca.com\/wp-content\/uploads\/2020\/08\/estel-de-llevant-associacio-mallorca-salud-mental-1024x557.png","type":"image\/png"}],"twitter_card":"summary_large_image","twitter_site":"@testim_mallorca","twitter_misc":{"Temps estimat de lectura":"2 minuts"},"schema":{"@context":"https:\/\/schema.org","@graph":[{"@type":"WebPage","@id":"https:\/\/testim-mallorca.com\/sobre-nosotros\/","url":"https:\/\/testim-mallorca.com\/sobre-nosotros\/","name":"Un equip comprom\u00e8s - T&#039;Estim","isPartOf":{"@id":"https:\/\/testim-mallorca.com\/#website"},"primaryImageOfPage":{"@id":"https:\/\/testim-mallorca.com\/sobre-nosotros\/#primaryimage"},"image":{"@id":"https:\/\/testim-mallorca.com\/sobre-nosotros\/#primaryimage"},"thumbnailUrl":"https:\/\/testim-mallorca.com\/wp-content\/uploads\/2020\/08\/estel-de-llevant-associacio-mallorca-salud-mental.png","datePublished":"2018-12-12T14:14:12+00:00","dateModified":"2022-09-20T08:51:44+00:00","description":"Estel de Llevant i la import\u00e0ncia de la salut mental. Estel de Llevant \u00e9s una associaci\u00f3 sense \u00e0nim de lucre creada en 1996 i declarada d'utilitat p\u00fablica. La nostra missi\u00f3 \u00e9s acompanyar amb calidesa a les persones per promoure, preservar i millorar la seva salut mental.","breadcrumb":{"@id":"https:\/\/testim-mallorca.com\/sobre-nosotros\/#breadcrumb"},"inLanguage":"ca","potentialAction":[{"@type":"ReadAction","target":["https:\/\/testim-mallorca.com\/sobre-nosotros\/"]}]},{"@type":"ImageObject","inLanguage":"ca","@id":"https:\/\/testim-mallorca.com\/sobre-nosotros\/#primaryimage","url":"https:\/\/testim-mallorca.com\/wp-content\/uploads\/2020\/08\/estel-de-llevant-associacio-mallorca-salud-mental.png","contentUrl":"https:\/\/testim-mallorca.com\/wp-content\/uploads\/2020\/08\/estel-de-llevant-associacio-mallorca-salud-mental.png","width":1952,"height":1062},{"@type":"BreadcrumbList","@id":"https:\/\/testim-mallorca.com\/sobre-nosotros\/#breadcrumb","itemListElement":[{"@type":"ListItem","position":1,"name":"Portada","item":"https:\/\/testim-mallorca.com\/ca\/"},{"@type":"ListItem","position":2,"name":"Un equip comprom\u00e8s"}]},{"@type":"WebSite","@id":"https:\/\/testim-mallorca.com\/#website","url":"https:\/\/testim-mallorca.com\/","name":"T&#039;Estim","description":"Infusions i tes ecol\u00f2gics de Mallorca","publisher":{"@id":"https:\/\/testim-mallorca.com\/#organization"},"potentialAction":[{"@type":"SearchAction","target":{"@type":"EntryPoint","urlTemplate":"https:\/\/testim-mallorca.com\/?s={search_term_string}"},"query-input":"required name=search_term_string"}],"inLanguage":"ca"},{"@type":"Organization","@id":"https:\/\/testim-mallorca.com\/#organization","name":"T'Estim Mallorca","url":"https:\/\/testim-mallorca.com\/","logo":{"@type":"ImageObject","inLanguage":"ca","@id":"https:\/\/testim-mallorca.com\/#\/schema\/logo\/image\/","url":"https:\/\/testim-mallorca.com\/wp-content\/uploads\/2022\/06\/Logo-testim-web-new.png","contentUrl":"https:\/\/testim-mallorca.com\/wp-content\/uploads\/2022\/06\/Logo-testim-web-new.png","width":500,"height":173,"caption":"T'Estim Mallorca"},"image":{"@id":"https:\/\/testim-mallorca.com\/#\/schema\/logo\/image\/"},"sameAs":["https:\/\/www.facebook.com\/testimmallorca\/","https:\/\/x.com\/testim_mallorca","https:\/\/www.instagram.com\/testim_mallorca_\/","https:\/\/www.linkedin.com\/company\/testim-mallorca\/about\/"]}]}},"_links":{"self":[{"href":"https:\/\/testim-mallorca.com\/ca\/wp-json\/wp\/v2\/pages\/7201"}],"collection":[{"href":"https:\/\/testim-mallorca.com\/ca\/wp-json\/wp\/v2\/pages"}],"about":[{"href":"https:\/\/testim-mallorca.com\/ca\/wp-json\/wp\/v2\/types\/page"}],"author":[{"embeddable":true,"href":"https:\/\/testim-mallorca.com\/ca\/wp-json\/wp\/v2\/users\/1"}],"replies":[{"embeddable":true,"href":"https:\/\/testim-mallorca.com\/ca\/wp-json\/wp\/v2\/comments?post=7201"}],"version-history":[{"count":8,"href":"https:\/\/testim-mallorca.com\/ca\/wp-json\/wp\/v2\/pages\/7201\/revisions"}],"predecessor-version":[{"id":8919,"href":"https:\/\/testim-mallorca.com\/ca\/wp-json\/wp\/v2\/pages\/7201\/revisions\/8919"}],"wp:featuredmedia":[{"embeddable":true,"href":"https:\/\/testim-mallorca.com\/ca\/wp-json\/wp\/v2\/media\/7606"}],"wp:attachment":[{"href":"https:\/\/testim-mallorca.com\/ca\/wp-json\/wp\/v2\/media?parent=7201"}],"curies":[{"name":"wp","href":"https:\/\/api.w.org\/{rel}","templated":true}]}}