{"id":8146,"date":"2022-01-21T20:14:44","date_gmt":"2022-01-21T20:14:44","guid":{"rendered":"https:\/\/testim-mallorca.com\/my-account\/"},"modified":"2022-01-21T20:14:44","modified_gmt":"2022-01-21T20:14:44","slug":"my-account","status":"publish","type":"page","link":"https:\/\/testim-mallorca.com\/ca\/my-account\/","title":{"rendered":"My Account"},"content":{"rendered":"<div class=\"woocommerce\"><div class=\"woocommerce-notices-wrapper\"><\/div>\n\n<div class=\"u-columns col2-set\" id=\"customer_login\">\n\n\t<div class=\"u-column1 col-1\">\n\n\n\t\t<h2>Inicia una sessi\u00f3<\/h2>\n\n\t\t<form class=\"woocommerce-form woocommerce-form-login login\" method=\"post\">\n\n\t\t\t\n\t\t\t<p class=\"woocommerce-form-row woocommerce-form-row--wide form-row form-row-wide\">\n\t\t\t\t<label for=\"username\">Nom d&#039;usuari o adre\u00e7a electr\u00f2nica&nbsp;<span class=\"required\" aria-hidden=\"true\">*<\/span><span class=\"screen-reader-text\">Obligatori<\/span><\/label>\n\t\t\t\t<input type=\"text\" class=\"woocommerce-Input woocommerce-Input--text input-text\" name=\"username\" id=\"username\" autocomplete=\"username\" value=\"\" required aria-required=\"true\" \/>\t\t\t<\/p>\n\t\t\t<p class=\"woocommerce-form-row woocommerce-form-row--wide form-row form-row-wide\">\n\t\t\t\t<label for=\"password\">Contrasenya&nbsp;<span class=\"required\" aria-hidden=\"true\">*<\/span><span class=\"screen-reader-text\">Obligatori<\/span><\/label>\n\t\t\t\t<input class=\"woocommerce-Input woocommerce-Input--text input-text\" type=\"password\" name=\"password\" id=\"password\" autocomplete=\"current-password\" required aria-required=\"true\" \/>\n\t\t\t<\/p>\n\n\t\t\t\n\t\t\t<p class=\"form-row\">\n\t\t\t\t<label class=\"woocommerce-form__label woocommerce-form__label-for-checkbox woocommerce-form-login__rememberme\">\n\t\t\t\t\t<input class=\"woocommerce-form__input woocommerce-form__input-checkbox\" name=\"rememberme\" type=\"checkbox\" id=\"rememberme\" value=\"forever\" \/> <span>Recorda&#039;m<\/span>\n\t\t\t\t<\/label>\n\t\t\t\t<input type=\"hidden\" id=\"woocommerce-login-nonce\" name=\"woocommerce-login-nonce\" value=\"93323e7625\" \/><input type=\"hidden\" name=\"_wp_http_referer\" value=\"\/ca\/wp-json\/wp\/v2\/pages\/8146\" \/>\t\t\t\t<button type=\"submit\" class=\"woocommerce-button button woocommerce-form-login__submit\" name=\"login\" value=\"Entra\">Entra<\/button>\n\t\t\t<\/p>\n\t\t\t<p class=\"woocommerce-LostPassword lost_password\">\n\t\t\t\t<a href=\"https:\/\/testim-mallorca.com\/ca\/my-account\/lost-password\/\">Heu perdut la vostra contrasenya?<\/a>\n\t\t\t<\/p>\n\n\t\t\t\n\t\t<\/form>\n\n\n\t<\/div>\n\n\t<div class=\"u-column2 col-2\">\n\n\t\t<h2>Registra<\/h2>\n\n\t\t<form method=\"post\" class=\"woocommerce-form woocommerce-form-register register\"  >\n\n\t\t\t\n\t\t\t\n\t\t\t\t<p class=\"woocommerce-form-row woocommerce-form-row--wide form-row form-row-wide\">\n\t\t\t\t\t<label for=\"reg_username\">Nom d&#039;usuari&nbsp;<span class=\"required\" aria-hidden=\"true\">*<\/span><span class=\"screen-reader-text\">Obligatori<\/span><\/label>\n\t\t\t\t\t<input type=\"text\" class=\"woocommerce-Input woocommerce-Input--text input-text\" name=\"username\" id=\"reg_username\" autocomplete=\"username\" value=\"\" required aria-required=\"true\" \/>\t\t\t\t<\/p>\n\n\t\t\t\n\t\t\t<p class=\"woocommerce-form-row woocommerce-form-row--wide form-row form-row-wide\">\n\t\t\t\t<label for=\"reg_email\">Adre\u00e7a electr\u00f2nica&nbsp;<span class=\"required\" aria-hidden=\"true\">*<\/span><span class=\"screen-reader-text\">Obligatori<\/span><\/label>\n\t\t\t\t<input type=\"email\" class=\"woocommerce-Input woocommerce-Input--text input-text\" name=\"email\" id=\"reg_email\" autocomplete=\"email\" value=\"\" required aria-required=\"true\" \/>\t\t\t<\/p>\n\n\t\t\t\n\t\t\t\t<p class=\"woocommerce-form-row woocommerce-form-row--wide form-row form-row-wide\">\n\t\t\t\t\t<label for=\"reg_password\">Contrasenya&nbsp;<span class=\"required\" aria-hidden=\"true\">*<\/span><span class=\"screen-reader-text\">Obligatori<\/span><\/label>\n\t\t\t\t\t<input type=\"password\" class=\"woocommerce-Input woocommerce-Input--text input-text\" name=\"password\" id=\"reg_password\" autocomplete=\"new-password\" required aria-required=\"true\" \/>\n\t\t\t\t<\/p>\n\n\t\t\t\n\t\t\t<wc-order-attribution-inputs><\/wc-order-attribution-inputs><div class=\"woocommerce-privacy-policy-text\"><p>Tus datos personales se utilizar\u00e1n para procesar tu pedido, mejorar tu experiencia en esta web, gestionar el acceso a tu cuenta y otros prop\u00f3sitos descritos en nuestra <a href=\"https:\/\/testim-mallorca.com\/politica-de-privacidad\/\" class=\"woocommerce-privacy-policy-link\" target=\"_blank\">pol\u00edtica de privadesa<\/a>.<\/p>\n<\/div>\n\t\t\t<p class=\"woocommerce-form-row form-row\">\n\t\t\t\t<input type=\"hidden\" id=\"woocommerce-register-nonce\" name=\"woocommerce-register-nonce\" value=\"be21975f47\" \/><input type=\"hidden\" name=\"_wp_http_referer\" value=\"\/ca\/wp-json\/wp\/v2\/pages\/8146\" \/>\t\t\t\t<button type=\"submit\" class=\"woocommerce-Button woocommerce-button button woocommerce-form-register__submit\" name=\"register\" value=\"Registra\">Registra<\/button>\n\t\t\t<\/p>\n\n\t\t\t\n\t\t<\/form>\n\n\t<\/div>\n\n<\/div>\n\n<\/div>","protected":false},"excerpt":{"rendered":"Inicia una sessi\u00f3 Nom d&#039;usuari o adre\u00e7a electr\u00f2nica&nbsp;*Obligatori Contrasenya&nbsp;*Obligatori Recorda&#039;m Entra Heu perdut la vostra contrasenya? Registra Nom d&#039;usuari&nbsp;*Obligatori Adre\u00e7a electr\u00f2nica&nbsp;*Obligatori Contrasenya&nbsp;*Obligatori Tus datos personales se utilizar\u00e1n para procesar tu pedido, mejorar tu experiencia en esta web, gestionar el acceso a tu cuenta y otros prop\u00f3sitos descritos en nuestra pol\u00edtica de privadesa. Registra","protected":false},"author":1,"featured_media":0,"parent":0,"menu_order":0,"comment_status":"closed","ping_status":"closed","template":"","meta":{"_monsterinsights_skip_tracking":false,"_monsterinsights_sitenote_active":false,"_monsterinsights_sitenote_note":"","_monsterinsights_sitenote_category":0,"footnotes":""},"class_list":["post-8146","page","type-page","status-publish","hentry"],"yoast_head":"<!-- This site is optimized with the Yoast SEO plugin v23.3 - https:\/\/yoast.com\/wordpress\/plugins\/seo\/ -->\n<title>My Account - T&#039;Estim<\/title>\n<meta name=\"robots\" content=\"index, follow, max-snippet:-1, max-image-preview:large, max-video-preview:-1\" \/>\n<link rel=\"canonical\" href=\"https:\/\/testim-mallorca.com\/mi-cuenta\/\" \/>\n<meta property=\"og:locale\" content=\"ca_ES\" \/>\n<meta property=\"og:type\" content=\"article\" \/>\n<meta property=\"og:title\" content=\"My Account - T&#039;Estim\" \/>\n<meta property=\"og:url\" content=\"https:\/\/testim-mallorca.com\/mi-cuenta\/\" \/>\n<meta property=\"og:site_name\" content=\"T&#039;Estim\" \/>\n<meta property=\"article:publisher\" content=\"https:\/\/www.facebook.com\/testimmallorca\/\" \/>\n<meta name=\"twitter:card\" content=\"summary_large_image\" \/>\n<meta name=\"twitter:site\" content=\"@testim_mallorca\" \/>\n<script type=\"application\/ld+json\" class=\"yoast-schema-graph\">{\"@context\":\"https:\/\/schema.org\",\"@graph\":[{\"@type\":\"WebPage\",\"@id\":\"https:\/\/testim-mallorca.com\/mi-cuenta\/\",\"url\":\"https:\/\/testim-mallorca.com\/mi-cuenta\/\",\"name\":\"My Account - T&#039;Estim\",\"isPartOf\":{\"@id\":\"https:\/\/testim-mallorca.com\/#website\"},\"datePublished\":\"2022-01-21T20:14:44+00:00\",\"dateModified\":\"2022-01-21T20:14:44+00:00\",\"breadcrumb\":{\"@id\":\"https:\/\/testim-mallorca.com\/mi-cuenta\/#breadcrumb\"},\"inLanguage\":\"ca\",\"potentialAction\":[{\"@type\":\"ReadAction\",\"target\":[\"https:\/\/testim-mallorca.com\/mi-cuenta\/\"]}]},{\"@type\":\"BreadcrumbList\",\"@id\":\"https:\/\/testim-mallorca.com\/mi-cuenta\/#breadcrumb\",\"itemListElement\":[{\"@type\":\"ListItem\",\"position\":1,\"name\":\"Portada\",\"item\":\"https:\/\/testim-mallorca.com\/ca\/\"},{\"@type\":\"ListItem\",\"position\":2,\"name\":\"My Account\"}]},{\"@type\":\"WebSite\",\"@id\":\"https:\/\/testim-mallorca.com\/#website\",\"url\":\"https:\/\/testim-mallorca.com\/\",\"name\":\"T&#039;Estim\",\"description\":\"Infusions i tes ecol\u00f2gics de Mallorca\",\"publisher\":{\"@id\":\"https:\/\/testim-mallorca.com\/#organization\"},\"potentialAction\":[{\"@type\":\"SearchAction\",\"target\":{\"@type\":\"EntryPoint\",\"urlTemplate\":\"https:\/\/testim-mallorca.com\/?s={search_term_string}\"},\"query-input\":\"required name=search_term_string\"}],\"inLanguage\":\"ca\"},{\"@type\":\"Organization\",\"@id\":\"https:\/\/testim-mallorca.com\/#organization\",\"name\":\"T'Estim Mallorca\",\"url\":\"https:\/\/testim-mallorca.com\/\",\"logo\":{\"@type\":\"ImageObject\",\"inLanguage\":\"ca\",\"@id\":\"https:\/\/testim-mallorca.com\/#\/schema\/logo\/image\/\",\"url\":\"https:\/\/testim-mallorca.com\/wp-content\/uploads\/2022\/06\/Logo-testim-web-new.png\",\"contentUrl\":\"https:\/\/testim-mallorca.com\/wp-content\/uploads\/2022\/06\/Logo-testim-web-new.png\",\"width\":500,\"height\":173,\"caption\":\"T'Estim Mallorca\"},\"image\":{\"@id\":\"https:\/\/testim-mallorca.com\/#\/schema\/logo\/image\/\"},\"sameAs\":[\"https:\/\/www.facebook.com\/testimmallorca\/\",\"https:\/\/x.com\/testim_mallorca\",\"https:\/\/www.instagram.com\/testim_mallorca_\/\",\"https:\/\/www.linkedin.com\/company\/testim-mallorca\/about\/\"]}]}<\/script>\n<!-- \/ Yoast SEO plugin. -->","yoast_head_json":{"title":"My Account - T&#039;Estim","robots":{"index":"index","follow":"follow","max-snippet":"max-snippet:-1","max-image-preview":"max-image-preview:large","max-video-preview":"max-video-preview:-1"},"canonical":"https:\/\/testim-mallorca.com\/mi-cuenta\/","og_locale":"ca_ES","og_type":"article","og_title":"My Account - T&#039;Estim","og_url":"https:\/\/testim-mallorca.com\/mi-cuenta\/","og_site_name":"T&#039;Estim","article_publisher":"https:\/\/www.facebook.com\/testimmallorca\/","twitter_card":"summary_large_image","twitter_site":"@testim_mallorca","schema":{"@context":"https:\/\/schema.org","@graph":[{"@type":"WebPage","@id":"https:\/\/testim-mallorca.com\/mi-cuenta\/","url":"https:\/\/testim-mallorca.com\/mi-cuenta\/","name":"My Account - T&#039;Estim","isPartOf":{"@id":"https:\/\/testim-mallorca.com\/#website"},"datePublished":"2022-01-21T20:14:44+00:00","dateModified":"2022-01-21T20:14:44+00:00","breadcrumb":{"@id":"https:\/\/testim-mallorca.com\/mi-cuenta\/#breadcrumb"},"inLanguage":"ca","potentialAction":[{"@type":"ReadAction","target":["https:\/\/testim-mallorca.com\/mi-cuenta\/"]}]},{"@type":"BreadcrumbList","@id":"https:\/\/testim-mallorca.com\/mi-cuenta\/#breadcrumb","itemListElement":[{"@type":"ListItem","position":1,"name":"Portada","item":"https:\/\/testim-mallorca.com\/ca\/"},{"@type":"ListItem","position":2,"name":"My Account"}]},{"@type":"WebSite","@id":"https:\/\/testim-mallorca.com\/#website","url":"https:\/\/testim-mallorca.com\/","name":"T&#039;Estim","description":"Infusions i tes ecol\u00f2gics de Mallorca","publisher":{"@id":"https:\/\/testim-mallorca.com\/#organization"},"potentialAction":[{"@type":"SearchAction","target":{"@type":"EntryPoint","urlTemplate":"https:\/\/testim-mallorca.com\/?s={search_term_string}"},"query-input":"required name=search_term_string"}],"inLanguage":"ca"},{"@type":"Organization","@id":"https:\/\/testim-mallorca.com\/#organization","name":"T'Estim Mallorca","url":"https:\/\/testim-mallorca.com\/","logo":{"@type":"ImageObject","inLanguage":"ca","@id":"https:\/\/testim-mallorca.com\/#\/schema\/logo\/image\/","url":"https:\/\/testim-mallorca.com\/wp-content\/uploads\/2022\/06\/Logo-testim-web-new.png","contentUrl":"https:\/\/testim-mallorca.com\/wp-content\/uploads\/2022\/06\/Logo-testim-web-new.png","width":500,"height":173,"caption":"T'Estim Mallorca"},"image":{"@id":"https:\/\/testim-mallorca.com\/#\/schema\/logo\/image\/"},"sameAs":["https:\/\/www.facebook.com\/testimmallorca\/","https:\/\/x.com\/testim_mallorca","https:\/\/www.instagram.com\/testim_mallorca_\/","https:\/\/www.linkedin.com\/company\/testim-mallorca\/about\/"]}]}},"_links":{"self":[{"href":"https:\/\/testim-mallorca.com\/ca\/wp-json\/wp\/v2\/pages\/8146"}],"collection":[{"href":"https:\/\/testim-mallorca.com\/ca\/wp-json\/wp\/v2\/pages"}],"about":[{"href":"https:\/\/testim-mallorca.com\/ca\/wp-json\/wp\/v2\/types\/page"}],"author":[{"embeddable":true,"href":"https:\/\/testim-mallorca.com\/ca\/wp-json\/wp\/v2\/users\/1"}],"replies":[{"embeddable":true,"href":"https:\/\/testim-mallorca.com\/ca\/wp-json\/wp\/v2\/comments?post=8146"}],"version-history":[{"count":0,"href":"https:\/\/testim-mallorca.com\/ca\/wp-json\/wp\/v2\/pages\/8146\/revisions"}],"wp:attachment":[{"href":"https:\/\/testim-mallorca.com\/ca\/wp-json\/wp\/v2\/media?parent=8146"}],"curies":[{"name":"wp","href":"https:\/\/api.w.org\/{rel}","templated":true}]}}