{"id":8578,"date":"2022-02-03T18:40:25","date_gmt":"2022-02-03T18:40:25","guid":{"rendered":"https:\/\/testim-mallorca.com\/producto\/digestiva\/"},"modified":"2022-10-07T12:02:14","modified_gmt":"2022-10-07T12:02:14","slug":"digestiva","status":"publish","type":"product","link":"https:\/\/testim-mallorca.com\/ca\/producto\/digestiva\/","title":{"rendered":"DIGESTIVA"},"content":{"rendered":"<p style=\"text-align: center;\">11% Camamil\u00b7la, 19% Fonoll<\/p>\n<p style=\"text-align: center;\">20% Herba Llu\u00efsa , 18% Menta<\/p>\n<p style=\"text-align: center;\">18% Roman\u00ed , 15% Llevamans<\/p>\n<p style=\"text-align: center;\">12 pir\u00e0mides x 2 grams, 24g total<\/p>\n<p style=\"text-align: center;\">\n","protected":false},"excerpt":{"rendered":"<p>Aquesta combinaci\u00f3 \u00e9s ideal per equilibrar la digesti\u00f3, \u00e9s antiinflamat\u00f2ria i sedant, facilita que el nostre aparell digestiu estigui en harmonia.<\/p>\n<p><em>Propietats<\/em>: Sedant, digestiva, anti-flatul\u00e8ncies i inflamacions intestinals, actua contra l\u2019acidesa d\u2019est\u00f3mac i reflux, equilibra el sistema nervi\u00f3s, l\u2019ansietat, \u00e9s colagoga i la coler\u00e8tica.<\/p>\n","protected":false},"featured_media":8482,"comment_status":"open","ping_status":"closed","template":"","meta":{"_monsterinsights_skip_tracking":false,"_monsterinsights_sitenote_active":false,"_monsterinsights_sitenote_note":"","_monsterinsights_sitenote_category":0},"product_cat":[158],"product_tag":[169,170,160,171,134,166,168,163,135,136],"class_list":{"0":"post-8578","1":"product","2":"type-product","3":"status-publish","4":"has-post-thumbnail","6":"product_cat-mallorca-natural-ca","7":"product_tag-calendula-ca","8":"product_tag-digestiva-ca","9":"product_tag-hierba-luisa-ca","10":"product_tag-hinojo-ca","11":"product_tag-infusion-ca","12":"product_tag-manzanilla-ca","13":"product_tag-menta-ca","14":"product_tag-romero-ca","15":"product_tag-te-ca","16":"product_tag-te-ecologico-ca","18":"first","19":"instock","20":"shipping-taxable","21":"purchasable","22":"product-type-simple"},"yoast_head":"<!-- This site is optimized with the Yoast SEO plugin v23.3 - https:\/\/yoast.com\/wordpress\/plugins\/seo\/ -->\n<title>DIGESTIVA - T&#039;Estim<\/title>\n<meta name=\"robots\" content=\"index, follow, max-snippet:-1, max-image-preview:large, max-video-preview:-1\" \/>\n<link rel=\"canonical\" href=\"https:\/\/testim-mallorca.com\/ca\/producto\/digestiva\/\" \/>\n<meta property=\"og:locale\" content=\"ca_ES\" \/>\n<meta property=\"og:type\" content=\"article\" \/>\n<meta property=\"og:title\" content=\"DIGESTIVA - T&#039;Estim\" \/>\n<meta property=\"og:description\" content=\"Aquesta combinaci\u00f3 \u00e9s ideal per equilibrar la digesti\u00f3, \u00e9s antiinflamat\u00f2ria i sedant, facilita que el nostre aparell digestiu estigui en harmonia.  Propietats: Sedant, digestiva, anti-flatul\u00e8ncies i inflamacions intestinals, actua contra l\u2019acidesa d\u2019est\u00f3mac i reflux, equilibra el sistema nervi\u00f3s, l\u2019ansietat, \u00e9s colagoga i la coler\u00e8tica.\" \/>\n<meta property=\"og:url\" content=\"https:\/\/testim-mallorca.com\/ca\/producto\/digestiva\/\" \/>\n<meta property=\"og:site_name\" content=\"T&#039;Estim\" \/>\n<meta property=\"article:publisher\" content=\"https:\/\/www.facebook.com\/testimmallorca\/\" \/>\n<meta property=\"article:modified_time\" content=\"2022-10-07T12:02:14+00:00\" \/>\n<meta property=\"og:image\" content=\"https:\/\/testim-mallorca.com\/wp-content\/uploads\/2022\/02\/7-Mallorca-NATURAL-Digestiva-1.jpg\" \/>\n\t<meta property=\"og:image:width\" content=\"1286\" \/>\n\t<meta property=\"og:image:height\" content=\"1654\" \/>\n\t<meta property=\"og:image:type\" content=\"image\/jpeg\" \/>\n<meta name=\"twitter:card\" content=\"summary_large_image\" \/>\n<meta name=\"twitter:site\" content=\"@testim_mallorca\" \/>\n<meta name=\"twitter:label1\" content=\"Temps estimat de lectura\" \/>\n\t<meta name=\"twitter:data1\" content=\"1 minut\" \/>\n<script type=\"application\/ld+json\" class=\"yoast-schema-graph\">{\"@context\":\"https:\/\/schema.org\",\"@graph\":[{\"@type\":\"WebPage\",\"@id\":\"https:\/\/testim-mallorca.com\/ca\/producto\/digestiva\/\",\"url\":\"https:\/\/testim-mallorca.com\/ca\/producto\/digestiva\/\",\"name\":\"DIGESTIVA - T&#039;Estim\",\"isPartOf\":{\"@id\":\"https:\/\/testim-mallorca.com\/#website\"},\"primaryImageOfPage\":{\"@id\":\"https:\/\/testim-mallorca.com\/ca\/producto\/digestiva\/#primaryimage\"},\"image\":{\"@id\":\"https:\/\/testim-mallorca.com\/ca\/producto\/digestiva\/#primaryimage\"},\"thumbnailUrl\":\"https:\/\/testim-mallorca.com\/wp-content\/uploads\/2022\/02\/7-Mallorca-NATURAL-Digestiva-1.jpg\",\"datePublished\":\"2022-02-03T18:40:25+00:00\",\"dateModified\":\"2022-10-07T12:02:14+00:00\",\"breadcrumb\":{\"@id\":\"https:\/\/testim-mallorca.com\/ca\/producto\/digestiva\/#breadcrumb\"},\"inLanguage\":\"ca\",\"potentialAction\":[{\"@type\":\"ReadAction\",\"target\":[\"https:\/\/testim-mallorca.com\/ca\/producto\/digestiva\/\"]}]},{\"@type\":\"ImageObject\",\"inLanguage\":\"ca\",\"@id\":\"https:\/\/testim-mallorca.com\/ca\/producto\/digestiva\/#primaryimage\",\"url\":\"https:\/\/testim-mallorca.com\/wp-content\/uploads\/2022\/02\/7-Mallorca-NATURAL-Digestiva-1.jpg\",\"contentUrl\":\"https:\/\/testim-mallorca.com\/wp-content\/uploads\/2022\/02\/7-Mallorca-NATURAL-Digestiva-1.jpg\",\"width\":1286,\"height\":1654,\"caption\":\"OLYMPUS DIGITAL CAMERA\"},{\"@type\":\"BreadcrumbList\",\"@id\":\"https:\/\/testim-mallorca.com\/ca\/producto\/digestiva\/#breadcrumb\",\"itemListElement\":[{\"@type\":\"ListItem\",\"position\":1,\"name\":\"Portada\",\"item\":\"https:\/\/testim-mallorca.com\/ca\/\"},{\"@type\":\"ListItem\",\"position\":2,\"name\":\"Shop\",\"item\":\"https:\/\/testim-mallorca.com\/ca\/shop\/\"},{\"@type\":\"ListItem\",\"position\":3,\"name\":\"DIGESTIVA\"}]},{\"@type\":\"WebSite\",\"@id\":\"https:\/\/testim-mallorca.com\/#website\",\"url\":\"https:\/\/testim-mallorca.com\/\",\"name\":\"T&#039;Estim\",\"description\":\"Infusions i tes ecol\u00f2gics de Mallorca\",\"publisher\":{\"@id\":\"https:\/\/testim-mallorca.com\/#organization\"},\"potentialAction\":[{\"@type\":\"SearchAction\",\"target\":{\"@type\":\"EntryPoint\",\"urlTemplate\":\"https:\/\/testim-mallorca.com\/?s={search_term_string}\"},\"query-input\":\"required name=search_term_string\"}],\"inLanguage\":\"ca\"},{\"@type\":\"Organization\",\"@id\":\"https:\/\/testim-mallorca.com\/#organization\",\"name\":\"T'Estim Mallorca\",\"url\":\"https:\/\/testim-mallorca.com\/\",\"logo\":{\"@type\":\"ImageObject\",\"inLanguage\":\"ca\",\"@id\":\"https:\/\/testim-mallorca.com\/#\/schema\/logo\/image\/\",\"url\":\"https:\/\/testim-mallorca.com\/wp-content\/uploads\/2022\/06\/Logo-testim-web-new.png\",\"contentUrl\":\"https:\/\/testim-mallorca.com\/wp-content\/uploads\/2022\/06\/Logo-testim-web-new.png\",\"width\":500,\"height\":173,\"caption\":\"T'Estim Mallorca\"},\"image\":{\"@id\":\"https:\/\/testim-mallorca.com\/#\/schema\/logo\/image\/\"},\"sameAs\":[\"https:\/\/www.facebook.com\/testimmallorca\/\",\"https:\/\/x.com\/testim_mallorca\",\"https:\/\/www.instagram.com\/testim_mallorca_\/\",\"https:\/\/www.linkedin.com\/company\/testim-mallorca\/about\/\"]}]}<\/script>\n<!-- \/ Yoast SEO plugin. -->","yoast_head_json":{"title":"DIGESTIVA - T&#039;Estim","robots":{"index":"index","follow":"follow","max-snippet":"max-snippet:-1","max-image-preview":"max-image-preview:large","max-video-preview":"max-video-preview:-1"},"canonical":"https:\/\/testim-mallorca.com\/ca\/producto\/digestiva\/","og_locale":"ca_ES","og_type":"article","og_title":"DIGESTIVA - T&#039;Estim","og_description":"Aquesta combinaci\u00f3 \u00e9s ideal per equilibrar la digesti\u00f3, \u00e9s antiinflamat\u00f2ria i sedant, facilita que el nostre aparell digestiu estigui en harmonia.  Propietats: Sedant, digestiva, anti-flatul\u00e8ncies i inflamacions intestinals, actua contra l\u2019acidesa d\u2019est\u00f3mac i reflux, equilibra el sistema nervi\u00f3s, l\u2019ansietat, \u00e9s colagoga i la coler\u00e8tica.","og_url":"https:\/\/testim-mallorca.com\/ca\/producto\/digestiva\/","og_site_name":"T&#039;Estim","article_publisher":"https:\/\/www.facebook.com\/testimmallorca\/","article_modified_time":"2022-10-07T12:02:14+00:00","og_image":[{"width":1286,"height":1654,"url":"https:\/\/testim-mallorca.com\/wp-content\/uploads\/2022\/02\/7-Mallorca-NATURAL-Digestiva-1.jpg","type":"image\/jpeg"}],"twitter_card":"summary_large_image","twitter_site":"@testim_mallorca","twitter_misc":{"Temps estimat de lectura":"1 minut"},"schema":{"@context":"https:\/\/schema.org","@graph":[{"@type":"WebPage","@id":"https:\/\/testim-mallorca.com\/ca\/producto\/digestiva\/","url":"https:\/\/testim-mallorca.com\/ca\/producto\/digestiva\/","name":"DIGESTIVA - T&#039;Estim","isPartOf":{"@id":"https:\/\/testim-mallorca.com\/#website"},"primaryImageOfPage":{"@id":"https:\/\/testim-mallorca.com\/ca\/producto\/digestiva\/#primaryimage"},"image":{"@id":"https:\/\/testim-mallorca.com\/ca\/producto\/digestiva\/#primaryimage"},"thumbnailUrl":"https:\/\/testim-mallorca.com\/wp-content\/uploads\/2022\/02\/7-Mallorca-NATURAL-Digestiva-1.jpg","datePublished":"2022-02-03T18:40:25+00:00","dateModified":"2022-10-07T12:02:14+00:00","breadcrumb":{"@id":"https:\/\/testim-mallorca.com\/ca\/producto\/digestiva\/#breadcrumb"},"inLanguage":"ca","potentialAction":[{"@type":"ReadAction","target":["https:\/\/testim-mallorca.com\/ca\/producto\/digestiva\/"]}]},{"@type":"ImageObject","inLanguage":"ca","@id":"https:\/\/testim-mallorca.com\/ca\/producto\/digestiva\/#primaryimage","url":"https:\/\/testim-mallorca.com\/wp-content\/uploads\/2022\/02\/7-Mallorca-NATURAL-Digestiva-1.jpg","contentUrl":"https:\/\/testim-mallorca.com\/wp-content\/uploads\/2022\/02\/7-Mallorca-NATURAL-Digestiva-1.jpg","width":1286,"height":1654,"caption":"OLYMPUS DIGITAL CAMERA"},{"@type":"BreadcrumbList","@id":"https:\/\/testim-mallorca.com\/ca\/producto\/digestiva\/#breadcrumb","itemListElement":[{"@type":"ListItem","position":1,"name":"Portada","item":"https:\/\/testim-mallorca.com\/ca\/"},{"@type":"ListItem","position":2,"name":"Shop","item":"https:\/\/testim-mallorca.com\/ca\/shop\/"},{"@type":"ListItem","position":3,"name":"DIGESTIVA"}]},{"@type":"WebSite","@id":"https:\/\/testim-mallorca.com\/#website","url":"https:\/\/testim-mallorca.com\/","name":"T&#039;Estim","description":"Infusions i tes ecol\u00f2gics de Mallorca","publisher":{"@id":"https:\/\/testim-mallorca.com\/#organization"},"potentialAction":[{"@type":"SearchAction","target":{"@type":"EntryPoint","urlTemplate":"https:\/\/testim-mallorca.com\/?s={search_term_string}"},"query-input":"required name=search_term_string"}],"inLanguage":"ca"},{"@type":"Organization","@id":"https:\/\/testim-mallorca.com\/#organization","name":"T'Estim Mallorca","url":"https:\/\/testim-mallorca.com\/","logo":{"@type":"ImageObject","inLanguage":"ca","@id":"https:\/\/testim-mallorca.com\/#\/schema\/logo\/image\/","url":"https:\/\/testim-mallorca.com\/wp-content\/uploads\/2022\/06\/Logo-testim-web-new.png","contentUrl":"https:\/\/testim-mallorca.com\/wp-content\/uploads\/2022\/06\/Logo-testim-web-new.png","width":500,"height":173,"caption":"T'Estim Mallorca"},"image":{"@id":"https:\/\/testim-mallorca.com\/#\/schema\/logo\/image\/"},"sameAs":["https:\/\/www.facebook.com\/testimmallorca\/","https:\/\/x.com\/testim_mallorca","https:\/\/www.instagram.com\/testim_mallorca_\/","https:\/\/www.linkedin.com\/company\/testim-mallorca\/about\/"]}]}},"_links":{"self":[{"href":"https:\/\/testim-mallorca.com\/ca\/wp-json\/wp\/v2\/product\/8578"}],"collection":[{"href":"https:\/\/testim-mallorca.com\/ca\/wp-json\/wp\/v2\/product"}],"about":[{"href":"https:\/\/testim-mallorca.com\/ca\/wp-json\/wp\/v2\/types\/product"}],"replies":[{"embeddable":true,"href":"https:\/\/testim-mallorca.com\/ca\/wp-json\/wp\/v2\/comments?post=8578"}],"wp:featuredmedia":[{"embeddable":true,"href":"https:\/\/testim-mallorca.com\/ca\/wp-json\/wp\/v2\/media\/8482"}],"wp:attachment":[{"href":"https:\/\/testim-mallorca.com\/ca\/wp-json\/wp\/v2\/media?parent=8578"}],"wp:term":[{"taxonomy":"product_cat","embeddable":true,"href":"https:\/\/testim-mallorca.com\/ca\/wp-json\/wp\/v2\/product_cat?post=8578"},{"taxonomy":"product_tag","embeddable":true,"href":"https:\/\/testim-mallorca.com\/ca\/wp-json\/wp\/v2\/product_tag?post=8578"}],"curies":[{"name":"wp","href":"https:\/\/api.w.org\/{rel}","templated":true}]}}