{"id":8582,"date":"2022-02-03T18:22:27","date_gmt":"2022-02-03T18:22:27","guid":{"rendered":"https:\/\/testim-mallorca.com\/producto\/farigola-tomillo\/"},"modified":"2022-04-01T13:27:18","modified_gmt":"2022-04-01T13:27:18","slug":"farigola","status":"publish","type":"product","link":"https:\/\/testim-mallorca.com\/ca\/producto\/farigola\/","title":{"rendered":"FARIGOLA"},"content":{"rendered":"<p style=\"text-align: center;\">100% Farigola<\/p>\n<p style=\"text-align: center;\">12 pir\u00e0mides x 1,5g, 18g total<\/p>\n","protected":false},"excerpt":{"rendered":"<p class=\"p1\">Arom\u00e0tica, cultivada a les hortes i patis de l\u2019illa des de temps enrere pels seus innombrables usos com a condiment, als licors i tamb\u00e9 en usos medicinals. \u00c9s antibi\u00f2tica, antis\u00e8ptica, expectorant, mucol\u00edtica, digestiva i va b\u00e9 per a la tos.<\/p>\n","protected":false},"featured_media":8498,"comment_status":"open","ping_status":"closed","template":"","meta":{"_monsterinsights_skip_tracking":false,"_monsterinsights_sitenote_active":false,"_monsterinsights_sitenote_note":"","_monsterinsights_sitenote_category":0},"product_cat":[175],"product_tag":[176,134,135,136,164],"class_list":{"0":"post-8582","1":"product","2":"type-product","3":"status-publish","4":"has-post-thumbnail","6":"product_cat-mallorca-pura-ca","7":"product_tag-farigola-ca","8":"product_tag-infusion-ca","9":"product_tag-te-ca","10":"product_tag-te-ecologico-ca","11":"product_tag-tomillo-ca","13":"first","14":"instock","15":"shipping-taxable","16":"purchasable","17":"product-type-simple"},"yoast_head":"<!-- This site is optimized with the Yoast SEO plugin v23.3 - https:\/\/yoast.com\/wordpress\/plugins\/seo\/ -->\n<title>FARIGOLA - T&#039;Estim<\/title>\n<meta name=\"robots\" content=\"index, follow, max-snippet:-1, max-image-preview:large, max-video-preview:-1\" \/>\n<link rel=\"canonical\" href=\"https:\/\/testim-mallorca.com\/ca\/producto\/farigola\/\" \/>\n<meta property=\"og:locale\" content=\"ca_ES\" \/>\n<meta property=\"og:type\" content=\"article\" \/>\n<meta property=\"og:title\" content=\"FARIGOLA - T&#039;Estim\" \/>\n<meta property=\"og:description\" content=\"Arom\u00e0tica, cultivada a les hortes i patis de l\u2019illa des de temps enrere pels seus innombrables usos com a condiment, als licors i tamb\u00e9 en usos medicinals. \u00c9s antibi\u00f2tica, antis\u00e8ptica, expectorant, mucol\u00edtica, digestiva i va b\u00e9 per a la tos.\" \/>\n<meta property=\"og:url\" content=\"https:\/\/testim-mallorca.com\/ca\/producto\/farigola\/\" \/>\n<meta property=\"og:site_name\" content=\"T&#039;Estim\" \/>\n<meta property=\"article:publisher\" content=\"https:\/\/www.facebook.com\/testimmallorca\/\" \/>\n<meta property=\"article:modified_time\" content=\"2022-04-01T13:27:18+00:00\" \/>\n<meta property=\"og:image\" content=\"https:\/\/testim-mallorca.com\/wp-content\/uploads\/2022\/02\/4-Mallorca-PURA-Farigola-1.jpg\" \/>\n\t<meta property=\"og:image:width\" content=\"1286\" \/>\n\t<meta property=\"og:image:height\" content=\"1654\" \/>\n\t<meta property=\"og:image:type\" content=\"image\/jpeg\" \/>\n<meta name=\"twitter:card\" content=\"summary_large_image\" \/>\n<meta name=\"twitter:site\" content=\"@testim_mallorca\" \/>\n<script type=\"application\/ld+json\" class=\"yoast-schema-graph\">{\"@context\":\"https:\/\/schema.org\",\"@graph\":[{\"@type\":\"WebPage\",\"@id\":\"https:\/\/testim-mallorca.com\/ca\/producto\/farigola\/\",\"url\":\"https:\/\/testim-mallorca.com\/ca\/producto\/farigola\/\",\"name\":\"FARIGOLA - T&#039;Estim\",\"isPartOf\":{\"@id\":\"https:\/\/testim-mallorca.com\/#website\"},\"primaryImageOfPage\":{\"@id\":\"https:\/\/testim-mallorca.com\/ca\/producto\/farigola\/#primaryimage\"},\"image\":{\"@id\":\"https:\/\/testim-mallorca.com\/ca\/producto\/farigola\/#primaryimage\"},\"thumbnailUrl\":\"https:\/\/testim-mallorca.com\/wp-content\/uploads\/2022\/02\/4-Mallorca-PURA-Farigola-1.jpg\",\"datePublished\":\"2022-02-03T18:22:27+00:00\",\"dateModified\":\"2022-04-01T13:27:18+00:00\",\"breadcrumb\":{\"@id\":\"https:\/\/testim-mallorca.com\/ca\/producto\/farigola\/#breadcrumb\"},\"inLanguage\":\"ca\",\"potentialAction\":[{\"@type\":\"ReadAction\",\"target\":[\"https:\/\/testim-mallorca.com\/ca\/producto\/farigola\/\"]}]},{\"@type\":\"ImageObject\",\"inLanguage\":\"ca\",\"@id\":\"https:\/\/testim-mallorca.com\/ca\/producto\/farigola\/#primaryimage\",\"url\":\"https:\/\/testim-mallorca.com\/wp-content\/uploads\/2022\/02\/4-Mallorca-PURA-Farigola-1.jpg\",\"contentUrl\":\"https:\/\/testim-mallorca.com\/wp-content\/uploads\/2022\/02\/4-Mallorca-PURA-Farigola-1.jpg\",\"width\":1286,\"height\":1654,\"caption\":\"OLYMPUS DIGITAL CAMERA\"},{\"@type\":\"BreadcrumbList\",\"@id\":\"https:\/\/testim-mallorca.com\/ca\/producto\/farigola\/#breadcrumb\",\"itemListElement\":[{\"@type\":\"ListItem\",\"position\":1,\"name\":\"Portada\",\"item\":\"https:\/\/testim-mallorca.com\/ca\/\"},{\"@type\":\"ListItem\",\"position\":2,\"name\":\"Shop\",\"item\":\"https:\/\/testim-mallorca.com\/ca\/shop\/\"},{\"@type\":\"ListItem\",\"position\":3,\"name\":\"FARIGOLA\"}]},{\"@type\":\"WebSite\",\"@id\":\"https:\/\/testim-mallorca.com\/#website\",\"url\":\"https:\/\/testim-mallorca.com\/\",\"name\":\"T&#039;Estim\",\"description\":\"Infusions i tes ecol\u00f2gics de Mallorca\",\"publisher\":{\"@id\":\"https:\/\/testim-mallorca.com\/#organization\"},\"potentialAction\":[{\"@type\":\"SearchAction\",\"target\":{\"@type\":\"EntryPoint\",\"urlTemplate\":\"https:\/\/testim-mallorca.com\/?s={search_term_string}\"},\"query-input\":\"required name=search_term_string\"}],\"inLanguage\":\"ca\"},{\"@type\":\"Organization\",\"@id\":\"https:\/\/testim-mallorca.com\/#organization\",\"name\":\"T'Estim Mallorca\",\"url\":\"https:\/\/testim-mallorca.com\/\",\"logo\":{\"@type\":\"ImageObject\",\"inLanguage\":\"ca\",\"@id\":\"https:\/\/testim-mallorca.com\/#\/schema\/logo\/image\/\",\"url\":\"https:\/\/testim-mallorca.com\/wp-content\/uploads\/2022\/06\/Logo-testim-web-new.png\",\"contentUrl\":\"https:\/\/testim-mallorca.com\/wp-content\/uploads\/2022\/06\/Logo-testim-web-new.png\",\"width\":500,\"height\":173,\"caption\":\"T'Estim Mallorca\"},\"image\":{\"@id\":\"https:\/\/testim-mallorca.com\/#\/schema\/logo\/image\/\"},\"sameAs\":[\"https:\/\/www.facebook.com\/testimmallorca\/\",\"https:\/\/x.com\/testim_mallorca\",\"https:\/\/www.instagram.com\/testim_mallorca_\/\",\"https:\/\/www.linkedin.com\/company\/testim-mallorca\/about\/\"]}]}<\/script>\n<!-- \/ Yoast SEO plugin. -->","yoast_head_json":{"title":"FARIGOLA - T&#039;Estim","robots":{"index":"index","follow":"follow","max-snippet":"max-snippet:-1","max-image-preview":"max-image-preview:large","max-video-preview":"max-video-preview:-1"},"canonical":"https:\/\/testim-mallorca.com\/ca\/producto\/farigola\/","og_locale":"ca_ES","og_type":"article","og_title":"FARIGOLA - T&#039;Estim","og_description":"Arom\u00e0tica, cultivada a les hortes i patis de l\u2019illa des de temps enrere pels seus innombrables usos com a condiment, als licors i tamb\u00e9 en usos medicinals. \u00c9s antibi\u00f2tica, antis\u00e8ptica, expectorant, mucol\u00edtica, digestiva i va b\u00e9 per a la tos.","og_url":"https:\/\/testim-mallorca.com\/ca\/producto\/farigola\/","og_site_name":"T&#039;Estim","article_publisher":"https:\/\/www.facebook.com\/testimmallorca\/","article_modified_time":"2022-04-01T13:27:18+00:00","og_image":[{"width":1286,"height":1654,"url":"https:\/\/testim-mallorca.com\/wp-content\/uploads\/2022\/02\/4-Mallorca-PURA-Farigola-1.jpg","type":"image\/jpeg"}],"twitter_card":"summary_large_image","twitter_site":"@testim_mallorca","schema":{"@context":"https:\/\/schema.org","@graph":[{"@type":"WebPage","@id":"https:\/\/testim-mallorca.com\/ca\/producto\/farigola\/","url":"https:\/\/testim-mallorca.com\/ca\/producto\/farigola\/","name":"FARIGOLA - T&#039;Estim","isPartOf":{"@id":"https:\/\/testim-mallorca.com\/#website"},"primaryImageOfPage":{"@id":"https:\/\/testim-mallorca.com\/ca\/producto\/farigola\/#primaryimage"},"image":{"@id":"https:\/\/testim-mallorca.com\/ca\/producto\/farigola\/#primaryimage"},"thumbnailUrl":"https:\/\/testim-mallorca.com\/wp-content\/uploads\/2022\/02\/4-Mallorca-PURA-Farigola-1.jpg","datePublished":"2022-02-03T18:22:27+00:00","dateModified":"2022-04-01T13:27:18+00:00","breadcrumb":{"@id":"https:\/\/testim-mallorca.com\/ca\/producto\/farigola\/#breadcrumb"},"inLanguage":"ca","potentialAction":[{"@type":"ReadAction","target":["https:\/\/testim-mallorca.com\/ca\/producto\/farigola\/"]}]},{"@type":"ImageObject","inLanguage":"ca","@id":"https:\/\/testim-mallorca.com\/ca\/producto\/farigola\/#primaryimage","url":"https:\/\/testim-mallorca.com\/wp-content\/uploads\/2022\/02\/4-Mallorca-PURA-Farigola-1.jpg","contentUrl":"https:\/\/testim-mallorca.com\/wp-content\/uploads\/2022\/02\/4-Mallorca-PURA-Farigola-1.jpg","width":1286,"height":1654,"caption":"OLYMPUS DIGITAL CAMERA"},{"@type":"BreadcrumbList","@id":"https:\/\/testim-mallorca.com\/ca\/producto\/farigola\/#breadcrumb","itemListElement":[{"@type":"ListItem","position":1,"name":"Portada","item":"https:\/\/testim-mallorca.com\/ca\/"},{"@type":"ListItem","position":2,"name":"Shop","item":"https:\/\/testim-mallorca.com\/ca\/shop\/"},{"@type":"ListItem","position":3,"name":"FARIGOLA"}]},{"@type":"WebSite","@id":"https:\/\/testim-mallorca.com\/#website","url":"https:\/\/testim-mallorca.com\/","name":"T&#039;Estim","description":"Infusions i tes ecol\u00f2gics de Mallorca","publisher":{"@id":"https:\/\/testim-mallorca.com\/#organization"},"potentialAction":[{"@type":"SearchAction","target":{"@type":"EntryPoint","urlTemplate":"https:\/\/testim-mallorca.com\/?s={search_term_string}"},"query-input":"required name=search_term_string"}],"inLanguage":"ca"},{"@type":"Organization","@id":"https:\/\/testim-mallorca.com\/#organization","name":"T'Estim Mallorca","url":"https:\/\/testim-mallorca.com\/","logo":{"@type":"ImageObject","inLanguage":"ca","@id":"https:\/\/testim-mallorca.com\/#\/schema\/logo\/image\/","url":"https:\/\/testim-mallorca.com\/wp-content\/uploads\/2022\/06\/Logo-testim-web-new.png","contentUrl":"https:\/\/testim-mallorca.com\/wp-content\/uploads\/2022\/06\/Logo-testim-web-new.png","width":500,"height":173,"caption":"T'Estim Mallorca"},"image":{"@id":"https:\/\/testim-mallorca.com\/#\/schema\/logo\/image\/"},"sameAs":["https:\/\/www.facebook.com\/testimmallorca\/","https:\/\/x.com\/testim_mallorca","https:\/\/www.instagram.com\/testim_mallorca_\/","https:\/\/www.linkedin.com\/company\/testim-mallorca\/about\/"]}]}},"_links":{"self":[{"href":"https:\/\/testim-mallorca.com\/ca\/wp-json\/wp\/v2\/product\/8582"}],"collection":[{"href":"https:\/\/testim-mallorca.com\/ca\/wp-json\/wp\/v2\/product"}],"about":[{"href":"https:\/\/testim-mallorca.com\/ca\/wp-json\/wp\/v2\/types\/product"}],"replies":[{"embeddable":true,"href":"https:\/\/testim-mallorca.com\/ca\/wp-json\/wp\/v2\/comments?post=8582"}],"wp:featuredmedia":[{"embeddable":true,"href":"https:\/\/testim-mallorca.com\/ca\/wp-json\/wp\/v2\/media\/8498"}],"wp:attachment":[{"href":"https:\/\/testim-mallorca.com\/ca\/wp-json\/wp\/v2\/media?parent=8582"}],"wp:term":[{"taxonomy":"product_cat","embeddable":true,"href":"https:\/\/testim-mallorca.com\/ca\/wp-json\/wp\/v2\/product_cat?post=8582"},{"taxonomy":"product_tag","embeddable":true,"href":"https:\/\/testim-mallorca.com\/ca\/wp-json\/wp\/v2\/product_tag?post=8582"}],"curies":[{"name":"wp","href":"https:\/\/api.w.org\/{rel}","templated":true}]}}