{"id":9675,"date":"2025-12-15T08:19:16","date_gmt":"2025-12-15T08:19:16","guid":{"rendered":"https:\/\/testim-mallorca.com\/?post_type=product&#038;p=9675"},"modified":"2026-02-16T15:01:17","modified_gmt":"2026-02-16T15:01:17","slug":"techai","status":"publish","type":"product","link":"https:\/\/testim-mallorca.com\/ca\/producto\/techai\/","title":{"rendered":"TECHAI"},"content":{"rendered":"<p style=\"text-align: center;\">Te negre Assam sud-\u00edndic BIO<br \/>\nAstelles de canyella BIO<br \/>\nFonoll BIO<br \/>\nGingebre BIO<br \/>\nAn\u00eds BIO<br \/>\nClau BIO<br \/>\nCardamom molt BIO<br \/>\n12 pir\u00e0mides x 2 grams, 24g total<\/p>\n","protected":false},"excerpt":{"rendered":"<p>El nostre te chai combina canyella, gingebre i esp\u00e8cies tradicionals per a una experi\u00e8ncia intensa i envoltant.<\/p>\n<p>Aquesta combinaci\u00f3 de te negre Assam sud-\u00edndic amb esp\u00e8cies BIO fa gaireb\u00e9 dos segles que es prepara com a beguda medicinal, a m\u00e9s del seu valor culinari. Cont\u00e9 una gran quantitat d\u2019antioxidants, cosa que ajuda a prevenir problemes card\u00edacs. A m\u00e9s, \u00e9s efica\u00e7 contra infeccions gastrointestinals severes i facilita un millor funcionament del sistema digestiu.<\/p>\n<p><strong>Propietats: <\/strong>antiinflamatori, analg\u00e8sic, millora la digesti\u00f3, l\u2019estat d\u2019\u00e0nim i els nivells de gluc\u00e8mia.<\/p>\n","protected":false},"featured_media":9679,"comment_status":"open","ping_status":"closed","template":"","meta":{"_monsterinsights_skip_tracking":false,"_monsterinsights_sitenote_active":false,"_monsterinsights_sitenote_note":"","_monsterinsights_sitenote_category":0},"product_cat":[132],"product_tag":[133,134,135,136,137,138],"class_list":{"0":"post-9675","1":"product","2":"type-product","3":"status-publish","4":"has-post-thumbnail","6":"product_cat-mallorca-serena-ca","7":"product_tag-herba-sana-ca","8":"product_tag-infusion-ca","9":"product_tag-te-ca","10":"product_tag-te-ecologico-ca","11":"product_tag-te-verd-ca","12":"product_tag-te-verde-ca","14":"first","15":"instock","16":"shipping-taxable","17":"purchasable","18":"product-type-simple"},"yoast_head":"<!-- This site is optimized with the Yoast SEO plugin v23.3 - https:\/\/yoast.com\/wordpress\/plugins\/seo\/ -->\n<title>TECHAI - T&#039;Estim<\/title>\n<meta name=\"robots\" content=\"index, follow, max-snippet:-1, max-image-preview:large, max-video-preview:-1\" \/>\n<link rel=\"canonical\" href=\"https:\/\/testim-mallorca.com\/ca\/producto\/techai\/\" \/>\n<meta property=\"og:locale\" content=\"ca_ES\" \/>\n<meta property=\"og:type\" content=\"article\" \/>\n<meta property=\"og:title\" content=\"TECHAI - T&#039;Estim\" \/>\n<meta property=\"og:description\" content=\"El nostre te chai combina canyella, gingebre i esp\u00e8cies tradicionals per a una experi\u00e8ncia intensa i envoltant.  Aquesta combinaci\u00f3 de te negre Assam sud-\u00edndic amb esp\u00e8cies BIO fa gaireb\u00e9 dos segles que es prepara com a beguda medicinal, a m\u00e9s del seu valor culinari. Cont\u00e9 una gran quantitat d\u2019antioxidants, cosa que ajuda a prevenir problemes card\u00edacs. A m\u00e9s, \u00e9s efica\u00e7 contra infeccions gastrointestinals severes i facilita un millor funcionament del sistema digestiu.  Propietats: antiinflamatori, analg\u00e8sic, millora la digesti\u00f3, l\u2019estat d\u2019\u00e0nim i els nivells de gluc\u00e8mia.\" \/>\n<meta property=\"og:url\" content=\"https:\/\/testim-mallorca.com\/ca\/producto\/techai\/\" \/>\n<meta property=\"og:site_name\" content=\"T&#039;Estim\" \/>\n<meta property=\"article:publisher\" content=\"https:\/\/www.facebook.com\/testimmallorca\/\" \/>\n<meta property=\"article:modified_time\" content=\"2026-02-16T15:01:17+00:00\" \/>\n<meta property=\"og:image\" content=\"https:\/\/testim-mallorca.com\/wp-content\/uploads\/2025\/12\/Mallorca-SERENA-Te-Chai-scaled.jpg\" \/>\n\t<meta property=\"og:image:width\" content=\"1990\" \/>\n\t<meta property=\"og:image:height\" content=\"2560\" \/>\n\t<meta property=\"og:image:type\" content=\"image\/jpeg\" \/>\n<meta name=\"twitter:card\" content=\"summary_large_image\" \/>\n<meta name=\"twitter:site\" content=\"@testim_mallorca\" \/>\n<meta name=\"twitter:label1\" content=\"Temps estimat de lectura\" \/>\n\t<meta name=\"twitter:data1\" content=\"1 minut\" \/>\n<script type=\"application\/ld+json\" class=\"yoast-schema-graph\">{\"@context\":\"https:\/\/schema.org\",\"@graph\":[{\"@type\":\"WebPage\",\"@id\":\"https:\/\/testim-mallorca.com\/ca\/producto\/techai\/\",\"url\":\"https:\/\/testim-mallorca.com\/ca\/producto\/techai\/\",\"name\":\"TECHAI - T&#039;Estim\",\"isPartOf\":{\"@id\":\"https:\/\/testim-mallorca.com\/#website\"},\"primaryImageOfPage\":{\"@id\":\"https:\/\/testim-mallorca.com\/ca\/producto\/techai\/#primaryimage\"},\"image\":{\"@id\":\"https:\/\/testim-mallorca.com\/ca\/producto\/techai\/#primaryimage\"},\"thumbnailUrl\":\"https:\/\/testim-mallorca.com\/wp-content\/uploads\/2025\/12\/Mallorca-SERENA-Te-Chai-scaled.jpg\",\"datePublished\":\"2025-12-15T08:19:16+00:00\",\"dateModified\":\"2026-02-16T15:01:17+00:00\",\"breadcrumb\":{\"@id\":\"https:\/\/testim-mallorca.com\/ca\/producto\/techai\/#breadcrumb\"},\"inLanguage\":\"ca\",\"potentialAction\":[{\"@type\":\"ReadAction\",\"target\":[\"https:\/\/testim-mallorca.com\/ca\/producto\/techai\/\"]}]},{\"@type\":\"ImageObject\",\"inLanguage\":\"ca\",\"@id\":\"https:\/\/testim-mallorca.com\/ca\/producto\/techai\/#primaryimage\",\"url\":\"https:\/\/testim-mallorca.com\/wp-content\/uploads\/2025\/12\/Mallorca-SERENA-Te-Chai-scaled.jpg\",\"contentUrl\":\"https:\/\/testim-mallorca.com\/wp-content\/uploads\/2025\/12\/Mallorca-SERENA-Te-Chai-scaled.jpg\",\"width\":1990,\"height\":2560,\"caption\":\"OLYMPUS DIGITAL CAMERA\"},{\"@type\":\"BreadcrumbList\",\"@id\":\"https:\/\/testim-mallorca.com\/ca\/producto\/techai\/#breadcrumb\",\"itemListElement\":[{\"@type\":\"ListItem\",\"position\":1,\"name\":\"Portada\",\"item\":\"https:\/\/testim-mallorca.com\/ca\/\"},{\"@type\":\"ListItem\",\"position\":2,\"name\":\"Shop\",\"item\":\"https:\/\/testim-mallorca.com\/ca\/shop\/\"},{\"@type\":\"ListItem\",\"position\":3,\"name\":\"TECHAI\"}]},{\"@type\":\"WebSite\",\"@id\":\"https:\/\/testim-mallorca.com\/#website\",\"url\":\"https:\/\/testim-mallorca.com\/\",\"name\":\"T&#039;Estim\",\"description\":\"Infusions i tes ecol\u00f2gics de Mallorca\",\"publisher\":{\"@id\":\"https:\/\/testim-mallorca.com\/#organization\"},\"potentialAction\":[{\"@type\":\"SearchAction\",\"target\":{\"@type\":\"EntryPoint\",\"urlTemplate\":\"https:\/\/testim-mallorca.com\/?s={search_term_string}\"},\"query-input\":\"required name=search_term_string\"}],\"inLanguage\":\"ca\"},{\"@type\":\"Organization\",\"@id\":\"https:\/\/testim-mallorca.com\/#organization\",\"name\":\"T'Estim Mallorca\",\"url\":\"https:\/\/testim-mallorca.com\/\",\"logo\":{\"@type\":\"ImageObject\",\"inLanguage\":\"ca\",\"@id\":\"https:\/\/testim-mallorca.com\/#\/schema\/logo\/image\/\",\"url\":\"https:\/\/testim-mallorca.com\/wp-content\/uploads\/2022\/06\/Logo-testim-web-new.png\",\"contentUrl\":\"https:\/\/testim-mallorca.com\/wp-content\/uploads\/2022\/06\/Logo-testim-web-new.png\",\"width\":500,\"height\":173,\"caption\":\"T'Estim Mallorca\"},\"image\":{\"@id\":\"https:\/\/testim-mallorca.com\/#\/schema\/logo\/image\/\"},\"sameAs\":[\"https:\/\/www.facebook.com\/testimmallorca\/\",\"https:\/\/x.com\/testim_mallorca\",\"https:\/\/www.instagram.com\/testim_mallorca_\/\",\"https:\/\/www.linkedin.com\/company\/testim-mallorca\/about\/\"]}]}<\/script>\n<!-- \/ Yoast SEO plugin. -->","yoast_head_json":{"title":"TECHAI - T&#039;Estim","robots":{"index":"index","follow":"follow","max-snippet":"max-snippet:-1","max-image-preview":"max-image-preview:large","max-video-preview":"max-video-preview:-1"},"canonical":"https:\/\/testim-mallorca.com\/ca\/producto\/techai\/","og_locale":"ca_ES","og_type":"article","og_title":"TECHAI - T&#039;Estim","og_description":"El nostre te chai combina canyella, gingebre i esp\u00e8cies tradicionals per a una experi\u00e8ncia intensa i envoltant.  Aquesta combinaci\u00f3 de te negre Assam sud-\u00edndic amb esp\u00e8cies BIO fa gaireb\u00e9 dos segles que es prepara com a beguda medicinal, a m\u00e9s del seu valor culinari. Cont\u00e9 una gran quantitat d\u2019antioxidants, cosa que ajuda a prevenir problemes card\u00edacs. A m\u00e9s, \u00e9s efica\u00e7 contra infeccions gastrointestinals severes i facilita un millor funcionament del sistema digestiu.  Propietats: antiinflamatori, analg\u00e8sic, millora la digesti\u00f3, l\u2019estat d\u2019\u00e0nim i els nivells de gluc\u00e8mia.","og_url":"https:\/\/testim-mallorca.com\/ca\/producto\/techai\/","og_site_name":"T&#039;Estim","article_publisher":"https:\/\/www.facebook.com\/testimmallorca\/","article_modified_time":"2026-02-16T15:01:17+00:00","og_image":[{"width":1990,"height":2560,"url":"https:\/\/testim-mallorca.com\/wp-content\/uploads\/2025\/12\/Mallorca-SERENA-Te-Chai-scaled.jpg","type":"image\/jpeg"}],"twitter_card":"summary_large_image","twitter_site":"@testim_mallorca","twitter_misc":{"Temps estimat de lectura":"1 minut"},"schema":{"@context":"https:\/\/schema.org","@graph":[{"@type":"WebPage","@id":"https:\/\/testim-mallorca.com\/ca\/producto\/techai\/","url":"https:\/\/testim-mallorca.com\/ca\/producto\/techai\/","name":"TECHAI - T&#039;Estim","isPartOf":{"@id":"https:\/\/testim-mallorca.com\/#website"},"primaryImageOfPage":{"@id":"https:\/\/testim-mallorca.com\/ca\/producto\/techai\/#primaryimage"},"image":{"@id":"https:\/\/testim-mallorca.com\/ca\/producto\/techai\/#primaryimage"},"thumbnailUrl":"https:\/\/testim-mallorca.com\/wp-content\/uploads\/2025\/12\/Mallorca-SERENA-Te-Chai-scaled.jpg","datePublished":"2025-12-15T08:19:16+00:00","dateModified":"2026-02-16T15:01:17+00:00","breadcrumb":{"@id":"https:\/\/testim-mallorca.com\/ca\/producto\/techai\/#breadcrumb"},"inLanguage":"ca","potentialAction":[{"@type":"ReadAction","target":["https:\/\/testim-mallorca.com\/ca\/producto\/techai\/"]}]},{"@type":"ImageObject","inLanguage":"ca","@id":"https:\/\/testim-mallorca.com\/ca\/producto\/techai\/#primaryimage","url":"https:\/\/testim-mallorca.com\/wp-content\/uploads\/2025\/12\/Mallorca-SERENA-Te-Chai-scaled.jpg","contentUrl":"https:\/\/testim-mallorca.com\/wp-content\/uploads\/2025\/12\/Mallorca-SERENA-Te-Chai-scaled.jpg","width":1990,"height":2560,"caption":"OLYMPUS DIGITAL CAMERA"},{"@type":"BreadcrumbList","@id":"https:\/\/testim-mallorca.com\/ca\/producto\/techai\/#breadcrumb","itemListElement":[{"@type":"ListItem","position":1,"name":"Portada","item":"https:\/\/testim-mallorca.com\/ca\/"},{"@type":"ListItem","position":2,"name":"Shop","item":"https:\/\/testim-mallorca.com\/ca\/shop\/"},{"@type":"ListItem","position":3,"name":"TECHAI"}]},{"@type":"WebSite","@id":"https:\/\/testim-mallorca.com\/#website","url":"https:\/\/testim-mallorca.com\/","name":"T&#039;Estim","description":"Infusions i tes ecol\u00f2gics de Mallorca","publisher":{"@id":"https:\/\/testim-mallorca.com\/#organization"},"potentialAction":[{"@type":"SearchAction","target":{"@type":"EntryPoint","urlTemplate":"https:\/\/testim-mallorca.com\/?s={search_term_string}"},"query-input":"required name=search_term_string"}],"inLanguage":"ca"},{"@type":"Organization","@id":"https:\/\/testim-mallorca.com\/#organization","name":"T'Estim Mallorca","url":"https:\/\/testim-mallorca.com\/","logo":{"@type":"ImageObject","inLanguage":"ca","@id":"https:\/\/testim-mallorca.com\/#\/schema\/logo\/image\/","url":"https:\/\/testim-mallorca.com\/wp-content\/uploads\/2022\/06\/Logo-testim-web-new.png","contentUrl":"https:\/\/testim-mallorca.com\/wp-content\/uploads\/2022\/06\/Logo-testim-web-new.png","width":500,"height":173,"caption":"T'Estim Mallorca"},"image":{"@id":"https:\/\/testim-mallorca.com\/#\/schema\/logo\/image\/"},"sameAs":["https:\/\/www.facebook.com\/testimmallorca\/","https:\/\/x.com\/testim_mallorca","https:\/\/www.instagram.com\/testim_mallorca_\/","https:\/\/www.linkedin.com\/company\/testim-mallorca\/about\/"]}]}},"_links":{"self":[{"href":"https:\/\/testim-mallorca.com\/ca\/wp-json\/wp\/v2\/product\/9675"}],"collection":[{"href":"https:\/\/testim-mallorca.com\/ca\/wp-json\/wp\/v2\/product"}],"about":[{"href":"https:\/\/testim-mallorca.com\/ca\/wp-json\/wp\/v2\/types\/product"}],"replies":[{"embeddable":true,"href":"https:\/\/testim-mallorca.com\/ca\/wp-json\/wp\/v2\/comments?post=9675"}],"wp:featuredmedia":[{"embeddable":true,"href":"https:\/\/testim-mallorca.com\/ca\/wp-json\/wp\/v2\/media\/9679"}],"wp:attachment":[{"href":"https:\/\/testim-mallorca.com\/ca\/wp-json\/wp\/v2\/media?parent=9675"}],"wp:term":[{"taxonomy":"product_cat","embeddable":true,"href":"https:\/\/testim-mallorca.com\/ca\/wp-json\/wp\/v2\/product_cat?post=9675"},{"taxonomy":"product_tag","embeddable":true,"href":"https:\/\/testim-mallorca.com\/ca\/wp-json\/wp\/v2\/product_tag?post=9675"}],"curies":[{"name":"wp","href":"https:\/\/api.w.org\/{rel}","templated":true}]}}