{"id":9688,"date":"2025-12-15T08:50:38","date_gmt":"2025-12-15T08:50:38","guid":{"rendered":"https:\/\/testim-mallorca.com\/?post_type=product&#038;p=9688"},"modified":"2025-12-15T09:18:13","modified_gmt":"2025-12-15T09:18:13","slug":"techai-copia","status":"publish","type":"product","link":"https:\/\/testim-mallorca.com\/ca\/producto\/techai-copia\/","title":{"rendered":"CONFITURA ECOL\u00d2GICA DE TARONJA"},"content":{"rendered":"<p style=\"text-align: center;\">Taronja*<br \/>\nSucre de canya*<br \/>\nAgar (E-406)*<\/p>\n<p style=\"text-align: center;\">*Procedent de l\u2019agricultura ecol\u00f2gica.<\/p>\n<p style=\"text-align: center;\">Elaborada amb 60 g de taronja per cada 100 g de producte.<br \/>\n<strong>Pot contenir ametlla.<\/strong><br \/>\n250 g<\/p>\n","protected":false},"excerpt":{"rendered":"<p>La nostra confitura ecol\u00f2gica de taronja est\u00e0 elaborada amb taronges seleccionades procedents de la nostra Finca Sa Vall, i amb sucre de canya ecol\u00f2gic. S\u2019elabora mitjan\u00e7ant un proc\u00e9s artesanal que respecta el sabor i la textura natural de la fruita. La utilitzaci\u00f3 d\u2019agar com a gelificant vegetal permet obtenir una confitura equilibrada, sense additius artificials.<\/p>\n<p>Ideal per a berenars, desdejunis o per acompanyar formatges i rebosteria, aquesta confitura destaca pel seu sabor aut\u00e8ntic i pel seu comprom\u00eds amb l\u2019agricultura ecol\u00f2gica i local, aix\u00ed com pel seu clar impacte social positiu.<\/p>\n<p><strong>Informaci\u00f3 nutricional<\/strong> (per 100 g de producte):<br \/>\nValor energ\u00e8tic: 1182 kJ \/ 278 kcal<br \/>\nGreixos: 0,5 g, dels quals saturats: 0,01 g<br \/>\nHidrats de carboni: 69,1 g, dels quals sucres: 48,3 g<br \/>\nProte\u00efnes: 0,4 g<br \/>\nSal: 0,01 g<\/p>\n","protected":false},"featured_media":9713,"comment_status":"open","ping_status":"closed","template":"","meta":{"_monsterinsights_skip_tracking":false,"_monsterinsights_sitenote_active":false,"_monsterinsights_sitenote_note":"","_monsterinsights_sitenote_category":0},"product_cat":[],"product_tag":[141,200],"class_list":{"0":"post-9688","1":"product","2":"type-product","3":"status-publish","4":"has-post-thumbnail","6":"product_tag-bio-ca","7":"product_tag-mallorca-ca","9":"first","10":"instock","11":"shipping-taxable","12":"purchasable","13":"product-type-simple"},"yoast_head":"<!-- This site is optimized with the Yoast SEO plugin v23.3 - https:\/\/yoast.com\/wordpress\/plugins\/seo\/ -->\n<title>CONFITURA ECOL\u00d2GICA DE TARONJA - T&#039;Estim<\/title>\n<meta name=\"robots\" content=\"index, follow, max-snippet:-1, max-image-preview:large, max-video-preview:-1\" \/>\n<link rel=\"canonical\" href=\"https:\/\/testim-mallorca.com\/ca\/producto\/techai-copia\/\" \/>\n<meta property=\"og:locale\" content=\"ca_ES\" \/>\n<meta property=\"og:type\" content=\"article\" \/>\n<meta property=\"og:title\" content=\"CONFITURA ECOL\u00d2GICA DE TARONJA - T&#039;Estim\" \/>\n<meta property=\"og:description\" content=\"La nostra confitura ecol\u00f2gica de taronja est\u00e0 elaborada amb taronges seleccionades procedents de la nostra Finca Sa Vall, i amb sucre de canya ecol\u00f2gic. S\u2019elabora mitjan\u00e7ant un proc\u00e9s artesanal que respecta el sabor i la textura natural de la fruita. La utilitzaci\u00f3 d\u2019agar com a gelificant vegetal permet obtenir una confitura equilibrada, sense additius artificials.  Ideal per a berenars, desdejunis o per acompanyar formatges i rebosteria, aquesta confitura destaca pel seu sabor aut\u00e8ntic i pel seu comprom\u00eds amb l\u2019agricultura ecol\u00f2gica i local, aix\u00ed com pel seu clar impacte social positiu.  Informaci\u00f3 nutricional (per 100 g de producte): Valor energ\u00e8tic: 1182 kJ \/ 278 kcal Greixos: 0,5 g, dels quals saturats: 0,01 g Hidrats de carboni: 69,1 g, dels quals sucres: 48,3 g Prote\u00efnes: 0,4 g Sal: 0,01 g\" \/>\n<meta property=\"og:url\" content=\"https:\/\/testim-mallorca.com\/ca\/producto\/techai-copia\/\" \/>\n<meta property=\"og:site_name\" content=\"T&#039;Estim\" \/>\n<meta property=\"article:publisher\" content=\"https:\/\/www.facebook.com\/testimmallorca\/\" \/>\n<meta property=\"article:modified_time\" content=\"2025-12-15T09:18:13+00:00\" \/>\n<meta property=\"og:image\" content=\"https:\/\/testim-mallorca.com\/wp-content\/uploads\/2025\/12\/confitura-taronja-testim-2025-10-scaled.jpg\" \/>\n\t<meta property=\"og:image:width\" content=\"1707\" \/>\n\t<meta property=\"og:image:height\" content=\"2560\" \/>\n\t<meta property=\"og:image:type\" content=\"image\/jpeg\" \/>\n<meta name=\"twitter:card\" content=\"summary_large_image\" \/>\n<meta name=\"twitter:site\" content=\"@testim_mallorca\" \/>\n<meta name=\"twitter:label1\" content=\"Temps estimat de lectura\" \/>\n\t<meta name=\"twitter:data1\" content=\"1 minut\" \/>\n<script type=\"application\/ld+json\" class=\"yoast-schema-graph\">{\"@context\":\"https:\/\/schema.org\",\"@graph\":[{\"@type\":\"WebPage\",\"@id\":\"https:\/\/testim-mallorca.com\/ca\/producto\/techai-copia\/\",\"url\":\"https:\/\/testim-mallorca.com\/ca\/producto\/techai-copia\/\",\"name\":\"CONFITURA ECOL\u00d2GICA DE TARONJA - T&#039;Estim\",\"isPartOf\":{\"@id\":\"https:\/\/testim-mallorca.com\/#website\"},\"primaryImageOfPage\":{\"@id\":\"https:\/\/testim-mallorca.com\/ca\/producto\/techai-copia\/#primaryimage\"},\"image\":{\"@id\":\"https:\/\/testim-mallorca.com\/ca\/producto\/techai-copia\/#primaryimage\"},\"thumbnailUrl\":\"https:\/\/testim-mallorca.com\/wp-content\/uploads\/2025\/12\/confitura-taronja-testim-2025-10-scaled.jpg\",\"datePublished\":\"2025-12-15T08:50:38+00:00\",\"dateModified\":\"2025-12-15T09:18:13+00:00\",\"breadcrumb\":{\"@id\":\"https:\/\/testim-mallorca.com\/ca\/producto\/techai-copia\/#breadcrumb\"},\"inLanguage\":\"ca\",\"potentialAction\":[{\"@type\":\"ReadAction\",\"target\":[\"https:\/\/testim-mallorca.com\/ca\/producto\/techai-copia\/\"]}]},{\"@type\":\"ImageObject\",\"inLanguage\":\"ca\",\"@id\":\"https:\/\/testim-mallorca.com\/ca\/producto\/techai-copia\/#primaryimage\",\"url\":\"https:\/\/testim-mallorca.com\/wp-content\/uploads\/2025\/12\/confitura-taronja-testim-2025-10-scaled.jpg\",\"contentUrl\":\"https:\/\/testim-mallorca.com\/wp-content\/uploads\/2025\/12\/confitura-taronja-testim-2025-10-scaled.jpg\",\"width\":1707,\"height\":2560},{\"@type\":\"BreadcrumbList\",\"@id\":\"https:\/\/testim-mallorca.com\/ca\/producto\/techai-copia\/#breadcrumb\",\"itemListElement\":[{\"@type\":\"ListItem\",\"position\":1,\"name\":\"Portada\",\"item\":\"https:\/\/testim-mallorca.com\/ca\/\"},{\"@type\":\"ListItem\",\"position\":2,\"name\":\"Shop\",\"item\":\"https:\/\/testim-mallorca.com\/ca\/shop\/\"},{\"@type\":\"ListItem\",\"position\":3,\"name\":\"CONFITURA ECOL\u00d2GICA DE TARONJA\"}]},{\"@type\":\"WebSite\",\"@id\":\"https:\/\/testim-mallorca.com\/#website\",\"url\":\"https:\/\/testim-mallorca.com\/\",\"name\":\"T&#039;Estim\",\"description\":\"Infusions i tes ecol\u00f2gics de Mallorca\",\"publisher\":{\"@id\":\"https:\/\/testim-mallorca.com\/#organization\"},\"potentialAction\":[{\"@type\":\"SearchAction\",\"target\":{\"@type\":\"EntryPoint\",\"urlTemplate\":\"https:\/\/testim-mallorca.com\/?s={search_term_string}\"},\"query-input\":\"required name=search_term_string\"}],\"inLanguage\":\"ca\"},{\"@type\":\"Organization\",\"@id\":\"https:\/\/testim-mallorca.com\/#organization\",\"name\":\"T'Estim Mallorca\",\"url\":\"https:\/\/testim-mallorca.com\/\",\"logo\":{\"@type\":\"ImageObject\",\"inLanguage\":\"ca\",\"@id\":\"https:\/\/testim-mallorca.com\/#\/schema\/logo\/image\/\",\"url\":\"https:\/\/testim-mallorca.com\/wp-content\/uploads\/2022\/06\/Logo-testim-web-new.png\",\"contentUrl\":\"https:\/\/testim-mallorca.com\/wp-content\/uploads\/2022\/06\/Logo-testim-web-new.png\",\"width\":500,\"height\":173,\"caption\":\"T'Estim Mallorca\"},\"image\":{\"@id\":\"https:\/\/testim-mallorca.com\/#\/schema\/logo\/image\/\"},\"sameAs\":[\"https:\/\/www.facebook.com\/testimmallorca\/\",\"https:\/\/x.com\/testim_mallorca\",\"https:\/\/www.instagram.com\/testim_mallorca_\/\",\"https:\/\/www.linkedin.com\/company\/testim-mallorca\/about\/\"]}]}<\/script>\n<!-- \/ Yoast SEO plugin. -->","yoast_head_json":{"title":"CONFITURA ECOL\u00d2GICA DE TARONJA - T&#039;Estim","robots":{"index":"index","follow":"follow","max-snippet":"max-snippet:-1","max-image-preview":"max-image-preview:large","max-video-preview":"max-video-preview:-1"},"canonical":"https:\/\/testim-mallorca.com\/ca\/producto\/techai-copia\/","og_locale":"ca_ES","og_type":"article","og_title":"CONFITURA ECOL\u00d2GICA DE TARONJA - T&#039;Estim","og_description":"La nostra confitura ecol\u00f2gica de taronja est\u00e0 elaborada amb taronges seleccionades procedents de la nostra Finca Sa Vall, i amb sucre de canya ecol\u00f2gic. S\u2019elabora mitjan\u00e7ant un proc\u00e9s artesanal que respecta el sabor i la textura natural de la fruita. La utilitzaci\u00f3 d\u2019agar com a gelificant vegetal permet obtenir una confitura equilibrada, sense additius artificials.  Ideal per a berenars, desdejunis o per acompanyar formatges i rebosteria, aquesta confitura destaca pel seu sabor aut\u00e8ntic i pel seu comprom\u00eds amb l\u2019agricultura ecol\u00f2gica i local, aix\u00ed com pel seu clar impacte social positiu.  Informaci\u00f3 nutricional (per 100 g de producte): Valor energ\u00e8tic: 1182 kJ \/ 278 kcal Greixos: 0,5 g, dels quals saturats: 0,01 g Hidrats de carboni: 69,1 g, dels quals sucres: 48,3 g Prote\u00efnes: 0,4 g Sal: 0,01 g","og_url":"https:\/\/testim-mallorca.com\/ca\/producto\/techai-copia\/","og_site_name":"T&#039;Estim","article_publisher":"https:\/\/www.facebook.com\/testimmallorca\/","article_modified_time":"2025-12-15T09:18:13+00:00","og_image":[{"width":1707,"height":2560,"url":"https:\/\/testim-mallorca.com\/wp-content\/uploads\/2025\/12\/confitura-taronja-testim-2025-10-scaled.jpg","type":"image\/jpeg"}],"twitter_card":"summary_large_image","twitter_site":"@testim_mallorca","twitter_misc":{"Temps estimat de lectura":"1 minut"},"schema":{"@context":"https:\/\/schema.org","@graph":[{"@type":"WebPage","@id":"https:\/\/testim-mallorca.com\/ca\/producto\/techai-copia\/","url":"https:\/\/testim-mallorca.com\/ca\/producto\/techai-copia\/","name":"CONFITURA ECOL\u00d2GICA DE TARONJA - T&#039;Estim","isPartOf":{"@id":"https:\/\/testim-mallorca.com\/#website"},"primaryImageOfPage":{"@id":"https:\/\/testim-mallorca.com\/ca\/producto\/techai-copia\/#primaryimage"},"image":{"@id":"https:\/\/testim-mallorca.com\/ca\/producto\/techai-copia\/#primaryimage"},"thumbnailUrl":"https:\/\/testim-mallorca.com\/wp-content\/uploads\/2025\/12\/confitura-taronja-testim-2025-10-scaled.jpg","datePublished":"2025-12-15T08:50:38+00:00","dateModified":"2025-12-15T09:18:13+00:00","breadcrumb":{"@id":"https:\/\/testim-mallorca.com\/ca\/producto\/techai-copia\/#breadcrumb"},"inLanguage":"ca","potentialAction":[{"@type":"ReadAction","target":["https:\/\/testim-mallorca.com\/ca\/producto\/techai-copia\/"]}]},{"@type":"ImageObject","inLanguage":"ca","@id":"https:\/\/testim-mallorca.com\/ca\/producto\/techai-copia\/#primaryimage","url":"https:\/\/testim-mallorca.com\/wp-content\/uploads\/2025\/12\/confitura-taronja-testim-2025-10-scaled.jpg","contentUrl":"https:\/\/testim-mallorca.com\/wp-content\/uploads\/2025\/12\/confitura-taronja-testim-2025-10-scaled.jpg","width":1707,"height":2560},{"@type":"BreadcrumbList","@id":"https:\/\/testim-mallorca.com\/ca\/producto\/techai-copia\/#breadcrumb","itemListElement":[{"@type":"ListItem","position":1,"name":"Portada","item":"https:\/\/testim-mallorca.com\/ca\/"},{"@type":"ListItem","position":2,"name":"Shop","item":"https:\/\/testim-mallorca.com\/ca\/shop\/"},{"@type":"ListItem","position":3,"name":"CONFITURA ECOL\u00d2GICA DE TARONJA"}]},{"@type":"WebSite","@id":"https:\/\/testim-mallorca.com\/#website","url":"https:\/\/testim-mallorca.com\/","name":"T&#039;Estim","description":"Infusions i tes ecol\u00f2gics de Mallorca","publisher":{"@id":"https:\/\/testim-mallorca.com\/#organization"},"potentialAction":[{"@type":"SearchAction","target":{"@type":"EntryPoint","urlTemplate":"https:\/\/testim-mallorca.com\/?s={search_term_string}"},"query-input":"required name=search_term_string"}],"inLanguage":"ca"},{"@type":"Organization","@id":"https:\/\/testim-mallorca.com\/#organization","name":"T'Estim Mallorca","url":"https:\/\/testim-mallorca.com\/","logo":{"@type":"ImageObject","inLanguage":"ca","@id":"https:\/\/testim-mallorca.com\/#\/schema\/logo\/image\/","url":"https:\/\/testim-mallorca.com\/wp-content\/uploads\/2022\/06\/Logo-testim-web-new.png","contentUrl":"https:\/\/testim-mallorca.com\/wp-content\/uploads\/2022\/06\/Logo-testim-web-new.png","width":500,"height":173,"caption":"T'Estim Mallorca"},"image":{"@id":"https:\/\/testim-mallorca.com\/#\/schema\/logo\/image\/"},"sameAs":["https:\/\/www.facebook.com\/testimmallorca\/","https:\/\/x.com\/testim_mallorca","https:\/\/www.instagram.com\/testim_mallorca_\/","https:\/\/www.linkedin.com\/company\/testim-mallorca\/about\/"]}]}},"_links":{"self":[{"href":"https:\/\/testim-mallorca.com\/ca\/wp-json\/wp\/v2\/product\/9688"}],"collection":[{"href":"https:\/\/testim-mallorca.com\/ca\/wp-json\/wp\/v2\/product"}],"about":[{"href":"https:\/\/testim-mallorca.com\/ca\/wp-json\/wp\/v2\/types\/product"}],"replies":[{"embeddable":true,"href":"https:\/\/testim-mallorca.com\/ca\/wp-json\/wp\/v2\/comments?post=9688"}],"wp:featuredmedia":[{"embeddable":true,"href":"https:\/\/testim-mallorca.com\/ca\/wp-json\/wp\/v2\/media\/9713"}],"wp:attachment":[{"href":"https:\/\/testim-mallorca.com\/ca\/wp-json\/wp\/v2\/media?parent=9688"}],"wp:term":[{"taxonomy":"product_cat","embeddable":true,"href":"https:\/\/testim-mallorca.com\/ca\/wp-json\/wp\/v2\/product_cat?post=9688"},{"taxonomy":"product_tag","embeddable":true,"href":"https:\/\/testim-mallorca.com\/ca\/wp-json\/wp\/v2\/product_tag?post=9688"}],"curies":[{"name":"wp","href":"https:\/\/api.w.org\/{rel}","templated":true}]}}