{"id":7798,"date":"2021-11-24T07:45:27","date_gmt":"2021-11-24T07:45:27","guid":{"rendered":"https:\/\/testim-mallorca.com\/financiadores\/"},"modified":"2022-01-20T15:00:04","modified_gmt":"2022-01-20T15:00:04","slug":"geldgeber","status":"publish","type":"page","link":"https:\/\/testim-mallorca.com\/de\/geldgeber\/","title":{"rendered":"Geldgeber"},"content":{"rendered":"<section class=\"wpb-content-wrapper\">[vc_row content_placement=&#8220;middle&#8220;][vc_column width=&#8220;1\/4&#8243;][vc_single_image image=&#8220;7010&#8243; img_size=&#8220;full&#8220; alignment=&#8220;center&#8220;][\/vc_column][vc_column width=&#8220;3\/4&#8243;][vc_column_text]\n<p style=\"text-align: justify;\"><em>Dieses Projekt wird unterst\u00fctzt von:<\/em><\/p>\n<p style=\"text-align: justify;\"><em>ENAIRE hat durch seine Programme zur F\u00f6rderung der sozialen Verantwortung von Unternehmen, welche die Integration von Menschen mit Behinderung zum Ziel haben, ma\u00dfgeblich zur Schaffung von Arbeitspl\u00e4tzen im Rahmen des Projekts T\u2019Estim beigetragen.<\/em><\/p>\n<p style=\"text-align: justify;\"><em>CaixaBank \u2013 Fundaci\u00f3n la Caixa war am Aufbau des Projekts und bei der Einrichtung der Produktionsr\u00e4ume beteiligt.<\/em><\/p>\n<p style=\"text-align: justify;\"><em>Fogaiba hat uns im Rahmen von zwei Projekten unterst\u00fctzt: Das BIA-Projekt half uns bei der Durchf\u00fchrung einer Studie \u00fcber den Bedarf und den Markt f\u00fcr Kr\u00e4utertees, und die Finanzierung eines Pilotprojekts erm\u00f6glichte die Forschung zum Thema Entwicklung von Superfoods und neuen Formen der Nutzung von Kr\u00e4utern.<\/em><\/p>\n<p style=\"text-align: justify;\"><em>Die Generaldirektion f\u00fcr Arbeit (Direcci\u00f3n General de Trabajo) hat durch Beihilfen f\u00fcr Besch\u00e4ftigungsprojekte die Anschaffung von Maschinen f\u00fcr die Verarbeitung der Kr\u00e4uter unterst\u00fctzt.<\/em><\/p>\n[\/vc_column_text][\/vc_column][\/vc_row][vc_row][vc_column][vc_empty_space height=&#8220;72px&#8220;][\/vc_column][\/vc_row][vc_row content_placement=&#8220;middle&#8220;][vc_column width=&#8220;1\/5&#8243;][vc_single_image image=&#8220;6851&#8243; img_size=&#8220;full&#8220; alignment=&#8220;center&#8220;][\/vc_column][vc_column width=&#8220;1\/5&#8243;][vc_single_image image=&#8220;6852&#8243; img_size=&#8220;full&#8220; alignment=&#8220;center&#8220;][\/vc_column][vc_column width=&#8220;1\/5&#8243;][vc_single_image image=&#8220;6853&#8243; img_size=&#8220;full&#8220; alignment=&#8220;center&#8220;][\/vc_column][vc_column width=&#8220;1\/5&#8243;][vc_single_image image=&#8220;6855&#8243; img_size=&#8220;full&#8220; alignment=&#8220;center&#8220;][\/vc_column][vc_column width=&#8220;1\/5&#8243;][vc_single_image image=&#8220;6854&#8243; img_size=&#8220;full&#8220; alignment=&#8220;center&#8220;][\/vc_column][\/vc_row]\n<\/section>","protected":false},"excerpt":{"rendered":"<p>[vc_row content_placement=&#8220;middle&#8220;][vc_column width=&#8220;1\/4&#8243;][vc_single_image image=&#8220;7010&#8243; img_size=&#8220;full&#8220; alignment=&#8220;center&#8220;][\/vc_column][vc_column width=&#8220;3\/4&#8243;][vc_column_text] Dieses Projekt wird unterst\u00fctzt von: ENAIRE hat durch seine Programme zur F\u00f6rderung der sozialen Verantwortung von Unternehmen, welche die Integration von Menschen mit Behinderung zum Ziel haben, ma\u00dfgeblich zur Schaffung von Arbeitspl\u00e4tzen im Rahmen des Projekts T\u2019Estim beigetragen. CaixaBank \u2013 Fundaci\u00f3n la Caixa war am Aufbau des Projekts und bei der Einrichtung der Produktionsr\u00e4ume beteiligt. Fogaiba hat uns im Rahmen von zwei Projekten unterst\u00fctzt: Das BIA-Projekt half uns bei der Durchf\u00fchrung einer Studie \u00fcber den Bedarf und den Markt f\u00fcr Kr\u00e4utertees, und die Finanzierung eines Pilotprojekts erm\u00f6glichte die Forschung zum Thema Entwicklung von Superfoods und neuen Formen der Nutzung von Kr\u00e4utern. Die Generaldirektion f\u00fcr Arbeit (Direcci\u00f3n General de Trabajo) hat durch Beihilfen f\u00fcr Besch\u00e4ftigungsprojekte die Anschaffung von Maschinen f\u00fcr die Verarbeitung der Kr\u00e4uter unterst\u00fctzt. [\/vc_column_text][\/vc_column][\/vc_row][vc_row][vc_column][vc_empty_space height=&#8220;72px&#8220;][\/vc_column][\/vc_row][vc_row content_placement=&#8220;middle&#8220;][vc_column width=&#8220;1\/5&#8243;][vc_single_image image=&#8220;6851&#8243; img_size=&#8220;full&#8220; alignment=&#8220;center&#8220;][\/vc_column][vc_column width=&#8220;1\/5&#8243;][vc_single_image image=&#8220;6852&#8243; img_size=&#8220;full&#8220; alignment=&#8220;center&#8220;][\/vc_column][vc_column width=&#8220;1\/5&#8243;][vc_single_image image=&#8220;6853&#8243; img_size=&#8220;full&#8220; alignment=&#8220;center&#8220;][\/vc_column][vc_column width=&#8220;1\/5&#8243;][vc_single_image image=&#8220;6855&#8243; img_size=&#8220;full&#8220; alignment=&#8220;center&#8220;][\/vc_column][vc_column width=&#8220;1\/5&#8243;][vc_single_image image=&#8220;6854&#8243; img_size=&#8220;full&#8220; alignment=&#8220;center&#8220;][\/vc_column][\/vc_row]<\/p>\n","protected":false},"author":1,"featured_media":8092,"parent":0,"menu_order":0,"comment_status":"closed","ping_status":"closed","template":"","meta":{"_monsterinsights_skip_tracking":false,"_monsterinsights_sitenote_active":false,"_monsterinsights_sitenote_note":"","_monsterinsights_sitenote_category":0,"footnotes":""},"class_list":["post-7798","page","type-page","status-publish","has-post-thumbnail","hentry"],"yoast_head":"<!-- This site is optimized with the Yoast SEO plugin v23.3 - https:\/\/yoast.com\/wordpress\/plugins\/seo\/ -->\n<title>Geldgeber - T&#039;Estim<\/title>\n<meta name=\"robots\" content=\"index, follow, max-snippet:-1, max-image-preview:large, max-video-preview:-1\" \/>\n<link rel=\"canonical\" href=\"https:\/\/testim-mallorca.com\/patrocinadores\/\" \/>\n<meta property=\"og:locale\" content=\"de_DE\" \/>\n<meta property=\"og:type\" content=\"article\" \/>\n<meta property=\"og:title\" content=\"Geldgeber - T&#039;Estim\" \/>\n<meta property=\"og:description\" content=\"[vc_row content_placement=&#8220;middle&#8220;][vc_column width=&#8220;1\/4&#8243;][vc_single_image image=&#8220;7010&#8243; img_size=&#8220;full&#8220; alignment=&#8220;center&#8220;][\/vc_column][vc_column width=&#8220;3\/4&#8243;][vc_column_text] Dieses Projekt wird unterst\u00fctzt von: ENAIRE hat durch seine Programme zur F\u00f6rderung der sozialen Verantwortung von Unternehmen, welche die Integration von Menschen mit Behinderung zum Ziel haben, ma\u00dfgeblich zur Schaffung von Arbeitspl\u00e4tzen im Rahmen des Projekts T\u2019Estim beigetragen. CaixaBank \u2013 Fundaci\u00f3n la Caixa war am Aufbau des Projekts und bei der Einrichtung der Produktionsr\u00e4ume beteiligt. Fogaiba hat uns im Rahmen von zwei Projekten unterst\u00fctzt: Das BIA-Projekt half uns bei der Durchf\u00fchrung einer Studie \u00fcber den Bedarf und den Markt f\u00fcr Kr\u00e4utertees, und die Finanzierung eines Pilotprojekts erm\u00f6glichte die Forschung zum Thema Entwicklung von Superfoods und neuen Formen der Nutzung von Kr\u00e4utern. Die Generaldirektion f\u00fcr Arbeit (Direcci\u00f3n General de Trabajo) hat durch Beihilfen f\u00fcr Besch\u00e4ftigungsprojekte die Anschaffung von Maschinen f\u00fcr die Verarbeitung der Kr\u00e4uter unterst\u00fctzt. [\/vc_column_text][\/vc_column][\/vc_row][vc_row][vc_column][vc_empty_space height=&#8220;72px&#8220;][\/vc_column][\/vc_row][vc_row content_placement=&#8220;middle&#8220;][vc_column width=&#8220;1\/5&#8243;][vc_single_image image=&#8220;6851&#8243; img_size=&#8220;full&#8220; alignment=&#8220;center&#8220;][\/vc_column][vc_column width=&#8220;1\/5&#8243;][vc_single_image image=&#8220;6852&#8243; img_size=&#8220;full&#8220; alignment=&#8220;center&#8220;][\/vc_column][vc_column width=&#8220;1\/5&#8243;][vc_single_image image=&#8220;6853&#8243; img_size=&#8220;full&#8220; alignment=&#8220;center&#8220;][\/vc_column][vc_column width=&#8220;1\/5&#8243;][vc_single_image image=&#8220;6855&#8243; img_size=&#8220;full&#8220; alignment=&#8220;center&#8220;][\/vc_column][vc_column width=&#8220;1\/5&#8243;][vc_single_image image=&#8220;6854&#8243; img_size=&#8220;full&#8220; alignment=&#8220;center&#8220;][\/vc_column][\/vc_row]\" \/>\n<meta property=\"og:url\" content=\"https:\/\/testim-mallorca.com\/patrocinadores\/\" \/>\n<meta property=\"og:site_name\" content=\"T&#039;Estim\" \/>\n<meta property=\"article:publisher\" content=\"https:\/\/www.facebook.com\/testimmallorca\/\" \/>\n<meta property=\"article:modified_time\" content=\"2022-01-20T15:00:04+00:00\" \/>\n<meta property=\"og:image\" content=\"https:\/\/testim-mallorca.com\/wp-content\/uploads\/2021\/11\/testim-infusiones-de-mallorca-te-de-rooibos-hierbas-estell-de-llevant-financiar.jpg\" \/>\n\t<meta property=\"og:image:width\" content=\"1965\" \/>\n\t<meta property=\"og:image:height\" content=\"1080\" \/>\n\t<meta property=\"og:image:type\" content=\"image\/jpeg\" \/>\n<meta name=\"twitter:card\" content=\"summary_large_image\" \/>\n<meta name=\"twitter:site\" content=\"@testim_mallorca\" \/>\n<meta name=\"twitter:label1\" content=\"Gesch\u00e4tzte Lesezeit\" \/>\n\t<meta name=\"twitter:data1\" content=\"1 Minute\" \/>\n<script type=\"application\/ld+json\" class=\"yoast-schema-graph\">{\"@context\":\"https:\/\/schema.org\",\"@graph\":[{\"@type\":\"WebPage\",\"@id\":\"https:\/\/testim-mallorca.com\/patrocinadores\/\",\"url\":\"https:\/\/testim-mallorca.com\/patrocinadores\/\",\"name\":\"Geldgeber - T&#039;Estim\",\"isPartOf\":{\"@id\":\"https:\/\/testim-mallorca.com\/#website\"},\"primaryImageOfPage\":{\"@id\":\"https:\/\/testim-mallorca.com\/patrocinadores\/#primaryimage\"},\"image\":{\"@id\":\"https:\/\/testim-mallorca.com\/patrocinadores\/#primaryimage\"},\"thumbnailUrl\":\"https:\/\/testim-mallorca.com\/wp-content\/uploads\/2021\/11\/testim-infusiones-de-mallorca-te-de-rooibos-hierbas-estell-de-llevant-financiar.jpg\",\"datePublished\":\"2021-11-24T07:45:27+00:00\",\"dateModified\":\"2022-01-20T15:00:04+00:00\",\"breadcrumb\":{\"@id\":\"https:\/\/testim-mallorca.com\/patrocinadores\/#breadcrumb\"},\"inLanguage\":\"de-DE\",\"potentialAction\":[{\"@type\":\"ReadAction\",\"target\":[\"https:\/\/testim-mallorca.com\/patrocinadores\/\"]}]},{\"@type\":\"ImageObject\",\"inLanguage\":\"de-DE\",\"@id\":\"https:\/\/testim-mallorca.com\/patrocinadores\/#primaryimage\",\"url\":\"https:\/\/testim-mallorca.com\/wp-content\/uploads\/2021\/11\/testim-infusiones-de-mallorca-te-de-rooibos-hierbas-estell-de-llevant-financiar.jpg\",\"contentUrl\":\"https:\/\/testim-mallorca.com\/wp-content\/uploads\/2021\/11\/testim-infusiones-de-mallorca-te-de-rooibos-hierbas-estell-de-llevant-financiar.jpg\",\"width\":1965,\"height\":1080},{\"@type\":\"BreadcrumbList\",\"@id\":\"https:\/\/testim-mallorca.com\/patrocinadores\/#breadcrumb\",\"itemListElement\":[{\"@type\":\"ListItem\",\"position\":1,\"name\":\"Portada\",\"item\":\"https:\/\/testim-mallorca.com\/de\/\"},{\"@type\":\"ListItem\",\"position\":2,\"name\":\"Geldgeber\"}]},{\"@type\":\"WebSite\",\"@id\":\"https:\/\/testim-mallorca.com\/#website\",\"url\":\"https:\/\/testim-mallorca.com\/\",\"name\":\"T&#039;Estim\",\"description\":\"Infusions i tes ecol\u00f2gics de Mallorca\",\"publisher\":{\"@id\":\"https:\/\/testim-mallorca.com\/#organization\"},\"potentialAction\":[{\"@type\":\"SearchAction\",\"target\":{\"@type\":\"EntryPoint\",\"urlTemplate\":\"https:\/\/testim-mallorca.com\/?s={search_term_string}\"},\"query-input\":\"required name=search_term_string\"}],\"inLanguage\":\"de-DE\"},{\"@type\":\"Organization\",\"@id\":\"https:\/\/testim-mallorca.com\/#organization\",\"name\":\"T'Estim Mallorca\",\"url\":\"https:\/\/testim-mallorca.com\/\",\"logo\":{\"@type\":\"ImageObject\",\"inLanguage\":\"de-DE\",\"@id\":\"https:\/\/testim-mallorca.com\/#\/schema\/logo\/image\/\",\"url\":\"https:\/\/testim-mallorca.com\/wp-content\/uploads\/2022\/06\/Logo-testim-web-new.png\",\"contentUrl\":\"https:\/\/testim-mallorca.com\/wp-content\/uploads\/2022\/06\/Logo-testim-web-new.png\",\"width\":500,\"height\":173,\"caption\":\"T'Estim Mallorca\"},\"image\":{\"@id\":\"https:\/\/testim-mallorca.com\/#\/schema\/logo\/image\/\"},\"sameAs\":[\"https:\/\/www.facebook.com\/testimmallorca\/\",\"https:\/\/x.com\/testim_mallorca\",\"https:\/\/www.instagram.com\/testim_mallorca_\/\",\"https:\/\/www.linkedin.com\/company\/testim-mallorca\/about\/\"]}]}<\/script>\n<!-- \/ Yoast SEO plugin. -->","yoast_head_json":{"title":"Geldgeber - T&#039;Estim","robots":{"index":"index","follow":"follow","max-snippet":"max-snippet:-1","max-image-preview":"max-image-preview:large","max-video-preview":"max-video-preview:-1"},"canonical":"https:\/\/testim-mallorca.com\/patrocinadores\/","og_locale":"de_DE","og_type":"article","og_title":"Geldgeber - T&#039;Estim","og_description":"[vc_row content_placement=&#8220;middle&#8220;][vc_column width=&#8220;1\/4&#8243;][vc_single_image image=&#8220;7010&#8243; img_size=&#8220;full&#8220; alignment=&#8220;center&#8220;][\/vc_column][vc_column width=&#8220;3\/4&#8243;][vc_column_text] Dieses Projekt wird unterst\u00fctzt von: ENAIRE hat durch seine Programme zur F\u00f6rderung der sozialen Verantwortung von Unternehmen, welche die Integration von Menschen mit Behinderung zum Ziel haben, ma\u00dfgeblich zur Schaffung von Arbeitspl\u00e4tzen im Rahmen des Projekts T\u2019Estim beigetragen. CaixaBank \u2013 Fundaci\u00f3n la Caixa war am Aufbau des Projekts und bei der Einrichtung der Produktionsr\u00e4ume beteiligt. Fogaiba hat uns im Rahmen von zwei Projekten unterst\u00fctzt: Das BIA-Projekt half uns bei der Durchf\u00fchrung einer Studie \u00fcber den Bedarf und den Markt f\u00fcr Kr\u00e4utertees, und die Finanzierung eines Pilotprojekts erm\u00f6glichte die Forschung zum Thema Entwicklung von Superfoods und neuen Formen der Nutzung von Kr\u00e4utern. Die Generaldirektion f\u00fcr Arbeit (Direcci\u00f3n General de Trabajo) hat durch Beihilfen f\u00fcr Besch\u00e4ftigungsprojekte die Anschaffung von Maschinen f\u00fcr die Verarbeitung der Kr\u00e4uter unterst\u00fctzt. [\/vc_column_text][\/vc_column][\/vc_row][vc_row][vc_column][vc_empty_space height=&#8220;72px&#8220;][\/vc_column][\/vc_row][vc_row content_placement=&#8220;middle&#8220;][vc_column width=&#8220;1\/5&#8243;][vc_single_image image=&#8220;6851&#8243; img_size=&#8220;full&#8220; alignment=&#8220;center&#8220;][\/vc_column][vc_column width=&#8220;1\/5&#8243;][vc_single_image image=&#8220;6852&#8243; img_size=&#8220;full&#8220; alignment=&#8220;center&#8220;][\/vc_column][vc_column width=&#8220;1\/5&#8243;][vc_single_image image=&#8220;6853&#8243; img_size=&#8220;full&#8220; alignment=&#8220;center&#8220;][\/vc_column][vc_column width=&#8220;1\/5&#8243;][vc_single_image image=&#8220;6855&#8243; img_size=&#8220;full&#8220; alignment=&#8220;center&#8220;][\/vc_column][vc_column width=&#8220;1\/5&#8243;][vc_single_image image=&#8220;6854&#8243; img_size=&#8220;full&#8220; alignment=&#8220;center&#8220;][\/vc_column][\/vc_row]","og_url":"https:\/\/testim-mallorca.com\/patrocinadores\/","og_site_name":"T&#039;Estim","article_publisher":"https:\/\/www.facebook.com\/testimmallorca\/","article_modified_time":"2022-01-20T15:00:04+00:00","og_image":[{"width":1965,"height":1080,"url":"https:\/\/testim-mallorca.com\/wp-content\/uploads\/2021\/11\/testim-infusiones-de-mallorca-te-de-rooibos-hierbas-estell-de-llevant-financiar.jpg","type":"image\/jpeg"}],"twitter_card":"summary_large_image","twitter_site":"@testim_mallorca","twitter_misc":{"Gesch\u00e4tzte Lesezeit":"1 Minute"},"schema":{"@context":"https:\/\/schema.org","@graph":[{"@type":"WebPage","@id":"https:\/\/testim-mallorca.com\/patrocinadores\/","url":"https:\/\/testim-mallorca.com\/patrocinadores\/","name":"Geldgeber - T&#039;Estim","isPartOf":{"@id":"https:\/\/testim-mallorca.com\/#website"},"primaryImageOfPage":{"@id":"https:\/\/testim-mallorca.com\/patrocinadores\/#primaryimage"},"image":{"@id":"https:\/\/testim-mallorca.com\/patrocinadores\/#primaryimage"},"thumbnailUrl":"https:\/\/testim-mallorca.com\/wp-content\/uploads\/2021\/11\/testim-infusiones-de-mallorca-te-de-rooibos-hierbas-estell-de-llevant-financiar.jpg","datePublished":"2021-11-24T07:45:27+00:00","dateModified":"2022-01-20T15:00:04+00:00","breadcrumb":{"@id":"https:\/\/testim-mallorca.com\/patrocinadores\/#breadcrumb"},"inLanguage":"de-DE","potentialAction":[{"@type":"ReadAction","target":["https:\/\/testim-mallorca.com\/patrocinadores\/"]}]},{"@type":"ImageObject","inLanguage":"de-DE","@id":"https:\/\/testim-mallorca.com\/patrocinadores\/#primaryimage","url":"https:\/\/testim-mallorca.com\/wp-content\/uploads\/2021\/11\/testim-infusiones-de-mallorca-te-de-rooibos-hierbas-estell-de-llevant-financiar.jpg","contentUrl":"https:\/\/testim-mallorca.com\/wp-content\/uploads\/2021\/11\/testim-infusiones-de-mallorca-te-de-rooibos-hierbas-estell-de-llevant-financiar.jpg","width":1965,"height":1080},{"@type":"BreadcrumbList","@id":"https:\/\/testim-mallorca.com\/patrocinadores\/#breadcrumb","itemListElement":[{"@type":"ListItem","position":1,"name":"Portada","item":"https:\/\/testim-mallorca.com\/de\/"},{"@type":"ListItem","position":2,"name":"Geldgeber"}]},{"@type":"WebSite","@id":"https:\/\/testim-mallorca.com\/#website","url":"https:\/\/testim-mallorca.com\/","name":"T&#039;Estim","description":"Infusions i tes ecol\u00f2gics de Mallorca","publisher":{"@id":"https:\/\/testim-mallorca.com\/#organization"},"potentialAction":[{"@type":"SearchAction","target":{"@type":"EntryPoint","urlTemplate":"https:\/\/testim-mallorca.com\/?s={search_term_string}"},"query-input":"required name=search_term_string"}],"inLanguage":"de-DE"},{"@type":"Organization","@id":"https:\/\/testim-mallorca.com\/#organization","name":"T'Estim Mallorca","url":"https:\/\/testim-mallorca.com\/","logo":{"@type":"ImageObject","inLanguage":"de-DE","@id":"https:\/\/testim-mallorca.com\/#\/schema\/logo\/image\/","url":"https:\/\/testim-mallorca.com\/wp-content\/uploads\/2022\/06\/Logo-testim-web-new.png","contentUrl":"https:\/\/testim-mallorca.com\/wp-content\/uploads\/2022\/06\/Logo-testim-web-new.png","width":500,"height":173,"caption":"T'Estim Mallorca"},"image":{"@id":"https:\/\/testim-mallorca.com\/#\/schema\/logo\/image\/"},"sameAs":["https:\/\/www.facebook.com\/testimmallorca\/","https:\/\/x.com\/testim_mallorca","https:\/\/www.instagram.com\/testim_mallorca_\/","https:\/\/www.linkedin.com\/company\/testim-mallorca\/about\/"]}]}},"_links":{"self":[{"href":"https:\/\/testim-mallorca.com\/de\/wp-json\/wp\/v2\/pages\/7798"}],"collection":[{"href":"https:\/\/testim-mallorca.com\/de\/wp-json\/wp\/v2\/pages"}],"about":[{"href":"https:\/\/testim-mallorca.com\/de\/wp-json\/wp\/v2\/types\/page"}],"author":[{"embeddable":true,"href":"https:\/\/testim-mallorca.com\/de\/wp-json\/wp\/v2\/users\/1"}],"replies":[{"embeddable":true,"href":"https:\/\/testim-mallorca.com\/de\/wp-json\/wp\/v2\/comments?post=7798"}],"version-history":[{"count":1,"href":"https:\/\/testim-mallorca.com\/de\/wp-json\/wp\/v2\/pages\/7798\/revisions"}],"predecessor-version":[{"id":8109,"href":"https:\/\/testim-mallorca.com\/de\/wp-json\/wp\/v2\/pages\/7798\/revisions\/8109"}],"wp:featuredmedia":[{"embeddable":true,"href":"https:\/\/testim-mallorca.com\/de\/wp-json\/wp\/v2\/media\/8092"}],"wp:attachment":[{"href":"https:\/\/testim-mallorca.com\/de\/wp-json\/wp\/v2\/media?parent=7798"}],"curies":[{"name":"wp","href":"https:\/\/api.w.org\/{rel}","templated":true}]}}