{"id":7802,"date":"2018-12-26T06:40:55","date_gmt":"2018-12-26T06:40:55","guid":{"rendered":"https:\/\/testim-mallorca.com\/finca-sa-vall-de-la-nou\/"},"modified":"2022-01-20T14:57:56","modified_gmt":"2022-01-20T14:57:56","slug":"das-landgut-finca-sa-vall-de-la-nou","status":"publish","type":"page","link":"https:\/\/testim-mallorca.com\/de\/das-landgut-finca-sa-vall-de-la-nou\/","title":{"rendered":"WIR FREUEN UNS AUF SIE!"},"content":{"rendered":"<section class=\"wpb-content-wrapper\">[vc_row][vc_column]<div class=\"cws_spacing cws_spacing_size_sm_desctop-on cws_spacing_tablet-on cws_spacing_mobile-on\"><div class=\"cws_spacing cws_spacing_default\" style=\"height:10px;\"><\/div> <div class=\"cws_spacing cws_spacing_size_sm_desctop\" style=\"height:0px;\"><\/div> <div class=\"cws_spacing cws_spacing_tablet\" style=\"height:0px;\"><\/div> <div class=\"cws_spacing cws_spacing_mobile\" style=\"height:50px;\"><\/div><\/div>[vc_empty_space height=&#8220;62px&#8220;][\/vc_column][\/vc_row][vc_row gap=&#8220;25&#8243;][vc_column width=&#8220;1\/2&#8243;][vc_column_text]\n<h1 style=\"text-align: center;\">Das Landgut Finca Sa Vall de la Nou und sein Brunnen Font de na Mem\u00f2ria<\/h1>\n<h2 style=\"text-align: center;\"><strong>\u00d6kologische Landwirtschaft auf unserer Finca Sa Vall de la Nou<\/strong><\/h2>\n<p style=\"text-align: center;\">Entdecken Sie Mallorca von einer ganz besonderen Seite<\/p>\n<p class=\"p1\" style=\"text-align: justify;\"><span style=\"color: #81b4bf;\"><strong>Unsere Pflanzen wachsen und gedeihen in einer der reizvollsten Gegenden im Osten Mallorcas \u2013 im sagenumwobenen Tal Vall de la Nou, das bereits in Schriften aus dem 14. <\/strong><\/span>Jahrhundert erw\u00e4hnt wurde (\u201e<em>in valle vocata de Nuce\u201c<\/em>, 1339). Der Brunnen mit dem Namen <em>Font de na Mem\u00f2ria<\/em>, der bereits in l\u00e4ngst vergangenen Zeiten Wasser lieferte, bew\u00e4ssert unsere Anbaufl\u00e4chen mit einer lang zur\u00fcckreichenden Geschichte und erzeugt dadurch ein wunderbares Ambiente, das sich auf jeden Schluck unserer Tees \u00fcbertr\u00e4gt. Unsere Produkte sind die Erben jahrtausendealter mallorquinischer Traditionen.<\/p>\n<p style=\"text-align: justify;\">Schon die M\u00e4nner und Frauen der pr\u00e4historischen Talayot-Kultur w\u00e4hlten diesen einzigartigen Ort als ihren Lebensmittelpunkt. Die Araber legten ein ausgekl\u00fcgeltes Bew\u00e4sserungssystem an, das noch heute genutzt wird. Im Mittelalter wurden die ersten M\u00fchlen gebaut, um die Kraft des Wassers zur Herstellung von Papier, Mehl und Stoff zu nutzen. Dank der Anstrengungen und des Einfallsreichtums der Menschen wurde dieses Tal zu einer der fruchtbarsten und einzigartigsten Gegenden der Insel Mallorca. Das hier herrschende Mikroklima beg\u00fcnstigt unsere Plantagen und erm\u00f6glicht es uns, optimale Ernten zu erzielen.<\/p>\n<p style=\"text-align: justify;\"><span style=\"color: #81b4bf;\"><strong>Das Wasser, die Geschichte, das Klima und der fruchtbare Boden bringen Kr\u00e4uter mit intensivem Aroma und unvergleichlichem Geschmack hervor, die als Tee aufgegossen auch den anspruchsvollsten Gaumen begeistern.<\/strong><\/span><\/p>\n[\/vc_column_text][vc_empty_space][\/vc_column][vc_column width=&#8220;1\/2&#8243;][vc_single_image image=&#8220;6605&#8243; img_size=&#8220;full&#8220;]<div class=\"cws_spacing cws_spacing_size_sm_desctop-on cws_spacing_tablet-on cws_spacing_mobile-on\"><div class=\"cws_spacing cws_spacing_default\" style=\"height:20px;\"><\/div> <div class=\"cws_spacing cws_spacing_size_sm_desctop\" style=\"height:0px;\"><\/div> <div class=\"cws_spacing cws_spacing_tablet\" style=\"height:0px;\"><\/div> <div class=\"cws_spacing cws_spacing_mobile\" style=\"height:50px;\"><\/div><\/div>[vc_single_image image=&#8220;6599&#8243; img_size=&#8220;full&#8220;]<div class=\"cws_spacing cws_spacing_size_sm_desctop-on cws_spacing_tablet-on cws_spacing_mobile-on\"><div class=\"cws_spacing cws_spacing_default\" style=\"height:20px;\"><\/div> <div class=\"cws_spacing cws_spacing_size_sm_desctop\" style=\"height:0px;\"><\/div> <div class=\"cws_spacing cws_spacing_tablet\" style=\"height:0px;\"><\/div> <div class=\"cws_spacing cws_spacing_mobile\" style=\"height:50px;\"><\/div><\/div>[vc_single_image image=&#8220;6792&#8243; img_size=&#8220;full&#8220;][vc_empty_space][vc_single_image image=&#8220;6811&#8243; img_size=&#8220;medium&#8220; alignment=&#8220;center&#8220;][\/vc_column][\/vc_row][vc_row][vc_column width=&#8220;1\/6&#8243;][\/vc_column][vc_column width=&#8220;2\/3&#8243;][vc_empty_space height=&#8220;62px&#8220;][vc_video link=&#8220;https:\/\/www.youtube.com\/watch?v=Wv7fX9bCeS0&#8243;][vc_empty_space height=&#8220;62px&#8220;][\/vc_column][vc_column width=&#8220;1\/6&#8243;][\/vc_column][\/vc_row][vc_row css=&#8220;.vc_custom_1637750904567{background-color: #ecf1e2 !important;border-radius: 20px !important;}&#8220;][vc_column][vc_empty_space][vc_column_text css_animation=&#8220;bounceInDown&#8220;]Wenn Sie an einer <strong>F\u00fchrung<\/strong> interessiert sind, um einen Einblick in unsere Anbau- und Produktionsverfahren zu erhalten, <a href=\"mailto:comercialestim@esteldellevant.es\"><strong>setzen Sie sich bitte mit uns in Verbindung<\/strong>.<\/a> Wir freuen uns, Ihnen unser Projekt direkt vor Ort n\u00e4her zu bringen![\/vc_column_text][vc_empty_space][\/vc_column][\/vc_row][vc_row][vc_column]<div class=\"cws_spacing cws_spacing_size_sm_desctop-on cws_spacing_tablet-on cws_spacing_mobile-on\"><div class=\"cws_spacing cws_spacing_default\" style=\"height:0px;\"><\/div> <div class=\"cws_spacing cws_spacing_size_sm_desctop\" style=\"height:0px;\"><\/div> <div class=\"cws_spacing cws_spacing_tablet\" style=\"height:0px;\"><\/div> <div class=\"cws_spacing cws_spacing_mobile\" style=\"height:50px;\"><\/div><\/div>[\/vc_column][\/vc_row]\n<\/section>","protected":false},"excerpt":{"rendered":"<p>[vc_row][vc_column][vc_empty_space height=&#8220;62px&#8220;][\/vc_column][\/vc_row][vc_row gap=&#8220;25&#8243;][vc_column width=&#8220;1\/2&#8243;][vc_column_text] Das Landgut Finca Sa Vall de la Nou und sein Brunnen Font de na Mem\u00f2ria \u00d6kologische Landwirtschaft auf unserer Finca Sa Vall de la Nou Entdecken Sie Mallorca von einer ganz besonderen Seite Unsere Pflanzen wachsen und gedeihen in einer der reizvollsten Gegenden im Osten Mallorcas \u2013 im sagenumwobenen Tal Vall de la Nou, das bereits in Schriften aus dem 14. Jahrhundert erw\u00e4hnt wurde (\u201ein valle vocata de Nuce\u201c, 1339). Der Brunnen mit dem Namen Font de na Mem\u00f2ria, der bereits in l\u00e4ngst vergangenen Zeiten Wasser lieferte, bew\u00e4ssert unsere Anbaufl\u00e4chen mit einer lang zur\u00fcckreichenden Geschichte und erzeugt dadurch ein wunderbares Ambiente, das sich auf jeden Schluck unserer Tees \u00fcbertr\u00e4gt. Unsere Produkte sind die Erben jahrtausendealter mallorquinischer Traditionen. Schon die M\u00e4nner und Frauen der pr\u00e4historischen Talayot-Kultur w\u00e4hlten diesen einzigartigen Ort als ihren Lebensmittelpunkt. Die Araber legten ein ausgekl\u00fcgeltes Bew\u00e4sserungssystem an, das noch heute genutzt wird. Im Mittelalter wurden die ersten M\u00fchlen gebaut, um die Kraft des Wassers zur Herstellung von Papier, Mehl und Stoff zu nutzen. Dank der Anstrengungen und des Einfallsreichtums der Menschen wurde dieses Tal zu einer der fruchtbarsten und einzigartigsten Gegenden der Insel Mallorca. Das hier herrschende Mikroklima beg\u00fcnstigt unsere Plantagen und erm\u00f6glicht es uns, optimale Ernten zu erzielen. Das Wasser, die Geschichte, das Klima und der fruchtbare Boden bringen Kr\u00e4uter mit intensivem Aroma und unvergleichlichem Geschmack hervor, die als Tee aufgegossen auch den anspruchsvollsten Gaumen begeistern. [\/vc_column_text][vc_empty_space][\/vc_column][vc_column width=&#8220;1\/2&#8243;][vc_single_image image=&#8220;6605&#8243; img_size=&#8220;full&#8220;][vc_single_image image=&#8220;6599&#8243; img_size=&#8220;full&#8220;][vc_single_image image=&#8220;6792&#8243; img_size=&#8220;full&#8220;][vc_empty_space][vc_single_image image=&#8220;6811&#8243; img_size=&#8220;medium&#8220; alignment=&#8220;center&#8220;][\/vc_column][\/vc_row][vc_row][vc_column width=&#8220;1\/6&#8243;][\/vc_column][vc_column width=&#8220;2\/3&#8243;][vc_empty_space height=&#8220;62px&#8220;][vc_video link=&#8220;https:\/\/www.youtube.com\/watch?v=Wv7fX9bCeS0&#8243;][vc_empty_space height=&#8220;62px&#8220;][\/vc_column][vc_column width=&#8220;1\/6&#8243;][\/vc_column][\/vc_row][vc_row css=&#8220;.vc_custom_1637750904567{background-color: #ecf1e2 !important;border-radius: 20px !important;}&#8220;][vc_column][vc_empty_space][vc_column_text css_animation=&#8220;bounceInDown&#8220;]Wenn Sie an einer F\u00fchrung interessiert sind, um einen Einblick in unsere Anbau- und Produktionsverfahren zu erhalten, setzen Sie sich bitte mit uns in Verbindung. Wir freuen uns, Ihnen unser Projekt direkt vor Ort n\u00e4her zu bringen![\/vc_column_text][vc_empty_space][\/vc_column][\/vc_row][vc_row][vc_column][\/vc_column][\/vc_row]<\/p>\n","protected":false},"author":1,"featured_media":8042,"parent":0,"menu_order":0,"comment_status":"closed","ping_status":"closed","template":"","meta":{"_monsterinsights_skip_tracking":false,"_monsterinsights_sitenote_active":false,"_monsterinsights_sitenote_note":"","_monsterinsights_sitenote_category":0,"footnotes":""},"class_list":["post-7802","page","type-page","status-publish","has-post-thumbnail","hentry"],"yoast_head":"<!-- This site is optimized with the Yoast SEO plugin v23.3 - https:\/\/yoast.com\/wordpress\/plugins\/seo\/ -->\n<title>WIR FREUEN UNS AUF SIE! - T&#039;Estim<\/title>\n<meta name=\"robots\" content=\"index, follow, max-snippet:-1, max-image-preview:large, max-video-preview:-1\" \/>\n<link rel=\"canonical\" href=\"https:\/\/testim-mallorca.com\/finca-sa-vall-de-la-nou\/\" \/>\n<meta property=\"og:locale\" content=\"de_DE\" \/>\n<meta property=\"og:type\" content=\"article\" \/>\n<meta property=\"og:title\" content=\"WIR FREUEN UNS AUF SIE! - T&#039;Estim\" \/>\n<meta property=\"og:description\" content=\"[vc_row][vc_column][vc_empty_space height=&#8220;62px&#8220;][\/vc_column][\/vc_row][vc_row gap=&#8220;25&#8243;][vc_column width=&#8220;1\/2&#8243;][vc_column_text] Das Landgut Finca Sa Vall de la Nou und sein Brunnen Font de na Mem\u00f2ria \u00d6kologische Landwirtschaft auf unserer Finca Sa Vall de la Nou Entdecken Sie Mallorca von einer ganz besonderen Seite Unsere Pflanzen wachsen und gedeihen in einer der reizvollsten Gegenden im Osten Mallorcas \u2013 im sagenumwobenen Tal Vall de la Nou, das bereits in Schriften aus dem 14. Jahrhundert erw\u00e4hnt wurde (\u201ein valle vocata de Nuce\u201c, 1339). Der Brunnen mit dem Namen Font de na Mem\u00f2ria, der bereits in l\u00e4ngst vergangenen Zeiten Wasser lieferte, bew\u00e4ssert unsere Anbaufl\u00e4chen mit einer lang zur\u00fcckreichenden Geschichte und erzeugt dadurch ein wunderbares Ambiente, das sich auf jeden Schluck unserer Tees \u00fcbertr\u00e4gt. Unsere Produkte sind die Erben jahrtausendealter mallorquinischer Traditionen. Schon die M\u00e4nner und Frauen der pr\u00e4historischen Talayot-Kultur w\u00e4hlten diesen einzigartigen Ort als ihren Lebensmittelpunkt. Die Araber legten ein ausgekl\u00fcgeltes Bew\u00e4sserungssystem an, das noch heute genutzt wird. Im Mittelalter wurden die ersten M\u00fchlen gebaut, um die Kraft des Wassers zur Herstellung von Papier, Mehl und Stoff zu nutzen. Dank der Anstrengungen und des Einfallsreichtums der Menschen wurde dieses Tal zu einer der fruchtbarsten und einzigartigsten Gegenden der Insel Mallorca. Das hier herrschende Mikroklima beg\u00fcnstigt unsere Plantagen und erm\u00f6glicht es uns, optimale Ernten zu erzielen. Das Wasser, die Geschichte, das Klima und der fruchtbare Boden bringen Kr\u00e4uter mit intensivem Aroma und unvergleichlichem Geschmack hervor, die als Tee aufgegossen auch den anspruchsvollsten Gaumen begeistern. [\/vc_column_text][vc_empty_space][\/vc_column][vc_column width=&#8220;1\/2&#8243;][vc_single_image image=&#8220;6605&#8243; img_size=&#8220;full&#8220;][vc_single_image image=&#8220;6599&#8243; img_size=&#8220;full&#8220;][vc_single_image image=&#8220;6792&#8243; img_size=&#8220;full&#8220;][vc_empty_space][vc_single_image image=&#8220;6811&#8243; img_size=&#8220;medium&#8220; alignment=&#8220;center&#8220;][\/vc_column][\/vc_row][vc_row][vc_column width=&#8220;1\/6&#8243;][\/vc_column][vc_column width=&#8220;2\/3&#8243;][vc_empty_space height=&#8220;62px&#8220;][vc_video link=&#8220;https:\/\/www.youtube.com\/watch?v=Wv7fX9bCeS0&#8243;][vc_empty_space height=&#8220;62px&#8220;][\/vc_column][vc_column width=&#8220;1\/6&#8243;][\/vc_column][\/vc_row][vc_row css=&#8220;.vc_custom_1637750904567{background-color: #ecf1e2 !important;border-radius: 20px !important;}&#8220;][vc_column][vc_empty_space][vc_column_text css_animation=&#8220;bounceInDown&#8220;]Wenn Sie an einer F\u00fchrung interessiert sind, um einen Einblick in unsere Anbau- und Produktionsverfahren zu erhalten, setzen Sie sich bitte mit uns in Verbindung. Wir freuen uns, Ihnen unser Projekt direkt vor Ort n\u00e4her zu bringen![\/vc_column_text][vc_empty_space][\/vc_column][\/vc_row][vc_row][vc_column][\/vc_column][\/vc_row]\" \/>\n<meta property=\"og:url\" content=\"https:\/\/testim-mallorca.com\/finca-sa-vall-de-la-nou\/\" \/>\n<meta property=\"og:site_name\" content=\"T&#039;Estim\" \/>\n<meta property=\"article:publisher\" content=\"https:\/\/www.facebook.com\/testimmallorca\/\" \/>\n<meta property=\"article:modified_time\" content=\"2022-01-20T14:57:56+00:00\" \/>\n<meta property=\"og:image\" content=\"https:\/\/testim-mallorca.com\/wp-content\/uploads\/2020\/08\/testim-infusiones-de-mallorca-tila-alpina-valeriana-infusion-te-a-granel.jpg\" \/>\n\t<meta property=\"og:image:width\" content=\"2040\" \/>\n\t<meta property=\"og:image:height\" content=\"1148\" \/>\n\t<meta property=\"og:image:type\" content=\"image\/jpeg\" \/>\n<meta name=\"twitter:card\" content=\"summary_large_image\" \/>\n<meta name=\"twitter:site\" content=\"@testim_mallorca\" \/>\n<meta name=\"twitter:label1\" content=\"Gesch\u00e4tzte Lesezeit\" \/>\n\t<meta name=\"twitter:data1\" content=\"2 Minuten\" \/>\n<script type=\"application\/ld+json\" class=\"yoast-schema-graph\">{\"@context\":\"https:\/\/schema.org\",\"@graph\":[{\"@type\":\"WebPage\",\"@id\":\"https:\/\/testim-mallorca.com\/finca-sa-vall-de-la-nou\/\",\"url\":\"https:\/\/testim-mallorca.com\/finca-sa-vall-de-la-nou\/\",\"name\":\"WIR FREUEN UNS AUF SIE! - T&#039;Estim\",\"isPartOf\":{\"@id\":\"https:\/\/testim-mallorca.com\/#website\"},\"primaryImageOfPage\":{\"@id\":\"https:\/\/testim-mallorca.com\/finca-sa-vall-de-la-nou\/#primaryimage\"},\"image\":{\"@id\":\"https:\/\/testim-mallorca.com\/finca-sa-vall-de-la-nou\/#primaryimage\"},\"thumbnailUrl\":\"https:\/\/testim-mallorca.com\/wp-content\/uploads\/2020\/08\/testim-infusiones-de-mallorca-tila-alpina-valeriana-infusion-te-a-granel.jpg\",\"datePublished\":\"2018-12-26T06:40:55+00:00\",\"dateModified\":\"2022-01-20T14:57:56+00:00\",\"breadcrumb\":{\"@id\":\"https:\/\/testim-mallorca.com\/finca-sa-vall-de-la-nou\/#breadcrumb\"},\"inLanguage\":\"de-DE\",\"potentialAction\":[{\"@type\":\"ReadAction\",\"target\":[\"https:\/\/testim-mallorca.com\/finca-sa-vall-de-la-nou\/\"]}]},{\"@type\":\"ImageObject\",\"inLanguage\":\"de-DE\",\"@id\":\"https:\/\/testim-mallorca.com\/finca-sa-vall-de-la-nou\/#primaryimage\",\"url\":\"https:\/\/testim-mallorca.com\/wp-content\/uploads\/2020\/08\/testim-infusiones-de-mallorca-tila-alpina-valeriana-infusion-te-a-granel.jpg\",\"contentUrl\":\"https:\/\/testim-mallorca.com\/wp-content\/uploads\/2020\/08\/testim-infusiones-de-mallorca-tila-alpina-valeriana-infusion-te-a-granel.jpg\",\"width\":2040,\"height\":1148},{\"@type\":\"BreadcrumbList\",\"@id\":\"https:\/\/testim-mallorca.com\/finca-sa-vall-de-la-nou\/#breadcrumb\",\"itemListElement\":[{\"@type\":\"ListItem\",\"position\":1,\"name\":\"Portada\",\"item\":\"https:\/\/testim-mallorca.com\/de\/\"},{\"@type\":\"ListItem\",\"position\":2,\"name\":\"WIR FREUEN UNS AUF SIE!\"}]},{\"@type\":\"WebSite\",\"@id\":\"https:\/\/testim-mallorca.com\/#website\",\"url\":\"https:\/\/testim-mallorca.com\/\",\"name\":\"T&#039;Estim\",\"description\":\"Infusions i tes ecol\u00f2gics de Mallorca\",\"publisher\":{\"@id\":\"https:\/\/testim-mallorca.com\/#organization\"},\"potentialAction\":[{\"@type\":\"SearchAction\",\"target\":{\"@type\":\"EntryPoint\",\"urlTemplate\":\"https:\/\/testim-mallorca.com\/?s={search_term_string}\"},\"query-input\":\"required name=search_term_string\"}],\"inLanguage\":\"de-DE\"},{\"@type\":\"Organization\",\"@id\":\"https:\/\/testim-mallorca.com\/#organization\",\"name\":\"T'Estim Mallorca\",\"url\":\"https:\/\/testim-mallorca.com\/\",\"logo\":{\"@type\":\"ImageObject\",\"inLanguage\":\"de-DE\",\"@id\":\"https:\/\/testim-mallorca.com\/#\/schema\/logo\/image\/\",\"url\":\"https:\/\/testim-mallorca.com\/wp-content\/uploads\/2022\/06\/Logo-testim-web-new.png\",\"contentUrl\":\"https:\/\/testim-mallorca.com\/wp-content\/uploads\/2022\/06\/Logo-testim-web-new.png\",\"width\":500,\"height\":173,\"caption\":\"T'Estim Mallorca\"},\"image\":{\"@id\":\"https:\/\/testim-mallorca.com\/#\/schema\/logo\/image\/\"},\"sameAs\":[\"https:\/\/www.facebook.com\/testimmallorca\/\",\"https:\/\/x.com\/testim_mallorca\",\"https:\/\/www.instagram.com\/testim_mallorca_\/\",\"https:\/\/www.linkedin.com\/company\/testim-mallorca\/about\/\"]}]}<\/script>\n<!-- \/ Yoast SEO plugin. -->","yoast_head_json":{"title":"WIR FREUEN UNS AUF SIE! - T&#039;Estim","robots":{"index":"index","follow":"follow","max-snippet":"max-snippet:-1","max-image-preview":"max-image-preview:large","max-video-preview":"max-video-preview:-1"},"canonical":"https:\/\/testim-mallorca.com\/finca-sa-vall-de-la-nou\/","og_locale":"de_DE","og_type":"article","og_title":"WIR FREUEN UNS AUF SIE! - T&#039;Estim","og_description":"[vc_row][vc_column][vc_empty_space height=&#8220;62px&#8220;][\/vc_column][\/vc_row][vc_row gap=&#8220;25&#8243;][vc_column width=&#8220;1\/2&#8243;][vc_column_text] Das Landgut Finca Sa Vall de la Nou und sein Brunnen Font de na Mem\u00f2ria \u00d6kologische Landwirtschaft auf unserer Finca Sa Vall de la Nou Entdecken Sie Mallorca von einer ganz besonderen Seite Unsere Pflanzen wachsen und gedeihen in einer der reizvollsten Gegenden im Osten Mallorcas \u2013 im sagenumwobenen Tal Vall de la Nou, das bereits in Schriften aus dem 14. Jahrhundert erw\u00e4hnt wurde (\u201ein valle vocata de Nuce\u201c, 1339). Der Brunnen mit dem Namen Font de na Mem\u00f2ria, der bereits in l\u00e4ngst vergangenen Zeiten Wasser lieferte, bew\u00e4ssert unsere Anbaufl\u00e4chen mit einer lang zur\u00fcckreichenden Geschichte und erzeugt dadurch ein wunderbares Ambiente, das sich auf jeden Schluck unserer Tees \u00fcbertr\u00e4gt. Unsere Produkte sind die Erben jahrtausendealter mallorquinischer Traditionen. Schon die M\u00e4nner und Frauen der pr\u00e4historischen Talayot-Kultur w\u00e4hlten diesen einzigartigen Ort als ihren Lebensmittelpunkt. Die Araber legten ein ausgekl\u00fcgeltes Bew\u00e4sserungssystem an, das noch heute genutzt wird. Im Mittelalter wurden die ersten M\u00fchlen gebaut, um die Kraft des Wassers zur Herstellung von Papier, Mehl und Stoff zu nutzen. Dank der Anstrengungen und des Einfallsreichtums der Menschen wurde dieses Tal zu einer der fruchtbarsten und einzigartigsten Gegenden der Insel Mallorca. Das hier herrschende Mikroklima beg\u00fcnstigt unsere Plantagen und erm\u00f6glicht es uns, optimale Ernten zu erzielen. Das Wasser, die Geschichte, das Klima und der fruchtbare Boden bringen Kr\u00e4uter mit intensivem Aroma und unvergleichlichem Geschmack hervor, die als Tee aufgegossen auch den anspruchsvollsten Gaumen begeistern. [\/vc_column_text][vc_empty_space][\/vc_column][vc_column width=&#8220;1\/2&#8243;][vc_single_image image=&#8220;6605&#8243; img_size=&#8220;full&#8220;][vc_single_image image=&#8220;6599&#8243; img_size=&#8220;full&#8220;][vc_single_image image=&#8220;6792&#8243; img_size=&#8220;full&#8220;][vc_empty_space][vc_single_image image=&#8220;6811&#8243; img_size=&#8220;medium&#8220; alignment=&#8220;center&#8220;][\/vc_column][\/vc_row][vc_row][vc_column width=&#8220;1\/6&#8243;][\/vc_column][vc_column width=&#8220;2\/3&#8243;][vc_empty_space height=&#8220;62px&#8220;][vc_video link=&#8220;https:\/\/www.youtube.com\/watch?v=Wv7fX9bCeS0&#8243;][vc_empty_space height=&#8220;62px&#8220;][\/vc_column][vc_column width=&#8220;1\/6&#8243;][\/vc_column][\/vc_row][vc_row css=&#8220;.vc_custom_1637750904567{background-color: #ecf1e2 !important;border-radius: 20px !important;}&#8220;][vc_column][vc_empty_space][vc_column_text css_animation=&#8220;bounceInDown&#8220;]Wenn Sie an einer F\u00fchrung interessiert sind, um einen Einblick in unsere Anbau- und Produktionsverfahren zu erhalten, setzen Sie sich bitte mit uns in Verbindung. Wir freuen uns, Ihnen unser Projekt direkt vor Ort n\u00e4her zu bringen![\/vc_column_text][vc_empty_space][\/vc_column][\/vc_row][vc_row][vc_column][\/vc_column][\/vc_row]","og_url":"https:\/\/testim-mallorca.com\/finca-sa-vall-de-la-nou\/","og_site_name":"T&#039;Estim","article_publisher":"https:\/\/www.facebook.com\/testimmallorca\/","article_modified_time":"2022-01-20T14:57:56+00:00","og_image":[{"width":2040,"height":1148,"url":"https:\/\/testim-mallorca.com\/wp-content\/uploads\/2020\/08\/testim-infusiones-de-mallorca-tila-alpina-valeriana-infusion-te-a-granel.jpg","type":"image\/jpeg"}],"twitter_card":"summary_large_image","twitter_site":"@testim_mallorca","twitter_misc":{"Gesch\u00e4tzte Lesezeit":"2 Minuten"},"schema":{"@context":"https:\/\/schema.org","@graph":[{"@type":"WebPage","@id":"https:\/\/testim-mallorca.com\/finca-sa-vall-de-la-nou\/","url":"https:\/\/testim-mallorca.com\/finca-sa-vall-de-la-nou\/","name":"WIR FREUEN UNS AUF SIE! - T&#039;Estim","isPartOf":{"@id":"https:\/\/testim-mallorca.com\/#website"},"primaryImageOfPage":{"@id":"https:\/\/testim-mallorca.com\/finca-sa-vall-de-la-nou\/#primaryimage"},"image":{"@id":"https:\/\/testim-mallorca.com\/finca-sa-vall-de-la-nou\/#primaryimage"},"thumbnailUrl":"https:\/\/testim-mallorca.com\/wp-content\/uploads\/2020\/08\/testim-infusiones-de-mallorca-tila-alpina-valeriana-infusion-te-a-granel.jpg","datePublished":"2018-12-26T06:40:55+00:00","dateModified":"2022-01-20T14:57:56+00:00","breadcrumb":{"@id":"https:\/\/testim-mallorca.com\/finca-sa-vall-de-la-nou\/#breadcrumb"},"inLanguage":"de-DE","potentialAction":[{"@type":"ReadAction","target":["https:\/\/testim-mallorca.com\/finca-sa-vall-de-la-nou\/"]}]},{"@type":"ImageObject","inLanguage":"de-DE","@id":"https:\/\/testim-mallorca.com\/finca-sa-vall-de-la-nou\/#primaryimage","url":"https:\/\/testim-mallorca.com\/wp-content\/uploads\/2020\/08\/testim-infusiones-de-mallorca-tila-alpina-valeriana-infusion-te-a-granel.jpg","contentUrl":"https:\/\/testim-mallorca.com\/wp-content\/uploads\/2020\/08\/testim-infusiones-de-mallorca-tila-alpina-valeriana-infusion-te-a-granel.jpg","width":2040,"height":1148},{"@type":"BreadcrumbList","@id":"https:\/\/testim-mallorca.com\/finca-sa-vall-de-la-nou\/#breadcrumb","itemListElement":[{"@type":"ListItem","position":1,"name":"Portada","item":"https:\/\/testim-mallorca.com\/de\/"},{"@type":"ListItem","position":2,"name":"WIR FREUEN UNS AUF SIE!"}]},{"@type":"WebSite","@id":"https:\/\/testim-mallorca.com\/#website","url":"https:\/\/testim-mallorca.com\/","name":"T&#039;Estim","description":"Infusions i tes ecol\u00f2gics de Mallorca","publisher":{"@id":"https:\/\/testim-mallorca.com\/#organization"},"potentialAction":[{"@type":"SearchAction","target":{"@type":"EntryPoint","urlTemplate":"https:\/\/testim-mallorca.com\/?s={search_term_string}"},"query-input":"required name=search_term_string"}],"inLanguage":"de-DE"},{"@type":"Organization","@id":"https:\/\/testim-mallorca.com\/#organization","name":"T'Estim Mallorca","url":"https:\/\/testim-mallorca.com\/","logo":{"@type":"ImageObject","inLanguage":"de-DE","@id":"https:\/\/testim-mallorca.com\/#\/schema\/logo\/image\/","url":"https:\/\/testim-mallorca.com\/wp-content\/uploads\/2022\/06\/Logo-testim-web-new.png","contentUrl":"https:\/\/testim-mallorca.com\/wp-content\/uploads\/2022\/06\/Logo-testim-web-new.png","width":500,"height":173,"caption":"T'Estim Mallorca"},"image":{"@id":"https:\/\/testim-mallorca.com\/#\/schema\/logo\/image\/"},"sameAs":["https:\/\/www.facebook.com\/testimmallorca\/","https:\/\/x.com\/testim_mallorca","https:\/\/www.instagram.com\/testim_mallorca_\/","https:\/\/www.linkedin.com\/company\/testim-mallorca\/about\/"]}]}},"_links":{"self":[{"href":"https:\/\/testim-mallorca.com\/de\/wp-json\/wp\/v2\/pages\/7802"}],"collection":[{"href":"https:\/\/testim-mallorca.com\/de\/wp-json\/wp\/v2\/pages"}],"about":[{"href":"https:\/\/testim-mallorca.com\/de\/wp-json\/wp\/v2\/types\/page"}],"author":[{"embeddable":true,"href":"https:\/\/testim-mallorca.com\/de\/wp-json\/wp\/v2\/users\/1"}],"replies":[{"embeddable":true,"href":"https:\/\/testim-mallorca.com\/de\/wp-json\/wp\/v2\/comments?post=7802"}],"version-history":[{"count":1,"href":"https:\/\/testim-mallorca.com\/de\/wp-json\/wp\/v2\/pages\/7802\/revisions"}],"predecessor-version":[{"id":8115,"href":"https:\/\/testim-mallorca.com\/de\/wp-json\/wp\/v2\/pages\/7802\/revisions\/8115"}],"wp:featuredmedia":[{"embeddable":true,"href":"https:\/\/testim-mallorca.com\/de\/wp-json\/wp\/v2\/media\/8042"}],"wp:attachment":[{"href":"https:\/\/testim-mallorca.com\/de\/wp-json\/wp\/v2\/media?parent=7802"}],"curies":[{"name":"wp","href":"https:\/\/api.w.org\/{rel}","templated":true}]}}