{"id":8628,"date":"2022-02-03T19:07:10","date_gmt":"2022-02-03T19:07:10","guid":{"rendered":"https:\/\/testim-mallorca.com\/producto\/roibos\/"},"modified":"2022-04-01T15:07:13","modified_gmt":"2022-04-01T15:07:13","slug":"rooibos","status":"publish","type":"product","link":"https:\/\/testim-mallorca.com\/de\/producto\/rooibos\/","title":{"rendered":"ROOIBOS"},"content":{"rendered":"<p style=\"text-align: center;\">100% nat\u00fcrlicher Roibos<\/p>\n<p style=\"text-align: center;\">12 Pyramiden x 2 Gramm, insgesamt 24g<\/p>\n","protected":false},"excerpt":{"rendered":"<p style=\"text-align: justify;\">Der mineralstoffreiche Rooibostee, der aus einem s\u00fcdafrikanischen Strauch gewonnen wird, zeichnet sich durch seinen nat\u00fcrlich s\u00fc\u00dfen Geschmack mit leichter Karamellnote aus.<\/p>\n","protected":false},"featured_media":8446,"comment_status":"open","ping_status":"closed","template":"","meta":{"_monsterinsights_skip_tracking":false,"_monsterinsights_sitenote_active":false,"_monsterinsights_sitenote_note":"","_monsterinsights_sitenote_category":0},"product_cat":[243],"product_tag":[245,270,246,247],"class_list":{"0":"post-8628","1":"product","2":"type-product","3":"status-publish","4":"has-post-thumbnail","6":"product_cat-mallorca-serena-en-de","7":"product_tag-infusion-en-de","8":"product_tag-roibos-de","9":"product_tag-te-en-de","10":"product_tag-te-ecologico-en-de","12":"first","13":"instock","14":"shipping-taxable","15":"purchasable","16":"product-type-simple"},"yoast_head":"<!-- This site is optimized with the Yoast SEO plugin v23.3 - https:\/\/yoast.com\/wordpress\/plugins\/seo\/ -->\n<title>ROOIBOS - T&#039;Estim<\/title>\n<meta name=\"robots\" content=\"index, follow, max-snippet:-1, max-image-preview:large, max-video-preview:-1\" \/>\n<link rel=\"canonical\" href=\"https:\/\/testim-mallorca.com\/de\/producto\/rooibos\/\" \/>\n<meta property=\"og:locale\" content=\"de_DE\" \/>\n<meta property=\"og:type\" content=\"article\" \/>\n<meta property=\"og:title\" content=\"ROOIBOS - T&#039;Estim\" \/>\n<meta property=\"og:description\" content=\"Der mineralstoffreiche Rooibostee, der aus einem s\u00fcdafrikanischen Strauch gewonnen wird, zeichnet sich durch seinen nat\u00fcrlich s\u00fc\u00dfen Geschmack mit leichter Karamellnote aus.\" \/>\n<meta property=\"og:url\" content=\"https:\/\/testim-mallorca.com\/de\/producto\/rooibos\/\" \/>\n<meta property=\"og:site_name\" content=\"T&#039;Estim\" \/>\n<meta property=\"article:publisher\" content=\"https:\/\/www.facebook.com\/testimmallorca\/\" \/>\n<meta property=\"article:modified_time\" content=\"2022-04-01T15:07:13+00:00\" \/>\n<meta property=\"og:image\" content=\"https:\/\/testim-mallorca.com\/wp-content\/uploads\/2022\/02\/16-Mallorca-SERENA-Rooibos-1.jpg\" \/>\n\t<meta property=\"og:image:width\" content=\"1286\" \/>\n\t<meta property=\"og:image:height\" content=\"1654\" \/>\n\t<meta property=\"og:image:type\" content=\"image\/jpeg\" \/>\n<meta name=\"twitter:card\" content=\"summary_large_image\" \/>\n<meta name=\"twitter:site\" content=\"@testim_mallorca\" \/>\n<script type=\"application\/ld+json\" class=\"yoast-schema-graph\">{\"@context\":\"https:\/\/schema.org\",\"@graph\":[{\"@type\":\"WebPage\",\"@id\":\"https:\/\/testim-mallorca.com\/de\/producto\/rooibos\/\",\"url\":\"https:\/\/testim-mallorca.com\/de\/producto\/rooibos\/\",\"name\":\"ROOIBOS - T&#039;Estim\",\"isPartOf\":{\"@id\":\"https:\/\/testim-mallorca.com\/#website\"},\"primaryImageOfPage\":{\"@id\":\"https:\/\/testim-mallorca.com\/de\/producto\/rooibos\/#primaryimage\"},\"image\":{\"@id\":\"https:\/\/testim-mallorca.com\/de\/producto\/rooibos\/#primaryimage\"},\"thumbnailUrl\":\"https:\/\/testim-mallorca.com\/wp-content\/uploads\/2022\/02\/16-Mallorca-SERENA-Rooibos-1.jpg\",\"datePublished\":\"2022-02-03T19:07:10+00:00\",\"dateModified\":\"2022-04-01T15:07:13+00:00\",\"breadcrumb\":{\"@id\":\"https:\/\/testim-mallorca.com\/de\/producto\/rooibos\/#breadcrumb\"},\"inLanguage\":\"de-DE\",\"potentialAction\":[{\"@type\":\"ReadAction\",\"target\":[\"https:\/\/testim-mallorca.com\/de\/producto\/rooibos\/\"]}]},{\"@type\":\"ImageObject\",\"inLanguage\":\"de-DE\",\"@id\":\"https:\/\/testim-mallorca.com\/de\/producto\/rooibos\/#primaryimage\",\"url\":\"https:\/\/testim-mallorca.com\/wp-content\/uploads\/2022\/02\/16-Mallorca-SERENA-Rooibos-1.jpg\",\"contentUrl\":\"https:\/\/testim-mallorca.com\/wp-content\/uploads\/2022\/02\/16-Mallorca-SERENA-Rooibos-1.jpg\",\"width\":1286,\"height\":1654,\"caption\":\"OLYMPUS DIGITAL CAMERA\"},{\"@type\":\"BreadcrumbList\",\"@id\":\"https:\/\/testim-mallorca.com\/de\/producto\/rooibos\/#breadcrumb\",\"itemListElement\":[{\"@type\":\"ListItem\",\"position\":1,\"name\":\"Portada\",\"item\":\"https:\/\/testim-mallorca.com\/de\/\"},{\"@type\":\"ListItem\",\"position\":2,\"name\":\"Shop\",\"item\":\"https:\/\/testim-mallorca.com\/de\/shop\/\"},{\"@type\":\"ListItem\",\"position\":3,\"name\":\"ROOIBOS\"}]},{\"@type\":\"WebSite\",\"@id\":\"https:\/\/testim-mallorca.com\/#website\",\"url\":\"https:\/\/testim-mallorca.com\/\",\"name\":\"T&#039;Estim\",\"description\":\"Infusions i tes ecol\u00f2gics de Mallorca\",\"publisher\":{\"@id\":\"https:\/\/testim-mallorca.com\/#organization\"},\"potentialAction\":[{\"@type\":\"SearchAction\",\"target\":{\"@type\":\"EntryPoint\",\"urlTemplate\":\"https:\/\/testim-mallorca.com\/?s={search_term_string}\"},\"query-input\":\"required name=search_term_string\"}],\"inLanguage\":\"de-DE\"},{\"@type\":\"Organization\",\"@id\":\"https:\/\/testim-mallorca.com\/#organization\",\"name\":\"T'Estim Mallorca\",\"url\":\"https:\/\/testim-mallorca.com\/\",\"logo\":{\"@type\":\"ImageObject\",\"inLanguage\":\"de-DE\",\"@id\":\"https:\/\/testim-mallorca.com\/#\/schema\/logo\/image\/\",\"url\":\"https:\/\/testim-mallorca.com\/wp-content\/uploads\/2022\/06\/Logo-testim-web-new.png\",\"contentUrl\":\"https:\/\/testim-mallorca.com\/wp-content\/uploads\/2022\/06\/Logo-testim-web-new.png\",\"width\":500,\"height\":173,\"caption\":\"T'Estim Mallorca\"},\"image\":{\"@id\":\"https:\/\/testim-mallorca.com\/#\/schema\/logo\/image\/\"},\"sameAs\":[\"https:\/\/www.facebook.com\/testimmallorca\/\",\"https:\/\/x.com\/testim_mallorca\",\"https:\/\/www.instagram.com\/testim_mallorca_\/\",\"https:\/\/www.linkedin.com\/company\/testim-mallorca\/about\/\"]}]}<\/script>\n<!-- \/ Yoast SEO plugin. -->","yoast_head_json":{"title":"ROOIBOS - T&#039;Estim","robots":{"index":"index","follow":"follow","max-snippet":"max-snippet:-1","max-image-preview":"max-image-preview:large","max-video-preview":"max-video-preview:-1"},"canonical":"https:\/\/testim-mallorca.com\/de\/producto\/rooibos\/","og_locale":"de_DE","og_type":"article","og_title":"ROOIBOS - T&#039;Estim","og_description":"Der mineralstoffreiche Rooibostee, der aus einem s\u00fcdafrikanischen Strauch gewonnen wird, zeichnet sich durch seinen nat\u00fcrlich s\u00fc\u00dfen Geschmack mit leichter Karamellnote aus.","og_url":"https:\/\/testim-mallorca.com\/de\/producto\/rooibos\/","og_site_name":"T&#039;Estim","article_publisher":"https:\/\/www.facebook.com\/testimmallorca\/","article_modified_time":"2022-04-01T15:07:13+00:00","og_image":[{"width":1286,"height":1654,"url":"https:\/\/testim-mallorca.com\/wp-content\/uploads\/2022\/02\/16-Mallorca-SERENA-Rooibos-1.jpg","type":"image\/jpeg"}],"twitter_card":"summary_large_image","twitter_site":"@testim_mallorca","schema":{"@context":"https:\/\/schema.org","@graph":[{"@type":"WebPage","@id":"https:\/\/testim-mallorca.com\/de\/producto\/rooibos\/","url":"https:\/\/testim-mallorca.com\/de\/producto\/rooibos\/","name":"ROOIBOS - T&#039;Estim","isPartOf":{"@id":"https:\/\/testim-mallorca.com\/#website"},"primaryImageOfPage":{"@id":"https:\/\/testim-mallorca.com\/de\/producto\/rooibos\/#primaryimage"},"image":{"@id":"https:\/\/testim-mallorca.com\/de\/producto\/rooibos\/#primaryimage"},"thumbnailUrl":"https:\/\/testim-mallorca.com\/wp-content\/uploads\/2022\/02\/16-Mallorca-SERENA-Rooibos-1.jpg","datePublished":"2022-02-03T19:07:10+00:00","dateModified":"2022-04-01T15:07:13+00:00","breadcrumb":{"@id":"https:\/\/testim-mallorca.com\/de\/producto\/rooibos\/#breadcrumb"},"inLanguage":"de-DE","potentialAction":[{"@type":"ReadAction","target":["https:\/\/testim-mallorca.com\/de\/producto\/rooibos\/"]}]},{"@type":"ImageObject","inLanguage":"de-DE","@id":"https:\/\/testim-mallorca.com\/de\/producto\/rooibos\/#primaryimage","url":"https:\/\/testim-mallorca.com\/wp-content\/uploads\/2022\/02\/16-Mallorca-SERENA-Rooibos-1.jpg","contentUrl":"https:\/\/testim-mallorca.com\/wp-content\/uploads\/2022\/02\/16-Mallorca-SERENA-Rooibos-1.jpg","width":1286,"height":1654,"caption":"OLYMPUS DIGITAL CAMERA"},{"@type":"BreadcrumbList","@id":"https:\/\/testim-mallorca.com\/de\/producto\/rooibos\/#breadcrumb","itemListElement":[{"@type":"ListItem","position":1,"name":"Portada","item":"https:\/\/testim-mallorca.com\/de\/"},{"@type":"ListItem","position":2,"name":"Shop","item":"https:\/\/testim-mallorca.com\/de\/shop\/"},{"@type":"ListItem","position":3,"name":"ROOIBOS"}]},{"@type":"WebSite","@id":"https:\/\/testim-mallorca.com\/#website","url":"https:\/\/testim-mallorca.com\/","name":"T&#039;Estim","description":"Infusions i tes ecol\u00f2gics de Mallorca","publisher":{"@id":"https:\/\/testim-mallorca.com\/#organization"},"potentialAction":[{"@type":"SearchAction","target":{"@type":"EntryPoint","urlTemplate":"https:\/\/testim-mallorca.com\/?s={search_term_string}"},"query-input":"required name=search_term_string"}],"inLanguage":"de-DE"},{"@type":"Organization","@id":"https:\/\/testim-mallorca.com\/#organization","name":"T'Estim Mallorca","url":"https:\/\/testim-mallorca.com\/","logo":{"@type":"ImageObject","inLanguage":"de-DE","@id":"https:\/\/testim-mallorca.com\/#\/schema\/logo\/image\/","url":"https:\/\/testim-mallorca.com\/wp-content\/uploads\/2022\/06\/Logo-testim-web-new.png","contentUrl":"https:\/\/testim-mallorca.com\/wp-content\/uploads\/2022\/06\/Logo-testim-web-new.png","width":500,"height":173,"caption":"T'Estim Mallorca"},"image":{"@id":"https:\/\/testim-mallorca.com\/#\/schema\/logo\/image\/"},"sameAs":["https:\/\/www.facebook.com\/testimmallorca\/","https:\/\/x.com\/testim_mallorca","https:\/\/www.instagram.com\/testim_mallorca_\/","https:\/\/www.linkedin.com\/company\/testim-mallorca\/about\/"]}]}},"_links":{"self":[{"href":"https:\/\/testim-mallorca.com\/de\/wp-json\/wp\/v2\/product\/8628"}],"collection":[{"href":"https:\/\/testim-mallorca.com\/de\/wp-json\/wp\/v2\/product"}],"about":[{"href":"https:\/\/testim-mallorca.com\/de\/wp-json\/wp\/v2\/types\/product"}],"replies":[{"embeddable":true,"href":"https:\/\/testim-mallorca.com\/de\/wp-json\/wp\/v2\/comments?post=8628"}],"wp:featuredmedia":[{"embeddable":true,"href":"https:\/\/testim-mallorca.com\/de\/wp-json\/wp\/v2\/media\/8446"}],"wp:attachment":[{"href":"https:\/\/testim-mallorca.com\/de\/wp-json\/wp\/v2\/media?parent=8628"}],"wp:term":[{"taxonomy":"product_cat","embeddable":true,"href":"https:\/\/testim-mallorca.com\/de\/wp-json\/wp\/v2\/product_cat?post=8628"},{"taxonomy":"product_tag","embeddable":true,"href":"https:\/\/testim-mallorca.com\/de\/wp-json\/wp\/v2\/product_tag?post=8628"}],"curies":[{"name":"wp","href":"https:\/\/api.w.org\/{rel}","templated":true}]}}