{"id":8633,"date":"2022-02-03T18:48:32","date_gmt":"2022-02-03T18:48:32","guid":{"rendered":"https:\/\/testim-mallorca.com\/producto\/bon-respir\/"},"modified":"2022-04-01T15:14:49","modified_gmt":"2022-04-01T15:14:49","slug":"hals-und-rachen-tee","status":"publish","type":"product","link":"https:\/\/testim-mallorca.com\/de\/producto\/hals-und-rachen-tee\/","title":{"rendered":"HALS-UND RACHEN-TEE"},"content":{"rendered":"<p style=\"text-align: center;\">36% Thymian , 21% Rosmarin<\/p>\n<p style=\"text-align: center;\">14% Pfefferminz, 14% Wegerich<\/p>\n<p style=\"text-align: center;\">14% K\u00f6nigskerze<\/p>\n<p style=\"text-align: center;\">12 Pyramiden x 2 Gramm, insgesamt 24g<\/p>\n","protected":false},"excerpt":{"rendered":"<p style=\"text-align: justify;\">Diese Kr\u00e4uterteemischung befreit die Atemwege und verbessert die Sauerstoffzufuhr, was den Organismus in Schwung bringt, das Immunsystem anregt und die Ausscheidung von Giftstoffen f\u00f6rdert.<\/p>\n<p style=\"text-align: justify;\"><em>Wirkung:<\/em>\u00a0auswurff\u00f6rdernd, bronchienerweiternd, hustenstillend, schleiml\u00f6send, antibiotisch, antiseptisch, antiviral, hilfreich bei Erk\u00e4ltungskrankheiten, Nebenh\u00f6hlenentz\u00fcndung und Grippe.<\/p>\n","protected":false},"featured_media":8471,"comment_status":"open","ping_status":"closed","template":"","meta":{"_monsterinsights_skip_tracking":false,"_monsterinsights_sitenote_active":false,"_monsterinsights_sitenote_note":"","_monsterinsights_sitenote_category":0},"product_cat":[250],"product_tag":[275,252,276,245,277,278,246,247,279],"class_list":{"0":"post-8633","1":"product","2":"type-product","3":"status-publish","4":"has-post-thumbnail","6":"product_cat-mallorca-natural-de","7":"product_tag-gordolobo-de","8":"product_tag-hierba-luisa-de","9":"product_tag-hierbabuena-de","10":"product_tag-infusion-en-de","11":"product_tag-llanten-de","12":"product_tag-romero-de","13":"product_tag-te-en-de","14":"product_tag-te-ecologico-en-de","15":"product_tag-tomillo-de","17":"first","18":"instock","19":"shipping-taxable","20":"purchasable","21":"product-type-simple"},"yoast_head":"<!-- This site is optimized with the Yoast SEO plugin v23.3 - https:\/\/yoast.com\/wordpress\/plugins\/seo\/ -->\n<title>HALS-UND RACHEN-TEE - T&#039;Estim<\/title>\n<meta name=\"robots\" content=\"index, follow, max-snippet:-1, max-image-preview:large, max-video-preview:-1\" \/>\n<link rel=\"canonical\" href=\"https:\/\/testim-mallorca.com\/de\/producto\/hals-und-rachen-tee\/\" \/>\n<meta property=\"og:locale\" content=\"de_DE\" \/>\n<meta property=\"og:type\" content=\"article\" \/>\n<meta property=\"og:title\" content=\"HALS-UND RACHEN-TEE - T&#039;Estim\" \/>\n<meta property=\"og:description\" content=\"Diese Kr\u00e4uterteemischung befreit die Atemwege und verbessert die Sauerstoffzufuhr, was den Organismus in Schwung bringt, das Immunsystem anregt und die Ausscheidung von Giftstoffen f\u00f6rdert. Wirkung:\u00a0auswurff\u00f6rdernd, bronchienerweiternd, hustenstillend, schleiml\u00f6send, antibiotisch, antiseptisch, antiviral, hilfreich bei Erk\u00e4ltungskrankheiten, Nebenh\u00f6hlenentz\u00fcndung und Grippe.\" \/>\n<meta property=\"og:url\" content=\"https:\/\/testim-mallorca.com\/de\/producto\/hals-und-rachen-tee\/\" \/>\n<meta property=\"og:site_name\" content=\"T&#039;Estim\" \/>\n<meta property=\"article:publisher\" content=\"https:\/\/www.facebook.com\/testimmallorca\/\" \/>\n<meta property=\"article:modified_time\" content=\"2022-04-01T15:14:49+00:00\" \/>\n<meta property=\"og:image\" content=\"https:\/\/testim-mallorca.com\/wp-content\/uploads\/2022\/02\/10-Mallorca-NATURAL-Bon-Respir-1.jpg\" \/>\n\t<meta property=\"og:image:width\" content=\"1286\" \/>\n\t<meta property=\"og:image:height\" content=\"1654\" \/>\n\t<meta property=\"og:image:type\" content=\"image\/jpeg\" \/>\n<meta name=\"twitter:card\" content=\"summary_large_image\" \/>\n<meta name=\"twitter:site\" content=\"@testim_mallorca\" \/>\n<script type=\"application\/ld+json\" class=\"yoast-schema-graph\">{\"@context\":\"https:\/\/schema.org\",\"@graph\":[{\"@type\":\"WebPage\",\"@id\":\"https:\/\/testim-mallorca.com\/de\/producto\/hals-und-rachen-tee\/\",\"url\":\"https:\/\/testim-mallorca.com\/de\/producto\/hals-und-rachen-tee\/\",\"name\":\"HALS-UND RACHEN-TEE - T&#039;Estim\",\"isPartOf\":{\"@id\":\"https:\/\/testim-mallorca.com\/#website\"},\"primaryImageOfPage\":{\"@id\":\"https:\/\/testim-mallorca.com\/de\/producto\/hals-und-rachen-tee\/#primaryimage\"},\"image\":{\"@id\":\"https:\/\/testim-mallorca.com\/de\/producto\/hals-und-rachen-tee\/#primaryimage\"},\"thumbnailUrl\":\"https:\/\/testim-mallorca.com\/wp-content\/uploads\/2022\/02\/10-Mallorca-NATURAL-Bon-Respir-1.jpg\",\"datePublished\":\"2022-02-03T18:48:32+00:00\",\"dateModified\":\"2022-04-01T15:14:49+00:00\",\"breadcrumb\":{\"@id\":\"https:\/\/testim-mallorca.com\/de\/producto\/hals-und-rachen-tee\/#breadcrumb\"},\"inLanguage\":\"de-DE\",\"potentialAction\":[{\"@type\":\"ReadAction\",\"target\":[\"https:\/\/testim-mallorca.com\/de\/producto\/hals-und-rachen-tee\/\"]}]},{\"@type\":\"ImageObject\",\"inLanguage\":\"de-DE\",\"@id\":\"https:\/\/testim-mallorca.com\/de\/producto\/hals-und-rachen-tee\/#primaryimage\",\"url\":\"https:\/\/testim-mallorca.com\/wp-content\/uploads\/2022\/02\/10-Mallorca-NATURAL-Bon-Respir-1.jpg\",\"contentUrl\":\"https:\/\/testim-mallorca.com\/wp-content\/uploads\/2022\/02\/10-Mallorca-NATURAL-Bon-Respir-1.jpg\",\"width\":1286,\"height\":1654,\"caption\":\"OLYMPUS DIGITAL CAMERA\"},{\"@type\":\"BreadcrumbList\",\"@id\":\"https:\/\/testim-mallorca.com\/de\/producto\/hals-und-rachen-tee\/#breadcrumb\",\"itemListElement\":[{\"@type\":\"ListItem\",\"position\":1,\"name\":\"Portada\",\"item\":\"https:\/\/testim-mallorca.com\/de\/\"},{\"@type\":\"ListItem\",\"position\":2,\"name\":\"Shop\",\"item\":\"https:\/\/testim-mallorca.com\/de\/shop\/\"},{\"@type\":\"ListItem\",\"position\":3,\"name\":\"HALS-UND RACHEN-TEE\"}]},{\"@type\":\"WebSite\",\"@id\":\"https:\/\/testim-mallorca.com\/#website\",\"url\":\"https:\/\/testim-mallorca.com\/\",\"name\":\"T&#039;Estim\",\"description\":\"Infusions i tes ecol\u00f2gics de Mallorca\",\"publisher\":{\"@id\":\"https:\/\/testim-mallorca.com\/#organization\"},\"potentialAction\":[{\"@type\":\"SearchAction\",\"target\":{\"@type\":\"EntryPoint\",\"urlTemplate\":\"https:\/\/testim-mallorca.com\/?s={search_term_string}\"},\"query-input\":\"required name=search_term_string\"}],\"inLanguage\":\"de-DE\"},{\"@type\":\"Organization\",\"@id\":\"https:\/\/testim-mallorca.com\/#organization\",\"name\":\"T'Estim Mallorca\",\"url\":\"https:\/\/testim-mallorca.com\/\",\"logo\":{\"@type\":\"ImageObject\",\"inLanguage\":\"de-DE\",\"@id\":\"https:\/\/testim-mallorca.com\/#\/schema\/logo\/image\/\",\"url\":\"https:\/\/testim-mallorca.com\/wp-content\/uploads\/2022\/06\/Logo-testim-web-new.png\",\"contentUrl\":\"https:\/\/testim-mallorca.com\/wp-content\/uploads\/2022\/06\/Logo-testim-web-new.png\",\"width\":500,\"height\":173,\"caption\":\"T'Estim Mallorca\"},\"image\":{\"@id\":\"https:\/\/testim-mallorca.com\/#\/schema\/logo\/image\/\"},\"sameAs\":[\"https:\/\/www.facebook.com\/testimmallorca\/\",\"https:\/\/x.com\/testim_mallorca\",\"https:\/\/www.instagram.com\/testim_mallorca_\/\",\"https:\/\/www.linkedin.com\/company\/testim-mallorca\/about\/\"]}]}<\/script>\n<!-- \/ Yoast SEO plugin. -->","yoast_head_json":{"title":"HALS-UND RACHEN-TEE - T&#039;Estim","robots":{"index":"index","follow":"follow","max-snippet":"max-snippet:-1","max-image-preview":"max-image-preview:large","max-video-preview":"max-video-preview:-1"},"canonical":"https:\/\/testim-mallorca.com\/de\/producto\/hals-und-rachen-tee\/","og_locale":"de_DE","og_type":"article","og_title":"HALS-UND RACHEN-TEE - T&#039;Estim","og_description":"Diese Kr\u00e4uterteemischung befreit die Atemwege und verbessert die Sauerstoffzufuhr, was den Organismus in Schwung bringt, das Immunsystem anregt und die Ausscheidung von Giftstoffen f\u00f6rdert. Wirkung:\u00a0auswurff\u00f6rdernd, bronchienerweiternd, hustenstillend, schleiml\u00f6send, antibiotisch, antiseptisch, antiviral, hilfreich bei Erk\u00e4ltungskrankheiten, Nebenh\u00f6hlenentz\u00fcndung und Grippe.","og_url":"https:\/\/testim-mallorca.com\/de\/producto\/hals-und-rachen-tee\/","og_site_name":"T&#039;Estim","article_publisher":"https:\/\/www.facebook.com\/testimmallorca\/","article_modified_time":"2022-04-01T15:14:49+00:00","og_image":[{"width":1286,"height":1654,"url":"https:\/\/testim-mallorca.com\/wp-content\/uploads\/2022\/02\/10-Mallorca-NATURAL-Bon-Respir-1.jpg","type":"image\/jpeg"}],"twitter_card":"summary_large_image","twitter_site":"@testim_mallorca","schema":{"@context":"https:\/\/schema.org","@graph":[{"@type":"WebPage","@id":"https:\/\/testim-mallorca.com\/de\/producto\/hals-und-rachen-tee\/","url":"https:\/\/testim-mallorca.com\/de\/producto\/hals-und-rachen-tee\/","name":"HALS-UND RACHEN-TEE - T&#039;Estim","isPartOf":{"@id":"https:\/\/testim-mallorca.com\/#website"},"primaryImageOfPage":{"@id":"https:\/\/testim-mallorca.com\/de\/producto\/hals-und-rachen-tee\/#primaryimage"},"image":{"@id":"https:\/\/testim-mallorca.com\/de\/producto\/hals-und-rachen-tee\/#primaryimage"},"thumbnailUrl":"https:\/\/testim-mallorca.com\/wp-content\/uploads\/2022\/02\/10-Mallorca-NATURAL-Bon-Respir-1.jpg","datePublished":"2022-02-03T18:48:32+00:00","dateModified":"2022-04-01T15:14:49+00:00","breadcrumb":{"@id":"https:\/\/testim-mallorca.com\/de\/producto\/hals-und-rachen-tee\/#breadcrumb"},"inLanguage":"de-DE","potentialAction":[{"@type":"ReadAction","target":["https:\/\/testim-mallorca.com\/de\/producto\/hals-und-rachen-tee\/"]}]},{"@type":"ImageObject","inLanguage":"de-DE","@id":"https:\/\/testim-mallorca.com\/de\/producto\/hals-und-rachen-tee\/#primaryimage","url":"https:\/\/testim-mallorca.com\/wp-content\/uploads\/2022\/02\/10-Mallorca-NATURAL-Bon-Respir-1.jpg","contentUrl":"https:\/\/testim-mallorca.com\/wp-content\/uploads\/2022\/02\/10-Mallorca-NATURAL-Bon-Respir-1.jpg","width":1286,"height":1654,"caption":"OLYMPUS DIGITAL CAMERA"},{"@type":"BreadcrumbList","@id":"https:\/\/testim-mallorca.com\/de\/producto\/hals-und-rachen-tee\/#breadcrumb","itemListElement":[{"@type":"ListItem","position":1,"name":"Portada","item":"https:\/\/testim-mallorca.com\/de\/"},{"@type":"ListItem","position":2,"name":"Shop","item":"https:\/\/testim-mallorca.com\/de\/shop\/"},{"@type":"ListItem","position":3,"name":"HALS-UND RACHEN-TEE"}]},{"@type":"WebSite","@id":"https:\/\/testim-mallorca.com\/#website","url":"https:\/\/testim-mallorca.com\/","name":"T&#039;Estim","description":"Infusions i tes ecol\u00f2gics de Mallorca","publisher":{"@id":"https:\/\/testim-mallorca.com\/#organization"},"potentialAction":[{"@type":"SearchAction","target":{"@type":"EntryPoint","urlTemplate":"https:\/\/testim-mallorca.com\/?s={search_term_string}"},"query-input":"required name=search_term_string"}],"inLanguage":"de-DE"},{"@type":"Organization","@id":"https:\/\/testim-mallorca.com\/#organization","name":"T'Estim Mallorca","url":"https:\/\/testim-mallorca.com\/","logo":{"@type":"ImageObject","inLanguage":"de-DE","@id":"https:\/\/testim-mallorca.com\/#\/schema\/logo\/image\/","url":"https:\/\/testim-mallorca.com\/wp-content\/uploads\/2022\/06\/Logo-testim-web-new.png","contentUrl":"https:\/\/testim-mallorca.com\/wp-content\/uploads\/2022\/06\/Logo-testim-web-new.png","width":500,"height":173,"caption":"T'Estim Mallorca"},"image":{"@id":"https:\/\/testim-mallorca.com\/#\/schema\/logo\/image\/"},"sameAs":["https:\/\/www.facebook.com\/testimmallorca\/","https:\/\/x.com\/testim_mallorca","https:\/\/www.instagram.com\/testim_mallorca_\/","https:\/\/www.linkedin.com\/company\/testim-mallorca\/about\/"]}]}},"_links":{"self":[{"href":"https:\/\/testim-mallorca.com\/de\/wp-json\/wp\/v2\/product\/8633"}],"collection":[{"href":"https:\/\/testim-mallorca.com\/de\/wp-json\/wp\/v2\/product"}],"about":[{"href":"https:\/\/testim-mallorca.com\/de\/wp-json\/wp\/v2\/types\/product"}],"replies":[{"embeddable":true,"href":"https:\/\/testim-mallorca.com\/de\/wp-json\/wp\/v2\/comments?post=8633"}],"wp:featuredmedia":[{"embeddable":true,"href":"https:\/\/testim-mallorca.com\/de\/wp-json\/wp\/v2\/media\/8471"}],"wp:attachment":[{"href":"https:\/\/testim-mallorca.com\/de\/wp-json\/wp\/v2\/media?parent=8633"}],"wp:term":[{"taxonomy":"product_cat","embeddable":true,"href":"https:\/\/testim-mallorca.com\/de\/wp-json\/wp\/v2\/product_cat?post=8633"},{"taxonomy":"product_tag","embeddable":true,"href":"https:\/\/testim-mallorca.com\/de\/wp-json\/wp\/v2\/product_tag?post=8633"}],"curies":[{"name":"wp","href":"https:\/\/api.w.org\/{rel}","templated":true}]}}