{"id":8650,"date":"2020-07-16T15:02:01","date_gmt":"2020-07-16T15:02:01","guid":{"rendered":"https:\/\/testim-mallorca.com\/producto\/herba-lluisa\/"},"modified":"2022-04-01T15:27:56","modified_gmt":"2022-04-01T15:27:56","slug":"zitronenverbene","status":"publish","type":"product","link":"https:\/\/testim-mallorca.com\/de\/producto\/zitronenverbene\/","title":{"rendered":"ZITRONENVERBENE"},"content":{"rendered":"<p>100% Zitronen-Eisenkraut<\/p>\n<p>12 Pyramiden-Teebeutel x 1,5g, 18g total<\/p>\n","protected":false},"excerpt":{"rendered":"<p class=\"p1\" style=\"text-align: justify;\">Diese duftende Pflanze, die seit langer Zeit aufgrund ihrer Heilwirkung angebaut wird, hat ein s\u00fc\u00dfliches, wohlschmeckendes Aroma. Wirkung: verdauungsf\u00f6rdernd, bl\u00e4hungstreibend, auswurff\u00f6rdernd, beruhigend und entspannend.<\/p>\n","protected":false},"featured_media":8516,"comment_status":"open","ping_status":"closed","template":"","meta":{"_monsterinsights_skip_tracking":false,"_monsterinsights_sitenote_active":false,"_monsterinsights_sitenote_note":"","_monsterinsights_sitenote_category":0},"product_cat":[287],"product_tag":[294,252,245,246,247],"class_list":{"0":"post-8650","1":"product","2":"type-product","3":"status-publish","4":"has-post-thumbnail","6":"product_cat-mallorca-pura-de","7":"product_tag-herba-lluisa-de","8":"product_tag-hierba-luisa-de","9":"product_tag-infusion-en-de","10":"product_tag-te-en-de","11":"product_tag-te-ecologico-en-de","13":"first","14":"instock","15":"shipping-taxable","16":"purchasable","17":"product-type-simple"},"yoast_head":"<!-- This site is optimized with the Yoast SEO plugin v23.3 - https:\/\/yoast.com\/wordpress\/plugins\/seo\/ -->\n<title>ZITRONENVERBENE - T&#039;Estim<\/title>\n<meta name=\"robots\" content=\"index, follow, max-snippet:-1, max-image-preview:large, max-video-preview:-1\" \/>\n<link rel=\"canonical\" href=\"https:\/\/testim-mallorca.com\/de\/producto\/zitronenverbene\/\" \/>\n<meta property=\"og:locale\" content=\"de_DE\" \/>\n<meta property=\"og:type\" content=\"article\" \/>\n<meta property=\"og:title\" content=\"ZITRONENVERBENE - T&#039;Estim\" \/>\n<meta property=\"og:description\" content=\"Diese duftende Pflanze, die seit langer Zeit aufgrund ihrer Heilwirkung angebaut wird, hat ein s\u00fc\u00dfliches, wohlschmeckendes Aroma. Wirkung: verdauungsf\u00f6rdernd, bl\u00e4hungstreibend, auswurff\u00f6rdernd, beruhigend und entspannend.\" \/>\n<meta property=\"og:url\" content=\"https:\/\/testim-mallorca.com\/de\/producto\/zitronenverbene\/\" \/>\n<meta property=\"og:site_name\" content=\"T&#039;Estim\" \/>\n<meta property=\"article:publisher\" content=\"https:\/\/www.facebook.com\/testimmallorca\/\" \/>\n<meta property=\"article:modified_time\" content=\"2022-04-01T15:27:56+00:00\" \/>\n<meta property=\"og:image\" content=\"https:\/\/testim-mallorca.com\/wp-content\/uploads\/2020\/07\/1-Mallorca-PURA-Herba-LluiI\u0300\u02c6sa.jpg\" \/>\n\t<meta property=\"og:image:width\" content=\"1286\" \/>\n\t<meta property=\"og:image:height\" content=\"1654\" \/>\n\t<meta property=\"og:image:type\" content=\"image\/jpeg\" \/>\n<meta name=\"twitter:card\" content=\"summary_large_image\" \/>\n<meta name=\"twitter:site\" content=\"@testim_mallorca\" \/>\n<script type=\"application\/ld+json\" class=\"yoast-schema-graph\">{\"@context\":\"https:\/\/schema.org\",\"@graph\":[{\"@type\":\"WebPage\",\"@id\":\"https:\/\/testim-mallorca.com\/de\/producto\/zitronenverbene\/\",\"url\":\"https:\/\/testim-mallorca.com\/de\/producto\/zitronenverbene\/\",\"name\":\"ZITRONENVERBENE - T&#039;Estim\",\"isPartOf\":{\"@id\":\"https:\/\/testim-mallorca.com\/#website\"},\"primaryImageOfPage\":{\"@id\":\"https:\/\/testim-mallorca.com\/de\/producto\/zitronenverbene\/#primaryimage\"},\"image\":{\"@id\":\"https:\/\/testim-mallorca.com\/de\/producto\/zitronenverbene\/#primaryimage\"},\"thumbnailUrl\":\"https:\/\/testim-mallorca.com\/wp-content\/uploads\/2020\/07\/1-Mallorca-PURA-Herba-LluiI\u0300\u02c6sa.jpg\",\"datePublished\":\"2020-07-16T15:02:01+00:00\",\"dateModified\":\"2022-04-01T15:27:56+00:00\",\"breadcrumb\":{\"@id\":\"https:\/\/testim-mallorca.com\/de\/producto\/zitronenverbene\/#breadcrumb\"},\"inLanguage\":\"de-DE\",\"potentialAction\":[{\"@type\":\"ReadAction\",\"target\":[\"https:\/\/testim-mallorca.com\/de\/producto\/zitronenverbene\/\"]}]},{\"@type\":\"ImageObject\",\"inLanguage\":\"de-DE\",\"@id\":\"https:\/\/testim-mallorca.com\/de\/producto\/zitronenverbene\/#primaryimage\",\"url\":\"https:\/\/testim-mallorca.com\/wp-content\/uploads\/2020\/07\/1-Mallorca-PURA-Herba-LluiI\u0300\u02c6sa.jpg\",\"contentUrl\":\"https:\/\/testim-mallorca.com\/wp-content\/uploads\/2020\/07\/1-Mallorca-PURA-Herba-LluiI\u0300\u02c6sa.jpg\",\"width\":1286,\"height\":1654,\"caption\":\"OLYMPUS DIGITAL CAMERA\"},{\"@type\":\"BreadcrumbList\",\"@id\":\"https:\/\/testim-mallorca.com\/de\/producto\/zitronenverbene\/#breadcrumb\",\"itemListElement\":[{\"@type\":\"ListItem\",\"position\":1,\"name\":\"Portada\",\"item\":\"https:\/\/testim-mallorca.com\/de\/\"},{\"@type\":\"ListItem\",\"position\":2,\"name\":\"Shop\",\"item\":\"https:\/\/testim-mallorca.com\/de\/shop\/\"},{\"@type\":\"ListItem\",\"position\":3,\"name\":\"ZITRONENVERBENE\"}]},{\"@type\":\"WebSite\",\"@id\":\"https:\/\/testim-mallorca.com\/#website\",\"url\":\"https:\/\/testim-mallorca.com\/\",\"name\":\"T&#039;Estim\",\"description\":\"Infusions i tes ecol\u00f2gics de Mallorca\",\"publisher\":{\"@id\":\"https:\/\/testim-mallorca.com\/#organization\"},\"potentialAction\":[{\"@type\":\"SearchAction\",\"target\":{\"@type\":\"EntryPoint\",\"urlTemplate\":\"https:\/\/testim-mallorca.com\/?s={search_term_string}\"},\"query-input\":\"required name=search_term_string\"}],\"inLanguage\":\"de-DE\"},{\"@type\":\"Organization\",\"@id\":\"https:\/\/testim-mallorca.com\/#organization\",\"name\":\"T'Estim Mallorca\",\"url\":\"https:\/\/testim-mallorca.com\/\",\"logo\":{\"@type\":\"ImageObject\",\"inLanguage\":\"de-DE\",\"@id\":\"https:\/\/testim-mallorca.com\/#\/schema\/logo\/image\/\",\"url\":\"https:\/\/testim-mallorca.com\/wp-content\/uploads\/2022\/06\/Logo-testim-web-new.png\",\"contentUrl\":\"https:\/\/testim-mallorca.com\/wp-content\/uploads\/2022\/06\/Logo-testim-web-new.png\",\"width\":500,\"height\":173,\"caption\":\"T'Estim Mallorca\"},\"image\":{\"@id\":\"https:\/\/testim-mallorca.com\/#\/schema\/logo\/image\/\"},\"sameAs\":[\"https:\/\/www.facebook.com\/testimmallorca\/\",\"https:\/\/x.com\/testim_mallorca\",\"https:\/\/www.instagram.com\/testim_mallorca_\/\",\"https:\/\/www.linkedin.com\/company\/testim-mallorca\/about\/\"]}]}<\/script>\n<!-- \/ Yoast SEO plugin. -->","yoast_head_json":{"title":"ZITRONENVERBENE - T&#039;Estim","robots":{"index":"index","follow":"follow","max-snippet":"max-snippet:-1","max-image-preview":"max-image-preview:large","max-video-preview":"max-video-preview:-1"},"canonical":"https:\/\/testim-mallorca.com\/de\/producto\/zitronenverbene\/","og_locale":"de_DE","og_type":"article","og_title":"ZITRONENVERBENE - T&#039;Estim","og_description":"Diese duftende Pflanze, die seit langer Zeit aufgrund ihrer Heilwirkung angebaut wird, hat ein s\u00fc\u00dfliches, wohlschmeckendes Aroma. Wirkung: verdauungsf\u00f6rdernd, bl\u00e4hungstreibend, auswurff\u00f6rdernd, beruhigend und entspannend.","og_url":"https:\/\/testim-mallorca.com\/de\/producto\/zitronenverbene\/","og_site_name":"T&#039;Estim","article_publisher":"https:\/\/www.facebook.com\/testimmallorca\/","article_modified_time":"2022-04-01T15:27:56+00:00","og_image":[{"width":1286,"height":1654,"url":"https:\/\/testim-mallorca.com\/wp-content\/uploads\/2020\/07\/1-Mallorca-PURA-Herba-LluiI\u0300\u02c6sa.jpg","type":"image\/jpeg"}],"twitter_card":"summary_large_image","twitter_site":"@testim_mallorca","schema":{"@context":"https:\/\/schema.org","@graph":[{"@type":"WebPage","@id":"https:\/\/testim-mallorca.com\/de\/producto\/zitronenverbene\/","url":"https:\/\/testim-mallorca.com\/de\/producto\/zitronenverbene\/","name":"ZITRONENVERBENE - T&#039;Estim","isPartOf":{"@id":"https:\/\/testim-mallorca.com\/#website"},"primaryImageOfPage":{"@id":"https:\/\/testim-mallorca.com\/de\/producto\/zitronenverbene\/#primaryimage"},"image":{"@id":"https:\/\/testim-mallorca.com\/de\/producto\/zitronenverbene\/#primaryimage"},"thumbnailUrl":"https:\/\/testim-mallorca.com\/wp-content\/uploads\/2020\/07\/1-Mallorca-PURA-Herba-LluiI\u0300\u02c6sa.jpg","datePublished":"2020-07-16T15:02:01+00:00","dateModified":"2022-04-01T15:27:56+00:00","breadcrumb":{"@id":"https:\/\/testim-mallorca.com\/de\/producto\/zitronenverbene\/#breadcrumb"},"inLanguage":"de-DE","potentialAction":[{"@type":"ReadAction","target":["https:\/\/testim-mallorca.com\/de\/producto\/zitronenverbene\/"]}]},{"@type":"ImageObject","inLanguage":"de-DE","@id":"https:\/\/testim-mallorca.com\/de\/producto\/zitronenverbene\/#primaryimage","url":"https:\/\/testim-mallorca.com\/wp-content\/uploads\/2020\/07\/1-Mallorca-PURA-Herba-LluiI\u0300\u02c6sa.jpg","contentUrl":"https:\/\/testim-mallorca.com\/wp-content\/uploads\/2020\/07\/1-Mallorca-PURA-Herba-LluiI\u0300\u02c6sa.jpg","width":1286,"height":1654,"caption":"OLYMPUS DIGITAL CAMERA"},{"@type":"BreadcrumbList","@id":"https:\/\/testim-mallorca.com\/de\/producto\/zitronenverbene\/#breadcrumb","itemListElement":[{"@type":"ListItem","position":1,"name":"Portada","item":"https:\/\/testim-mallorca.com\/de\/"},{"@type":"ListItem","position":2,"name":"Shop","item":"https:\/\/testim-mallorca.com\/de\/shop\/"},{"@type":"ListItem","position":3,"name":"ZITRONENVERBENE"}]},{"@type":"WebSite","@id":"https:\/\/testim-mallorca.com\/#website","url":"https:\/\/testim-mallorca.com\/","name":"T&#039;Estim","description":"Infusions i tes ecol\u00f2gics de Mallorca","publisher":{"@id":"https:\/\/testim-mallorca.com\/#organization"},"potentialAction":[{"@type":"SearchAction","target":{"@type":"EntryPoint","urlTemplate":"https:\/\/testim-mallorca.com\/?s={search_term_string}"},"query-input":"required name=search_term_string"}],"inLanguage":"de-DE"},{"@type":"Organization","@id":"https:\/\/testim-mallorca.com\/#organization","name":"T'Estim Mallorca","url":"https:\/\/testim-mallorca.com\/","logo":{"@type":"ImageObject","inLanguage":"de-DE","@id":"https:\/\/testim-mallorca.com\/#\/schema\/logo\/image\/","url":"https:\/\/testim-mallorca.com\/wp-content\/uploads\/2022\/06\/Logo-testim-web-new.png","contentUrl":"https:\/\/testim-mallorca.com\/wp-content\/uploads\/2022\/06\/Logo-testim-web-new.png","width":500,"height":173,"caption":"T'Estim Mallorca"},"image":{"@id":"https:\/\/testim-mallorca.com\/#\/schema\/logo\/image\/"},"sameAs":["https:\/\/www.facebook.com\/testimmallorca\/","https:\/\/x.com\/testim_mallorca","https:\/\/www.instagram.com\/testim_mallorca_\/","https:\/\/www.linkedin.com\/company\/testim-mallorca\/about\/"]}]}},"_links":{"self":[{"href":"https:\/\/testim-mallorca.com\/de\/wp-json\/wp\/v2\/product\/8650"}],"collection":[{"href":"https:\/\/testim-mallorca.com\/de\/wp-json\/wp\/v2\/product"}],"about":[{"href":"https:\/\/testim-mallorca.com\/de\/wp-json\/wp\/v2\/types\/product"}],"replies":[{"embeddable":true,"href":"https:\/\/testim-mallorca.com\/de\/wp-json\/wp\/v2\/comments?post=8650"}],"wp:featuredmedia":[{"embeddable":true,"href":"https:\/\/testim-mallorca.com\/de\/wp-json\/wp\/v2\/media\/8516"}],"wp:attachment":[{"href":"https:\/\/testim-mallorca.com\/de\/wp-json\/wp\/v2\/media?parent=8650"}],"wp:term":[{"taxonomy":"product_cat","embeddable":true,"href":"https:\/\/testim-mallorca.com\/de\/wp-json\/wp\/v2\/product_cat?post=8650"},{"taxonomy":"product_tag","embeddable":true,"href":"https:\/\/testim-mallorca.com\/de\/wp-json\/wp\/v2\/product_tag?post=8650"}],"curies":[{"name":"wp","href":"https:\/\/api.w.org\/{rel}","templated":true}]}}