{"id":9718,"date":"2025-12-15T09:18:55","date_gmt":"2025-12-15T09:18:58","guid":{"rendered":"https:\/\/testim-mallorca.com\/?post_type=product&#038;p=9718"},"modified":"2025-12-15T09:38:41","modified_gmt":"2025-12-15T09:38:41","slug":"bio-orangenkonfiture-copia","status":"publish","type":"product","link":"https:\/\/testim-mallorca.com\/de\/producto\/bio-orangenkonfiture-copia\/","title":{"rendered":"BIO-MANDARINENKONFIT\u00dcRE"},"content":{"rendered":"<p style=\"text-align: center;\">Orange*<br \/>\nRohrzucker*<br \/>\nZitronensaft<br \/>\nAgar (E-406)*<\/p>\n<p>*Aus \u00f6kologischem Landbau.<\/p>\n<p>Hergestellt mit 60 g Orange pro 100 g Produkt.<br \/>\n<strong>Kann Mandel enthalten.<\/strong><\/p>\n","protected":false},"excerpt":{"rendered":"<p>Unsere Bio-Mandarinenkonfit\u00fcre wird aus sorgf\u00e4ltig ausgew\u00e4hlten Mandarinen von unserer Finca Sa Vall und aus Bio-Rohrzucker hergestellt. Sie wird in einem handwerklichen Verfahren produziert, das den nat\u00fcrlichen Geschmack, das Aroma und die Textur der Frucht bewahrt und eine ausgewogene Konfit\u00fcre ohne k\u00fcnstliche Zusatzstoffe ergibt.<\/p>\n<p>Ideal f\u00fcr Fr\u00fchst\u00fcck und Zwischenmahlzeiten. Empfohlen zum Bestreichen von Brot oder Toast, zu Joghurt, Frischk\u00e4se oder mildem K\u00e4se sowie f\u00fcr hausgemachte Backwaren und Desserts. Diese Konfit\u00fcre \u00fcberzeugt durch ihren authentischen Geschmack und ihr Engagement f\u00fcr \u00f6kologische und regionale Landwirtschaft sowie ihren klaren positiven sozialen Beitrag.<\/p>\n<p><strong>N\u00e4hrwertangaben<\/strong> (pro 100 g):<br \/>\nEnergie: 190 kJ \/ 795 kcal<br \/>\nFett: 0,25 g, davon ges\u00e4ttigte Fetts\u00e4uren: 0,17 g<br \/>\nKohlenhydrate: 47 g, davon Zucker: 38 g<br \/>\nEiwei\u00df: 0 g<br \/>\nSalz: 0,02 g<\/p>\n","protected":false},"featured_media":9723,"comment_status":"open","ping_status":"closed","template":"","meta":{"_monsterinsights_skip_tracking":false,"_monsterinsights_sitenote_active":false,"_monsterinsights_sitenote_note":"","_monsterinsights_sitenote_category":0},"product_cat":[305],"product_tag":[262,307,308,306,259],"class_list":{"0":"post-9718","1":"product","2":"type-product","3":"status-publish","4":"has-post-thumbnail","6":"product_cat-konfiture","7":"product_tag-bio-en-de","8":"product_tag-bio-de","9":"product_tag-bio-konfiture","10":"product_tag-konfiture","11":"product_tag-mallorca-de","13":"first","14":"instock","15":"shipping-taxable","16":"purchasable","17":"product-type-simple"},"yoast_head":"<!-- This site is optimized with the Yoast SEO plugin v23.3 - https:\/\/yoast.com\/wordpress\/plugins\/seo\/ -->\n<title>BIO-MANDARINENKONFIT\u00dcRE - T&#039;Estim<\/title>\n<meta name=\"description\" content=\"Handwerkliche Bio-Mandarinenkonfit\u00fcre aus lokalen Fr\u00fcchten der Finca Sa Vall. Authentischer Geschmack, Bio-Landbau und soziales Engagement.\" \/>\n<meta name=\"robots\" content=\"index, follow, max-snippet:-1, max-image-preview:large, max-video-preview:-1\" \/>\n<link rel=\"canonical\" href=\"https:\/\/testim-mallorca.com\/de\/producto\/bio-orangenkonfiture-copia\/\" \/>\n<meta property=\"og:locale\" content=\"de_DE\" \/>\n<meta property=\"og:type\" content=\"article\" \/>\n<meta property=\"og:title\" content=\"BIO-MANDARINENKONFIT\u00dcRE - T&#039;Estim\" \/>\n<meta property=\"og:description\" content=\"Handwerkliche Bio-Mandarinenkonfit\u00fcre aus lokalen Fr\u00fcchten der Finca Sa Vall. Authentischer Geschmack, Bio-Landbau und soziales Engagement.\" \/>\n<meta property=\"og:url\" content=\"https:\/\/testim-mallorca.com\/de\/producto\/bio-orangenkonfiture-copia\/\" \/>\n<meta property=\"og:site_name\" content=\"T&#039;Estim\" \/>\n<meta property=\"article:publisher\" content=\"https:\/\/www.facebook.com\/testimmallorca\/\" \/>\n<meta property=\"article:modified_time\" content=\"2025-12-15T09:38:41+00:00\" \/>\n<meta property=\"og:image\" content=\"https:\/\/testim-mallorca.com\/wp-content\/uploads\/2025\/12\/confitura-testim-2025-01-scaled.jpg\" \/>\n\t<meta property=\"og:image:width\" content=\"2560\" \/>\n\t<meta property=\"og:image:height\" content=\"1707\" \/>\n\t<meta property=\"og:image:type\" content=\"image\/jpeg\" \/>\n<meta name=\"twitter:card\" content=\"summary_large_image\" \/>\n<meta name=\"twitter:site\" content=\"@testim_mallorca\" \/>\n<script type=\"application\/ld+json\" class=\"yoast-schema-graph\">{\"@context\":\"https:\/\/schema.org\",\"@graph\":[{\"@type\":\"WebPage\",\"@id\":\"https:\/\/testim-mallorca.com\/de\/producto\/bio-orangenkonfiture-copia\/\",\"url\":\"https:\/\/testim-mallorca.com\/de\/producto\/bio-orangenkonfiture-copia\/\",\"name\":\"BIO-MANDARINENKONFIT\u00dcRE - T&#039;Estim\",\"isPartOf\":{\"@id\":\"https:\/\/testim-mallorca.com\/#website\"},\"primaryImageOfPage\":{\"@id\":\"https:\/\/testim-mallorca.com\/de\/producto\/bio-orangenkonfiture-copia\/#primaryimage\"},\"image\":{\"@id\":\"https:\/\/testim-mallorca.com\/de\/producto\/bio-orangenkonfiture-copia\/#primaryimage\"},\"thumbnailUrl\":\"https:\/\/testim-mallorca.com\/wp-content\/uploads\/2025\/12\/confitura-testim-2025-01-scaled.jpg\",\"datePublished\":\"2025-12-15T09:18:58+00:00\",\"dateModified\":\"2025-12-15T09:38:41+00:00\",\"description\":\"Handwerkliche Bio-Mandarinenkonfit\u00fcre aus lokalen Fr\u00fcchten der Finca Sa Vall. Authentischer Geschmack, Bio-Landbau und soziales Engagement.\",\"breadcrumb\":{\"@id\":\"https:\/\/testim-mallorca.com\/de\/producto\/bio-orangenkonfiture-copia\/#breadcrumb\"},\"inLanguage\":\"de-DE\",\"potentialAction\":[{\"@type\":\"ReadAction\",\"target\":[\"https:\/\/testim-mallorca.com\/de\/producto\/bio-orangenkonfiture-copia\/\"]}]},{\"@type\":\"ImageObject\",\"inLanguage\":\"de-DE\",\"@id\":\"https:\/\/testim-mallorca.com\/de\/producto\/bio-orangenkonfiture-copia\/#primaryimage\",\"url\":\"https:\/\/testim-mallorca.com\/wp-content\/uploads\/2025\/12\/confitura-testim-2025-01-scaled.jpg\",\"contentUrl\":\"https:\/\/testim-mallorca.com\/wp-content\/uploads\/2025\/12\/confitura-testim-2025-01-scaled.jpg\",\"width\":2560,\"height\":1707},{\"@type\":\"BreadcrumbList\",\"@id\":\"https:\/\/testim-mallorca.com\/de\/producto\/bio-orangenkonfiture-copia\/#breadcrumb\",\"itemListElement\":[{\"@type\":\"ListItem\",\"position\":1,\"name\":\"Portada\",\"item\":\"https:\/\/testim-mallorca.com\/de\/\"},{\"@type\":\"ListItem\",\"position\":2,\"name\":\"Shop\",\"item\":\"https:\/\/testim-mallorca.com\/de\/shop\/\"},{\"@type\":\"ListItem\",\"position\":3,\"name\":\"BIO-MANDARINENKONFIT\u00dcRE\"}]},{\"@type\":\"WebSite\",\"@id\":\"https:\/\/testim-mallorca.com\/#website\",\"url\":\"https:\/\/testim-mallorca.com\/\",\"name\":\"T&#039;Estim\",\"description\":\"Infusions i tes ecol\u00f2gics de Mallorca\",\"publisher\":{\"@id\":\"https:\/\/testim-mallorca.com\/#organization\"},\"potentialAction\":[{\"@type\":\"SearchAction\",\"target\":{\"@type\":\"EntryPoint\",\"urlTemplate\":\"https:\/\/testim-mallorca.com\/?s={search_term_string}\"},\"query-input\":\"required name=search_term_string\"}],\"inLanguage\":\"de-DE\"},{\"@type\":\"Organization\",\"@id\":\"https:\/\/testim-mallorca.com\/#organization\",\"name\":\"T'Estim Mallorca\",\"url\":\"https:\/\/testim-mallorca.com\/\",\"logo\":{\"@type\":\"ImageObject\",\"inLanguage\":\"de-DE\",\"@id\":\"https:\/\/testim-mallorca.com\/#\/schema\/logo\/image\/\",\"url\":\"https:\/\/testim-mallorca.com\/wp-content\/uploads\/2022\/06\/Logo-testim-web-new.png\",\"contentUrl\":\"https:\/\/testim-mallorca.com\/wp-content\/uploads\/2022\/06\/Logo-testim-web-new.png\",\"width\":500,\"height\":173,\"caption\":\"T'Estim Mallorca\"},\"image\":{\"@id\":\"https:\/\/testim-mallorca.com\/#\/schema\/logo\/image\/\"},\"sameAs\":[\"https:\/\/www.facebook.com\/testimmallorca\/\",\"https:\/\/x.com\/testim_mallorca\",\"https:\/\/www.instagram.com\/testim_mallorca_\/\",\"https:\/\/www.linkedin.com\/company\/testim-mallorca\/about\/\"]}]}<\/script>\n<!-- \/ Yoast SEO plugin. -->","yoast_head_json":{"title":"BIO-MANDARINENKONFIT\u00dcRE - T&#039;Estim","description":"Handwerkliche Bio-Mandarinenkonfit\u00fcre aus lokalen Fr\u00fcchten der Finca Sa Vall. Authentischer Geschmack, Bio-Landbau und soziales Engagement.","robots":{"index":"index","follow":"follow","max-snippet":"max-snippet:-1","max-image-preview":"max-image-preview:large","max-video-preview":"max-video-preview:-1"},"canonical":"https:\/\/testim-mallorca.com\/de\/producto\/bio-orangenkonfiture-copia\/","og_locale":"de_DE","og_type":"article","og_title":"BIO-MANDARINENKONFIT\u00dcRE - T&#039;Estim","og_description":"Handwerkliche Bio-Mandarinenkonfit\u00fcre aus lokalen Fr\u00fcchten der Finca Sa Vall. Authentischer Geschmack, Bio-Landbau und soziales Engagement.","og_url":"https:\/\/testim-mallorca.com\/de\/producto\/bio-orangenkonfiture-copia\/","og_site_name":"T&#039;Estim","article_publisher":"https:\/\/www.facebook.com\/testimmallorca\/","article_modified_time":"2025-12-15T09:38:41+00:00","og_image":[{"width":2560,"height":1707,"url":"https:\/\/testim-mallorca.com\/wp-content\/uploads\/2025\/12\/confitura-testim-2025-01-scaled.jpg","type":"image\/jpeg"}],"twitter_card":"summary_large_image","twitter_site":"@testim_mallorca","schema":{"@context":"https:\/\/schema.org","@graph":[{"@type":"WebPage","@id":"https:\/\/testim-mallorca.com\/de\/producto\/bio-orangenkonfiture-copia\/","url":"https:\/\/testim-mallorca.com\/de\/producto\/bio-orangenkonfiture-copia\/","name":"BIO-MANDARINENKONFIT\u00dcRE - T&#039;Estim","isPartOf":{"@id":"https:\/\/testim-mallorca.com\/#website"},"primaryImageOfPage":{"@id":"https:\/\/testim-mallorca.com\/de\/producto\/bio-orangenkonfiture-copia\/#primaryimage"},"image":{"@id":"https:\/\/testim-mallorca.com\/de\/producto\/bio-orangenkonfiture-copia\/#primaryimage"},"thumbnailUrl":"https:\/\/testim-mallorca.com\/wp-content\/uploads\/2025\/12\/confitura-testim-2025-01-scaled.jpg","datePublished":"2025-12-15T09:18:58+00:00","dateModified":"2025-12-15T09:38:41+00:00","description":"Handwerkliche Bio-Mandarinenkonfit\u00fcre aus lokalen Fr\u00fcchten der Finca Sa Vall. Authentischer Geschmack, Bio-Landbau und soziales Engagement.","breadcrumb":{"@id":"https:\/\/testim-mallorca.com\/de\/producto\/bio-orangenkonfiture-copia\/#breadcrumb"},"inLanguage":"de-DE","potentialAction":[{"@type":"ReadAction","target":["https:\/\/testim-mallorca.com\/de\/producto\/bio-orangenkonfiture-copia\/"]}]},{"@type":"ImageObject","inLanguage":"de-DE","@id":"https:\/\/testim-mallorca.com\/de\/producto\/bio-orangenkonfiture-copia\/#primaryimage","url":"https:\/\/testim-mallorca.com\/wp-content\/uploads\/2025\/12\/confitura-testim-2025-01-scaled.jpg","contentUrl":"https:\/\/testim-mallorca.com\/wp-content\/uploads\/2025\/12\/confitura-testim-2025-01-scaled.jpg","width":2560,"height":1707},{"@type":"BreadcrumbList","@id":"https:\/\/testim-mallorca.com\/de\/producto\/bio-orangenkonfiture-copia\/#breadcrumb","itemListElement":[{"@type":"ListItem","position":1,"name":"Portada","item":"https:\/\/testim-mallorca.com\/de\/"},{"@type":"ListItem","position":2,"name":"Shop","item":"https:\/\/testim-mallorca.com\/de\/shop\/"},{"@type":"ListItem","position":3,"name":"BIO-MANDARINENKONFIT\u00dcRE"}]},{"@type":"WebSite","@id":"https:\/\/testim-mallorca.com\/#website","url":"https:\/\/testim-mallorca.com\/","name":"T&#039;Estim","description":"Infusions i tes ecol\u00f2gics de Mallorca","publisher":{"@id":"https:\/\/testim-mallorca.com\/#organization"},"potentialAction":[{"@type":"SearchAction","target":{"@type":"EntryPoint","urlTemplate":"https:\/\/testim-mallorca.com\/?s={search_term_string}"},"query-input":"required name=search_term_string"}],"inLanguage":"de-DE"},{"@type":"Organization","@id":"https:\/\/testim-mallorca.com\/#organization","name":"T'Estim Mallorca","url":"https:\/\/testim-mallorca.com\/","logo":{"@type":"ImageObject","inLanguage":"de-DE","@id":"https:\/\/testim-mallorca.com\/#\/schema\/logo\/image\/","url":"https:\/\/testim-mallorca.com\/wp-content\/uploads\/2022\/06\/Logo-testim-web-new.png","contentUrl":"https:\/\/testim-mallorca.com\/wp-content\/uploads\/2022\/06\/Logo-testim-web-new.png","width":500,"height":173,"caption":"T'Estim Mallorca"},"image":{"@id":"https:\/\/testim-mallorca.com\/#\/schema\/logo\/image\/"},"sameAs":["https:\/\/www.facebook.com\/testimmallorca\/","https:\/\/x.com\/testim_mallorca","https:\/\/www.instagram.com\/testim_mallorca_\/","https:\/\/www.linkedin.com\/company\/testim-mallorca\/about\/"]}]}},"_links":{"self":[{"href":"https:\/\/testim-mallorca.com\/de\/wp-json\/wp\/v2\/product\/9718"}],"collection":[{"href":"https:\/\/testim-mallorca.com\/de\/wp-json\/wp\/v2\/product"}],"about":[{"href":"https:\/\/testim-mallorca.com\/de\/wp-json\/wp\/v2\/types\/product"}],"replies":[{"embeddable":true,"href":"https:\/\/testim-mallorca.com\/de\/wp-json\/wp\/v2\/comments?post=9718"}],"wp:featuredmedia":[{"embeddable":true,"href":"https:\/\/testim-mallorca.com\/de\/wp-json\/wp\/v2\/media\/9723"}],"wp:attachment":[{"href":"https:\/\/testim-mallorca.com\/de\/wp-json\/wp\/v2\/media?parent=9718"}],"wp:term":[{"taxonomy":"product_cat","embeddable":true,"href":"https:\/\/testim-mallorca.com\/de\/wp-json\/wp\/v2\/product_cat?post=9718"},{"taxonomy":"product_tag","embeddable":true,"href":"https:\/\/testim-mallorca.com\/de\/wp-json\/wp\/v2\/product_tag?post=9718"}],"curies":[{"name":"wp","href":"https:\/\/api.w.org\/{rel}","templated":true}]}}