{"id":9677,"date":"2025-12-15T08:19:16","date_gmt":"2025-12-15T08:19:16","guid":{"rendered":"https:\/\/testim-mallorca.com\/?post_type=product&#038;p=9677"},"modified":"2026-02-16T15:02:45","modified_gmt":"2026-02-16T15:02:45","slug":"techai","status":"publish","type":"product","link":"https:\/\/testim-mallorca.com\/en\/producto\/techai\/","title":{"rendered":"T\u00c9CHAI"},"content":{"rendered":"<p style=\"text-align: center;\">Organic South Indian Assam black tea<br \/>\nOrganic cinnamon chips<br \/>\nOrganic fennel<br \/>\nOrganic ginger<br \/>\nOrganic anise<br \/>\nOrganic clove<br \/>\nOrganic ground cardamom<br \/>\n12 pyramids x 2 grams, 24 g total<\/p>\n","protected":false},"excerpt":{"rendered":"<p>Our chai tea combines cinnamon, ginger, and traditional spices for an intense and enveloping experience.<\/p>\n<p>This blend of South Indian Assam black tea with organic spices has been prepared for nearly two centuries as a medicinal beverage, in addition to its culinary value. It contains a high amount of antioxidants, helping to prevent heart problems. It is also effective against severe gastrointestinal infections and supports better digestive system function.<\/p>\n<p><strong>Properties:<\/strong> anti-inflammatory, analgesic, improves digestion, mood, and blood glucose levels.<\/p>\n","protected":false},"featured_media":9680,"comment_status":"open","ping_status":"closed","template":"","meta":{"_monsterinsights_skip_tracking":false,"_monsterinsights_sitenote_active":false,"_monsterinsights_sitenote_note":"","_monsterinsights_sitenote_category":0},"product_cat":[183],"product_tag":[184,185,186,187,188,189],"class_list":{"0":"post-9677","1":"product","2":"type-product","3":"status-publish","4":"has-post-thumbnail","6":"product_cat-mallorca-serena-en","7":"product_tag-herba-sana-en","8":"product_tag-infusion-en","9":"product_tag-te-en","10":"product_tag-te-ecologico-en","11":"product_tag-te-verd-en","12":"product_tag-te-verde-en","14":"first","15":"instock","16":"shipping-taxable","17":"purchasable","18":"product-type-simple"},"yoast_head":"<!-- This site is optimized with the Yoast SEO plugin v23.3 - https:\/\/yoast.com\/wordpress\/plugins\/seo\/ -->\n<title>T\u00c9CHAI - T&#039;Estim<\/title>\n<meta name=\"description\" content=\"Deliciosa infusi\u00f3n saludable y ecol\u00f3gica para revitalizar el cuerpo y la mente para los momentos en los que necesitamos un extra para continuar.\" \/>\n<meta name=\"robots\" content=\"index, follow, max-snippet:-1, max-image-preview:large, max-video-preview:-1\" \/>\n<link rel=\"canonical\" href=\"https:\/\/testim-mallorca.com\/en\/producto\/techai\/\" \/>\n<meta property=\"og:locale\" content=\"en_US\" \/>\n<meta property=\"og:type\" content=\"article\" \/>\n<meta property=\"og:title\" content=\"T\u00c9CHAI - T&#039;Estim\" \/>\n<meta property=\"og:description\" content=\"Deliciosa infusi\u00f3n saludable y ecol\u00f3gica para revitalizar el cuerpo y la mente para los momentos en los que necesitamos un extra para continuar.\" \/>\n<meta property=\"og:url\" content=\"https:\/\/testim-mallorca.com\/en\/producto\/techai\/\" \/>\n<meta property=\"og:site_name\" content=\"T&#039;Estim\" \/>\n<meta property=\"article:publisher\" content=\"https:\/\/www.facebook.com\/testimmallorca\/\" \/>\n<meta property=\"article:modified_time\" content=\"2026-02-16T15:02:45+00:00\" \/>\n<meta property=\"og:image\" content=\"https:\/\/testim-mallorca.com\/wp-content\/uploads\/2025\/12\/Mallorca-SERENA-Te-Chai-scaled.jpg\" \/>\n\t<meta property=\"og:image:width\" content=\"1990\" \/>\n\t<meta property=\"og:image:height\" content=\"2560\" \/>\n\t<meta property=\"og:image:type\" content=\"image\/jpeg\" \/>\n<meta name=\"twitter:card\" content=\"summary_large_image\" \/>\n<meta name=\"twitter:site\" content=\"@testim_mallorca\" \/>\n<meta name=\"twitter:label1\" content=\"Est. reading time\" \/>\n\t<meta name=\"twitter:data1\" content=\"1 minute\" \/>\n<script type=\"application\/ld+json\" class=\"yoast-schema-graph\">{\"@context\":\"https:\/\/schema.org\",\"@graph\":[{\"@type\":\"WebPage\",\"@id\":\"https:\/\/testim-mallorca.com\/en\/producto\/techai\/\",\"url\":\"https:\/\/testim-mallorca.com\/en\/producto\/techai\/\",\"name\":\"T\u00c9CHAI - T&#039;Estim\",\"isPartOf\":{\"@id\":\"https:\/\/testim-mallorca.com\/#website\"},\"primaryImageOfPage\":{\"@id\":\"https:\/\/testim-mallorca.com\/en\/producto\/techai\/#primaryimage\"},\"image\":{\"@id\":\"https:\/\/testim-mallorca.com\/en\/producto\/techai\/#primaryimage\"},\"thumbnailUrl\":\"https:\/\/testim-mallorca.com\/wp-content\/uploads\/2025\/12\/Mallorca-SERENA-Te-Chai-scaled.jpg\",\"datePublished\":\"2025-12-15T08:19:16+00:00\",\"dateModified\":\"2026-02-16T15:02:45+00:00\",\"description\":\"Deliciosa infusi\u00f3n saludable y ecol\u00f3gica para revitalizar el cuerpo y la mente para los momentos en los que necesitamos un extra para continuar.\",\"breadcrumb\":{\"@id\":\"https:\/\/testim-mallorca.com\/en\/producto\/techai\/#breadcrumb\"},\"inLanguage\":\"en-US\",\"potentialAction\":[{\"@type\":\"ReadAction\",\"target\":[\"https:\/\/testim-mallorca.com\/en\/producto\/techai\/\"]}]},{\"@type\":\"ImageObject\",\"inLanguage\":\"en-US\",\"@id\":\"https:\/\/testim-mallorca.com\/en\/producto\/techai\/#primaryimage\",\"url\":\"https:\/\/testim-mallorca.com\/wp-content\/uploads\/2025\/12\/Mallorca-SERENA-Te-Chai-scaled.jpg\",\"contentUrl\":\"https:\/\/testim-mallorca.com\/wp-content\/uploads\/2025\/12\/Mallorca-SERENA-Te-Chai-scaled.jpg\",\"width\":1990,\"height\":2560,\"caption\":\"OLYMPUS DIGITAL CAMERA\"},{\"@type\":\"BreadcrumbList\",\"@id\":\"https:\/\/testim-mallorca.com\/en\/producto\/techai\/#breadcrumb\",\"itemListElement\":[{\"@type\":\"ListItem\",\"position\":1,\"name\":\"Portada\",\"item\":\"https:\/\/testim-mallorca.com\/en\/\"},{\"@type\":\"ListItem\",\"position\":2,\"name\":\"Shop\",\"item\":\"https:\/\/testim-mallorca.com\/tienda\/\"},{\"@type\":\"ListItem\",\"position\":3,\"name\":\"T\u00c9CHAI\"}]},{\"@type\":\"WebSite\",\"@id\":\"https:\/\/testim-mallorca.com\/#website\",\"url\":\"https:\/\/testim-mallorca.com\/\",\"name\":\"T&#039;Estim\",\"description\":\"Infusions i tes ecol\u00f2gics de Mallorca\",\"publisher\":{\"@id\":\"https:\/\/testim-mallorca.com\/#organization\"},\"potentialAction\":[{\"@type\":\"SearchAction\",\"target\":{\"@type\":\"EntryPoint\",\"urlTemplate\":\"https:\/\/testim-mallorca.com\/?s={search_term_string}\"},\"query-input\":\"required name=search_term_string\"}],\"inLanguage\":\"en-US\"},{\"@type\":\"Organization\",\"@id\":\"https:\/\/testim-mallorca.com\/#organization\",\"name\":\"T'Estim Mallorca\",\"url\":\"https:\/\/testim-mallorca.com\/\",\"logo\":{\"@type\":\"ImageObject\",\"inLanguage\":\"en-US\",\"@id\":\"https:\/\/testim-mallorca.com\/#\/schema\/logo\/image\/\",\"url\":\"https:\/\/testim-mallorca.com\/wp-content\/uploads\/2022\/06\/Logo-testim-web-new.png\",\"contentUrl\":\"https:\/\/testim-mallorca.com\/wp-content\/uploads\/2022\/06\/Logo-testim-web-new.png\",\"width\":500,\"height\":173,\"caption\":\"T'Estim Mallorca\"},\"image\":{\"@id\":\"https:\/\/testim-mallorca.com\/#\/schema\/logo\/image\/\"},\"sameAs\":[\"https:\/\/www.facebook.com\/testimmallorca\/\",\"https:\/\/x.com\/testim_mallorca\",\"https:\/\/www.instagram.com\/testim_mallorca_\/\",\"https:\/\/www.linkedin.com\/company\/testim-mallorca\/about\/\"]}]}<\/script>\n<!-- \/ Yoast SEO plugin. -->","yoast_head_json":{"title":"T\u00c9CHAI - T&#039;Estim","description":"Deliciosa infusi\u00f3n saludable y ecol\u00f3gica para revitalizar el cuerpo y la mente para los momentos en los que necesitamos un extra para continuar.","robots":{"index":"index","follow":"follow","max-snippet":"max-snippet:-1","max-image-preview":"max-image-preview:large","max-video-preview":"max-video-preview:-1"},"canonical":"https:\/\/testim-mallorca.com\/en\/producto\/techai\/","og_locale":"en_US","og_type":"article","og_title":"T\u00c9CHAI - T&#039;Estim","og_description":"Deliciosa infusi\u00f3n saludable y ecol\u00f3gica para revitalizar el cuerpo y la mente para los momentos en los que necesitamos un extra para continuar.","og_url":"https:\/\/testim-mallorca.com\/en\/producto\/techai\/","og_site_name":"T&#039;Estim","article_publisher":"https:\/\/www.facebook.com\/testimmallorca\/","article_modified_time":"2026-02-16T15:02:45+00:00","og_image":[{"width":1990,"height":2560,"url":"https:\/\/testim-mallorca.com\/wp-content\/uploads\/2025\/12\/Mallorca-SERENA-Te-Chai-scaled.jpg","type":"image\/jpeg"}],"twitter_card":"summary_large_image","twitter_site":"@testim_mallorca","twitter_misc":{"Est. reading time":"1 minute"},"schema":{"@context":"https:\/\/schema.org","@graph":[{"@type":"WebPage","@id":"https:\/\/testim-mallorca.com\/en\/producto\/techai\/","url":"https:\/\/testim-mallorca.com\/en\/producto\/techai\/","name":"T\u00c9CHAI - T&#039;Estim","isPartOf":{"@id":"https:\/\/testim-mallorca.com\/#website"},"primaryImageOfPage":{"@id":"https:\/\/testim-mallorca.com\/en\/producto\/techai\/#primaryimage"},"image":{"@id":"https:\/\/testim-mallorca.com\/en\/producto\/techai\/#primaryimage"},"thumbnailUrl":"https:\/\/testim-mallorca.com\/wp-content\/uploads\/2025\/12\/Mallorca-SERENA-Te-Chai-scaled.jpg","datePublished":"2025-12-15T08:19:16+00:00","dateModified":"2026-02-16T15:02:45+00:00","description":"Deliciosa infusi\u00f3n saludable y ecol\u00f3gica para revitalizar el cuerpo y la mente para los momentos en los que necesitamos un extra para continuar.","breadcrumb":{"@id":"https:\/\/testim-mallorca.com\/en\/producto\/techai\/#breadcrumb"},"inLanguage":"en-US","potentialAction":[{"@type":"ReadAction","target":["https:\/\/testim-mallorca.com\/en\/producto\/techai\/"]}]},{"@type":"ImageObject","inLanguage":"en-US","@id":"https:\/\/testim-mallorca.com\/en\/producto\/techai\/#primaryimage","url":"https:\/\/testim-mallorca.com\/wp-content\/uploads\/2025\/12\/Mallorca-SERENA-Te-Chai-scaled.jpg","contentUrl":"https:\/\/testim-mallorca.com\/wp-content\/uploads\/2025\/12\/Mallorca-SERENA-Te-Chai-scaled.jpg","width":1990,"height":2560,"caption":"OLYMPUS DIGITAL CAMERA"},{"@type":"BreadcrumbList","@id":"https:\/\/testim-mallorca.com\/en\/producto\/techai\/#breadcrumb","itemListElement":[{"@type":"ListItem","position":1,"name":"Portada","item":"https:\/\/testim-mallorca.com\/en\/"},{"@type":"ListItem","position":2,"name":"Shop","item":"https:\/\/testim-mallorca.com\/tienda\/"},{"@type":"ListItem","position":3,"name":"T\u00c9CHAI"}]},{"@type":"WebSite","@id":"https:\/\/testim-mallorca.com\/#website","url":"https:\/\/testim-mallorca.com\/","name":"T&#039;Estim","description":"Infusions i tes ecol\u00f2gics de Mallorca","publisher":{"@id":"https:\/\/testim-mallorca.com\/#organization"},"potentialAction":[{"@type":"SearchAction","target":{"@type":"EntryPoint","urlTemplate":"https:\/\/testim-mallorca.com\/?s={search_term_string}"},"query-input":"required name=search_term_string"}],"inLanguage":"en-US"},{"@type":"Organization","@id":"https:\/\/testim-mallorca.com\/#organization","name":"T'Estim Mallorca","url":"https:\/\/testim-mallorca.com\/","logo":{"@type":"ImageObject","inLanguage":"en-US","@id":"https:\/\/testim-mallorca.com\/#\/schema\/logo\/image\/","url":"https:\/\/testim-mallorca.com\/wp-content\/uploads\/2022\/06\/Logo-testim-web-new.png","contentUrl":"https:\/\/testim-mallorca.com\/wp-content\/uploads\/2022\/06\/Logo-testim-web-new.png","width":500,"height":173,"caption":"T'Estim Mallorca"},"image":{"@id":"https:\/\/testim-mallorca.com\/#\/schema\/logo\/image\/"},"sameAs":["https:\/\/www.facebook.com\/testimmallorca\/","https:\/\/x.com\/testim_mallorca","https:\/\/www.instagram.com\/testim_mallorca_\/","https:\/\/www.linkedin.com\/company\/testim-mallorca\/about\/"]}]}},"_links":{"self":[{"href":"https:\/\/testim-mallorca.com\/en\/wp-json\/wp\/v2\/product\/9677"}],"collection":[{"href":"https:\/\/testim-mallorca.com\/en\/wp-json\/wp\/v2\/product"}],"about":[{"href":"https:\/\/testim-mallorca.com\/en\/wp-json\/wp\/v2\/types\/product"}],"replies":[{"embeddable":true,"href":"https:\/\/testim-mallorca.com\/en\/wp-json\/wp\/v2\/comments?post=9677"}],"wp:featuredmedia":[{"embeddable":true,"href":"https:\/\/testim-mallorca.com\/en\/wp-json\/wp\/v2\/media\/9680"}],"wp:attachment":[{"href":"https:\/\/testim-mallorca.com\/en\/wp-json\/wp\/v2\/media?parent=9677"}],"wp:term":[{"taxonomy":"product_cat","embeddable":true,"href":"https:\/\/testim-mallorca.com\/en\/wp-json\/wp\/v2\/product_cat?post=9677"},{"taxonomy":"product_tag","embeddable":true,"href":"https:\/\/testim-mallorca.com\/en\/wp-json\/wp\/v2\/product_tag?post=9677"}],"curies":[{"name":"wp","href":"https:\/\/api.w.org\/{rel}","templated":true}]}}